{"id":5050,"date":"2021-03-23T15:47:20","date_gmt":"2021-03-23T14:47:20","guid":{"rendered":"https:\/\/www.np-aldefeanen.nl\/zeearend\/"},"modified":"2021-11-01T14:31:09","modified_gmt":"2021-11-01T13:31:09","slug":"zeearend","status":"publish","type":"page","link":"https:\/\/www.np-aldefeanen.nl\/de\/zeearend\/","title":{"rendered":"Seeadler"},"content":{"rendered":"<p>\u201eFliegende T\u00fcr\u201c ist der Spitzname des Wei\u00dfkopfseeadlers. Bei einer Fl\u00fcgelspannweite von teilweise 2,5 Metern ist das nicht verwunderlich. Lange Zeit war er nur ein seltener Wintergast in den Niederlanden, aber heute br\u00fctet er sogar in den Niederlanden. 2006 gab es einen ersten Zuchterfolg in den Oostvaardersplassen. Seitdem wurden mehrere Junge geboren, die in andere Gebiete gezogen sind. Im Jahr 2020 wurden in den Niederlanden 18 Brutpaare gez\u00e4hlt. 2017 nistete zum ersten Mal ein junges Paar im Nationalpark De Alde Feanen. Auf seiner Speisekarte stehen haupts\u00e4chlich Fisch und Wasserv\u00f6gel. Daran mangelt es im wasserreichen Naturschutzgebiet De Alde Feanen nicht.<\/p>\n<p><strong>Erkennung<br \/>\n<\/strong>Der Seeadler ist der gr\u00f6\u00dfte Greifvogel der Niederlande mit breiten, gefingerten Fl\u00fcgeln. Erwachsene V\u00f6gel haben einen wei\u00dfen Schwanz, einen helleren Kopf und einen gro\u00dfen gelben Schnabel. Junge Seeadler sind an ihrem dunkelbraunen K\u00f6rper mit hellen Flecken zu erkennen. Wenn sie \u00e4lter werden, wird der Schwanz wei\u00df. Die Jungen haben auch einen schmalen hellen Streifen an den Unterfl\u00fcgeln und der Schnabel ist dunkler gef\u00e4rbt.<\/p>\n<p><em>Wussten Sie, dass ein Wei\u00dfkopfseeadler eine L\u00e4nge von 70 bis 92 cm, eine Fl\u00fcgelspannweite von 200 bis 250 cm hat und 3,1 bis 7,5 kg wiegen kann? <\/em><\/p>\n<figure id=\"attachment_4622\" aria-describedby=\"caption-attachment-4622\" style=\"width: 800px\" class=\"wp-caption alignnone\"><img fetchpriority=\"high\" decoding=\"async\" class=\"wp-image-4622 size-content-width\" src=\"https:\/\/www.np-aldefeanen.nl\/wp-content\/uploads\/zeearenddig37.jpg\" alt=\"\" width=\"800\" height=\"356\" \/><figcaption id=\"caption-attachment-4622\" class=\"wp-caption-text\">Foto: Hans Pietersma<\/figcaption><\/figure>\n<p><strong>Lebensraum<br \/>\n<\/strong>Wichtig f\u00fcr den Lebensraum des Seeadlers ist die Kombination aus gro\u00dfen, robusten Nistb\u00e4umen und einem Feuchtgebiet. Im Winter sind sie oft in den gleichen Gebieten, kommen aber auch in gro\u00dfen Heide- und Hochmoorgebieten oder ausgedehnten Feldern vor. Unterwegs ist der Wei\u00dfkopfseeadler \u00fcber W\u00e4ldern und St\u00e4dten zu sehen. Auch oberhalb von Leeuwarden wurden sie mehrfach gesichtet.<\/p>\n<p><strong>Das Nest<br \/>\n<\/strong>Seeadler bauen sehr gro\u00dfe Nester, die oft jahrelang vom gleichen Paar genutzt werden. Ein Nest kann bis zu 600 Kilo wiegen, weil die V\u00f6gel es oft jahrelang nutzen. Ein solches mit Gras und Moos bedecktes Nest kann 2 Meter breit und 2 Meter hoch sein. Sie bauen die Nester oft in der Spitze eines Baumes. In Gebieten, in denen es keine B\u00e4ume gibt, bauen sie die Nester an Felsw\u00e4nden oder auf dem Boden. Das Nest ist immer in der N\u00e4he von Wasser.<\/p>\n<p>Der Seeadler hat viermal erfolgreich im Nationalpark De Alde Feanen genistet, aber wir haben ihn noch nie gesehen. Bis letzte Saison! Die m\u00e4chtigen Greifv\u00f6gel zeigten sich in diesem Jahr f\u00fcr unsere Nestcam. Herrlich! Zwei Eier wurden erfolgreich ausgebr\u00fctet und wir hatten wochenlang zwei Wei\u00dfkopfseeadler-K\u00fcken. Das Leben am und um das Nest sorgte regelm\u00e4\u00dfig f\u00fcr \u00dcberraschungen! Sehen und lesen Sie hier die Clips und Blogs der vergangenen Saison. So k\u00f6nnen Sie sich alle Highlights noch einmal ansehen.<\/p>\n<p><em>Wussten Sie, dass ein Seeadler 38 Tage lang ein Ei bebr\u00fctet und die Jungen nach 70-90 Tagen fl\u00fcgge werden?<\/em><\/p>\n<p><strong>Junge im NP De Alde Feanen<br \/>\n<\/strong>Im Jahr 2017 hatte das Seeadlerpaar im NP De Alde Feanen 1 Junges. Sie haben sie ein Jahr lang gef\u00fcttert. Ein Jahr sp\u00e4ter bekamen sie 2 Junge und im folgenden Jahr wieder 1 Junge. 2018 organisierte It Fryske Gea einen Namenswettbewerb f\u00fcr einen jungen Wei\u00dfkopfseeadler. Der Gewinnername ist Sipi geworden!<\/p>\n<figure id=\"attachment_4619\" aria-describedby=\"caption-attachment-4619\" style=\"width: 800px\" class=\"wp-caption alignnone\"><img decoding=\"async\" class=\"wp-image-4619 size-content-width\" src=\"https:\/\/www.np-aldefeanen.nl\/wp-content\/uploads\/2020_05_20_Alde_Feanen_Zeearend_230_Web-Albert-Eggens.jpg\" alt=\"\" width=\"800\" height=\"310\" \/><figcaption id=\"caption-attachment-4619\" class=\"wp-caption-text\">Zeearenden in De Alde Feanen, foto: Albert Eggens<\/figcaption><\/figure>\n<p><em>Wussten Sie, dass ein Wei\u00dfkopfseeadler 20 Jahre alt werden kann?<\/em><\/p>\n","protected":false},"excerpt":{"rendered":"<p>\u201eFliegende T\u00fcr\u201c ist der Spitzname des Wei\u00dfkopfseeadlers. Bei einer Fl\u00fcgelspannweite von teilweise 2,5 Metern ist das nicht verwunderlich. Lange Zeit war er nur ein seltener Wintergast in den Niederlanden, aber heute br\u00fctet er sogar in den Niederlanden. 2006 gab es einen ersten Zuchterfolg in den Oostvaardersplassen. Seitdem wurden mehrere Junge geboren, die in andere Gebiete [&hellip;]<\/p>\n","protected":false},"author":11,"featured_media":0,"parent":0,"menu_order":0,"comment_status":"closed","ping_status":"closed","template":"","meta":{"footnotes":""},"class_list":["post-5050","page","type-page","status-publish","hentry"],"_links":{"self":[{"href":"https:\/\/www.np-aldefeanen.nl\/de\/wp-json\/wp\/v2\/pages\/5050","targetHints":{"allow":["GET"]}}],"collection":[{"href":"https:\/\/www.np-aldefeanen.nl\/de\/wp-json\/wp\/v2\/pages"}],"about":[{"href":"https:\/\/www.np-aldefeanen.nl\/de\/wp-json\/wp\/v2\/types\/page"}],"author":[{"embeddable":true,"href":"https:\/\/www.np-aldefeanen.nl\/de\/wp-json\/wp\/v2\/users\/11"}],"replies":[{"embeddable":true,"href":"https:\/\/www.np-aldefeanen.nl\/de\/wp-json\/wp\/v2\/comments?post=5050"}],"version-history":[{"count":0,"href":"https:\/\/www.np-aldefeanen.nl\/de\/wp-json\/wp\/v2\/pages\/5050\/revisions"}],"wp:attachment":[{"href":"https:\/\/www.np-aldefeanen.nl\/de\/wp-json\/wp\/v2\/media?parent=5050"}],"curies":[{"name":"wp","href":"https:\/\/api.w.org\/{rel}","templated":true}]}}