{"id":3888,"date":"2019-04-10T15:24:13","date_gmt":"2019-04-10T13:24:13","guid":{"rendered":"https:\/\/www.np-aldefeanen.nl\/?page_id=3888"},"modified":"2026-03-12T16:32:54","modified_gmt":"2026-03-12T15:32:54","slug":"auf-der-suche-nach-den-big-five","status":"publish","type":"page","link":"https:\/\/www.np-aldefeanen.nl\/de\/ueber-den-park\/auf-der-suche-nach-den-big-five\/","title":{"rendered":"Auf der Suche nach den \u201eBig Five\u201c"},"content":{"rendered":"\t\t<div data-elementor-type=\"wp-page\" data-elementor-id=\"3888\" class=\"elementor elementor-3888 elementor-3684\" data-elementor-post-type=\"page\">\n\t\t\t\t<div class=\"elementor-element elementor-element-3caa87a6 e-flex e-con-boxed e-con e-parent\" data-id=\"3caa87a6\" data-element_type=\"container\" data-e-type=\"container\" data-settings=\"{&quot;jet_parallax_layout_list&quot;:[]}\">\n\t\t\t\t\t<div class=\"e-con-inner\">\n\t\t\t\t<div class=\"elementor-element elementor-element-37b9c09f elementor-widget elementor-widget-heading\" data-id=\"37b9c09f\" data-element_type=\"widget\" data-e-type=\"widget\" data-widget_type=\"heading.default\">\n\t\t\t\t\t<h2 class=\"elementor-heading-title elementor-size-default\">Die Big Five von De Alde Feanen<\/h2>\t\t\t\t<\/div>\n\t\t\t\t<div class=\"elementor-element elementor-element-4924a9d9 elementor-widget elementor-widget-text-editor\" data-id=\"4924a9d9\" data-element_type=\"widget\" data-e-type=\"widget\" data-widget_type=\"text-editor.default\">\n\t\t\t\t\t\t\t\t\t<p><strong>Je hoeft niet ver te reizen voor een bijzondere wildlife-ervaring. In Nationaal Park De Alde Feanen leeft een indrukwekkende selectie dieren die samen de \u201cBig Five\u201d van het gebied vormen. Trek eropuit en ontdek deze iconische bewoners in hun natuurlijke omgeving.  <\/strong><\/p>\t\t\t\t\t\t\t\t<\/div>\n\t\t\t\t<div class=\"elementor-element elementor-element-ba60165 elementor-widget elementor-widget-text-editor\" data-id=\"ba60165\" data-element_type=\"widget\" data-e-type=\"widget\" data-widget_type=\"text-editor.default\">\n\t\t\t\t\t\t\t\t\t<p>W\u00e4hrend einer Wanderung, Fahrradtour oder Bootsfahrt kannst du mit etwas Gl\u00fcck einer dieser besonderen Arten begegnen. Schau dich gut um, lausche den Ger\u00e4uschen der Natur und lass dich von der reichen Tierwelt von De Alde Feanen \u00fcberraschen. Vielleicht entdeckst du ja einen \u2013 oder sogar mehrere \u2013 der Big Five!  <\/p>\t\t\t\t\t\t\t\t<\/div>\n\t\t\t\t\t<\/div>\n\t\t\t\t<\/div>\n\t\t<div class=\"elementor-element elementor-element-7ca2c52 e-flex e-con-boxed e-con e-parent\" data-id=\"7ca2c52\" data-element_type=\"container\" data-e-type=\"container\" data-settings=\"{&quot;jet_parallax_layout_list&quot;:[]}\">\n\t\t\t\t\t<div class=\"e-con-inner\">\n\t\t\t\t<div class=\"elementor-element elementor-element-06bfa99 elementor-widget elementor-widget-heading\" data-id=\"06bfa99\" data-element_type=\"widget\" data-e-type=\"widget\" data-widget_type=\"heading.default\">\n\t\t\t\t\t<h2 class=\"elementor-heading-title elementor-size-default\">Seeadler<\/h2>\t\t\t\t<\/div>\n\t\t\t\t<div class=\"elementor-element elementor-element-0f36539 elementor-widget elementor-widget-text-editor\" data-id=\"0f36539\" data-element_type=\"widget\" data-e-type=\"widget\" data-widget_type=\"text-editor.default\">\n\t\t\t\t\t\t\t\t\t<p><span style=\"font-weight: 400;\">Dieser imposante Greifvogel br\u00fctet seit einigen Jahren am Rand des Nationalparks De Alde Feanen. Siehst du pl\u00f6tzlich Unruhe unter Enten und G\u00e4nsen? Dann ist die Chance gro\u00df, dass ein Seeadler in der N\u00e4he ist.  <\/span><\/p><ul><li> Der Seeadler wird auch \u201efliegende T\u00fcr\u201c genannt \u2013 wegen seiner enormen Fl\u00fcgelspannweite von bis zu 2,40 Metern und seiner breiten Fl\u00fcgel.<\/li><li><span style=\"font-weight: 400;\"> Seeadler werden erst nach etwa f\u00fcnf Jahren geschlechtsreif und k\u00f6nnen mehrere Jahrzehnte alt werden.<\/span><\/li><li><span style=\"font-weight: 400;\"> Sie ern\u00e4hren sich vor allem von Fischen, Wasserv\u00f6geln und Aas.<\/span><\/li><\/ul>\t\t\t\t\t\t\t\t<\/div>\n\t\t\t\t\t<\/div>\n\t\t\t\t<\/div>\n\t\t<div class=\"elementor-element elementor-element-7400c589 e-flex e-con-boxed e-con e-parent\" data-id=\"7400c589\" data-element_type=\"container\" data-e-type=\"container\" data-settings=\"{&quot;jet_parallax_layout_list&quot;:[]}\">\n\t\t\t\t\t<div class=\"e-con-inner\">\n\t\t<div class=\"elementor-element elementor-element-47818b3a e-grid e-con-full e-con e-child\" data-id=\"47818b3a\" data-element_type=\"container\" data-e-type=\"container\" data-settings=\"{&quot;jet_parallax_layout_list&quot;:[]}\">\n\t\t\t\t<div class=\"elementor-element elementor-element-7df0d852 elementor-widget elementor-widget-image\" data-id=\"7df0d852\" data-element_type=\"widget\" data-e-type=\"widget\" data-widget_type=\"image.default\">\n\t\t\t\t\t\t\t\t\t\t\t\t\t\t\t<img fetchpriority=\"high\" decoding=\"async\" width=\"620\" height=\"407\" src=\"https:\/\/www.np-aldefeanen.nl\/wp-content\/uploads\/NP.jpg\" class=\"attachment-1536x1536 size-1536x1536 wp-image-3554\" alt=\"Reh\" srcset=\"https:\/\/www.np-aldefeanen.nl\/wp-content\/uploads\/NP.jpg 620w, https:\/\/www.np-aldefeanen.nl\/wp-content\/uploads\/NP-320x210.jpg 320w\" sizes=\"(max-width: 620px) 100vw, 620px\" \/>\t\t\t\t\t\t\t\t\t\t\t\t\t\t\t<\/div>\n\t\t<div class=\"elementor-element elementor-element-2a177746 e-con-full e-flex e-con e-child\" data-id=\"2a177746\" data-element_type=\"container\" data-e-type=\"container\" data-settings=\"{&quot;background_background&quot;:&quot;classic&quot;,&quot;jet_parallax_layout_list&quot;:[]}\">\n\t\t\t\t<div class=\"elementor-element elementor-element-55f04b6f elementor-widget elementor-widget-heading\" data-id=\"55f04b6f\" data-element_type=\"widget\" data-e-type=\"widget\" data-widget_type=\"heading.default\">\n\t\t\t\t\t<h2 class=\"elementor-heading-title elementor-size-default\">Reh<\/h2>\t\t\t\t<\/div>\n\t\t\t\t<div class=\"elementor-element elementor-element-1de8ea8f elementor-widget elementor-widget-text-editor\" data-id=\"1de8ea8f\" data-element_type=\"widget\" data-e-type=\"widget\" data-widget_type=\"text-editor.default\">\n\t\t\t\t\t\t\t\t\t<p><span style=\"font-weight: 400;\">Das Reh ist das gr\u00f6\u00dfte S\u00e4ugetier in De Alde Feanen. Tags\u00fcber halten sich die Tiere meist im Schutz der Vegetation auf. Besonders fr\u00fch am Morgen und am Abend kann man sie jedoch oft auf den Wiesen beobachten. <\/span><\/p><ul><li><span style=\"font-weight: 400;\"> Rehe sind ausgezeichnete Schwimmer.<\/span><\/li><li><span style=\"font-weight: 400;\"> In De Alde Feanen leben etwa 200 Rehe.<\/span><\/li><li><span style=\"font-weight: 400;\"> Nur die M\u00e4nnchen (B\u00f6cke) tragen ein Geweih.<\/span><\/li><\/ul>\t\t\t\t\t\t\t\t<\/div>\n\t\t\t\t<\/div>\n\t\t\t\t<\/div>\n\t\t\t\t\t<\/div>\n\t\t\t\t<\/div>\n\t\t<div class=\"elementor-element elementor-element-e71256c e-flex e-con-boxed e-con e-parent\" data-id=\"e71256c\" data-element_type=\"container\" data-e-type=\"container\" data-settings=\"{&quot;jet_parallax_layout_list&quot;:[]}\">\n\t\t\t\t\t<div class=\"e-con-inner\">\n\t\t\t\t<div class=\"elementor-element elementor-element-b301801 elementor-widget elementor-widget-heading\" data-id=\"b301801\" data-element_type=\"widget\" data-e-type=\"widget\" data-widget_type=\"heading.default\">\n\t\t\t\t\t<h2 class=\"elementor-heading-title elementor-size-default\">Rohrdommel<\/h2>\t\t\t\t<\/div>\n\t\t\t\t<div class=\"elementor-element elementor-element-c3c9441 elementor-widget elementor-widget-text-editor\" data-id=\"c3c9441\" data-element_type=\"widget\" data-e-type=\"widget\" data-widget_type=\"text-editor.default\">\n\t\t\t\t\t\t\t\t\t<p><span style=\"font-weight: 400;\">Diese seltene reiherartige Vogelart lebt vor allem verborgen in den Schilffeldern. Sie ern\u00e4hrt sich haupts\u00e4chlich von Fischen, M\u00e4usen und gro\u00dfen Insekten. <\/span><\/p><ul><li><span style=\"font-weight: 400;\"> Die Rohrdommel ist ein Meister der Tarnung. Bei Gefahr streckt sie den Hals nach oben und verharrt regungslos \u2013 so verschmilzt sie mit dem Schilf. <\/span><\/li><li><span style=\"font-weight: 400;\"> H\u00f6rst du im Fr\u00fchjahr ein Ger\u00e4usch wie ein Nebelhorn aus dem Schilf? Dann ist das wahrscheinlich der Ruf der Rohrdommel. <\/span><\/li><\/ul>\t\t\t\t\t\t\t\t<\/div>\n\t\t\t\t\t<\/div>\n\t\t\t\t<\/div>\n\t\t<div class=\"elementor-element elementor-element-68426bf e-flex e-con-boxed e-con e-parent\" data-id=\"68426bf\" data-element_type=\"container\" data-e-type=\"container\" data-settings=\"{&quot;jet_parallax_layout_list&quot;:[]}\">\n\t\t\t\t\t<div class=\"e-con-inner\">\n\t\t\t\t<div class=\"elementor-element elementor-element-007ac13 elementor-widget elementor-widget-heading\" data-id=\"007ac13\" data-element_type=\"widget\" data-e-type=\"widget\" data-widget_type=\"heading.default\">\n\t\t\t\t\t<h2 class=\"elementor-heading-title elementor-size-default\">Kormoran<\/h2>\t\t\t\t<\/div>\n\t\t\t\t<div class=\"elementor-element elementor-element-ce5c899 elementor-widget elementor-widget-text-editor\" data-id=\"ce5c899\" data-element_type=\"widget\" data-e-type=\"widget\" data-widget_type=\"text-editor.default\">\n\t\t\t\t\t\t\t\t\t<p><span style=\"font-weight: 400;\">Der Kormoran ist das ganze Jahr \u00fcber h\u00e4ufig in diesem Gebiet zu sehen und jagt vor allem unter Wasser nach Fischen. <\/span><\/p><ul><li><span style=\"font-weight: 400;\"> In den B\u00e4umen bei der Grutte Krite br\u00fcten jedes Jahr hunderte Kormorane.<\/span><\/li><li><span style=\"font-weight: 400;\"> Kormorane k\u00f6nnen bis zu 30 Meter tief tauchen.<\/span><\/li><li><span style=\"font-weight: 400;\"> Beim Tauchen saugen sich ihre Federn mit Wasser voll. Deshalb sieht man sie oft mit ausgebreiteten Fl\u00fcgeln, um ihr Gefieder zu trocknen.  <\/span><\/li><\/ul>\t\t\t\t\t\t\t\t<\/div>\n\t\t\t\t\t<\/div>\n\t\t\t\t<\/div>\n\t\t<div class=\"elementor-element elementor-element-11dcb3c4 e-flex e-con-boxed e-con e-parent\" data-id=\"11dcb3c4\" data-element_type=\"container\" data-e-type=\"container\" data-settings=\"{&quot;jet_parallax_layout_list&quot;:[]}\">\n\t\t\t\t\t<div class=\"e-con-inner\">\n\t\t<div class=\"elementor-element elementor-element-15d2265e e-grid e-con-full e-con e-child\" data-id=\"15d2265e\" data-element_type=\"container\" data-e-type=\"container\" data-settings=\"{&quot;jet_parallax_layout_list&quot;:[]}\">\n\t\t\t\t<div class=\"elementor-element elementor-element-35722771 elementor-widget elementor-widget-image\" data-id=\"35722771\" data-element_type=\"widget\" data-e-type=\"widget\" data-widget_type=\"image.default\">\n\t\t\t\t\t\t\t\t\t\t\t\t\t\t\t<img decoding=\"async\" width=\"800\" height=\"354\" src=\"https:\/\/www.np-aldefeanen.nl\/wp-content\/uploads\/earnewald-ooievaar-e1578644447152-960x425.jpg\" class=\"attachment-large size-large wp-image-3687\" alt=\"ooievaar bij Earnew\u00e2ld\" srcset=\"https:\/\/www.np-aldefeanen.nl\/wp-content\/uploads\/earnewald-ooievaar-e1578644447152-960x425.jpg 960w, https:\/\/www.np-aldefeanen.nl\/wp-content\/uploads\/earnewald-ooievaar-e1578644447152-320x142.jpg 320w, https:\/\/www.np-aldefeanen.nl\/wp-content\/uploads\/earnewald-ooievaar-e1578644447152-800x354.jpg 800w, https:\/\/www.np-aldefeanen.nl\/wp-content\/uploads\/earnewald-ooievaar-e1578644447152-768x340.jpg 768w\" sizes=\"(max-width: 800px) 100vw, 800px\" \/>\t\t\t\t\t\t\t\t\t\t\t\t\t\t\t<\/div>\n\t\t<div class=\"elementor-element elementor-element-6c7f28d5 e-con-full e-flex e-con e-child\" data-id=\"6c7f28d5\" data-element_type=\"container\" data-e-type=\"container\" data-settings=\"{&quot;background_background&quot;:&quot;classic&quot;,&quot;jet_parallax_layout_list&quot;:[]}\">\n\t\t\t\t<div class=\"elementor-element elementor-element-516ad47a elementor-widget elementor-widget-heading\" data-id=\"516ad47a\" data-element_type=\"widget\" data-e-type=\"widget\" data-widget_type=\"heading.default\">\n\t\t\t\t\t<h2 class=\"elementor-heading-title elementor-size-default\">Storch<\/h2>\t\t\t\t<\/div>\n\t\t\t\t<div class=\"elementor-element elementor-element-377d041b elementor-widget elementor-widget-text-editor\" data-id=\"377d041b\" data-element_type=\"widget\" data-e-type=\"widget\" data-widget_type=\"text-editor.default\">\n\t\t\t\t\t\t\t\t\t<p>Der Wei\u00dfstorch ist ein auff\u00e4lliger Vogel, der in und um De Alde Feanen h\u00e4ufig zu sehen ist.<\/p><ul><li><span style=\"font-weight: 400;\"> Der Storch gilt als Gl\u00fccksbringer (und Babybringer!).<\/span><\/li><li><span style=\"font-weight: 400;\"> In den Niederlanden war er fast ausgestorben, wurde aber durch Wiederansiedlungsprogramme erfolgreich zur\u00fcckgebracht.<\/span><\/li><li><span style=\"font-weight: 400;\"> Seine Fl\u00fcgelspannweite kann bis zu 2,20 Meter erreichen.<\/span><\/li><\/ul><p>Foto: Marcel van Kammen<\/p>\t\t\t\t\t\t\t\t<\/div>\n\t\t\t\t<\/div>\n\t\t\t\t<\/div>\n\t\t\t\t\t<\/div>\n\t\t\t\t<\/div>\n\t\t\t\t<\/div>\n\t\t","protected":false},"excerpt":{"rendered":"<p>Die Big Five von De Alde Feanen Je hoeft niet ver te reizen voor een bijzondere wildlife-ervaring. In Nationaal Park De Alde Feanen leeft een indrukwekkende selectie dieren die samen de \u201cBig Five\u201d van het gebied vormen. Trek eropuit en ontdek deze iconische bewoners in hun natuurlijke omgeving. W\u00e4hrend einer Wanderung, Fahrradtour oder Bootsfahrt kannst [&hellip;]<\/p>\n","protected":false},"author":8,"featured_media":9378,"parent":145,"menu_order":4,"comment_status":"closed","ping_status":"closed","template":"elementor_header_footer","meta":{"footnotes":""},"class_list":["post-3888","page","type-page","status-publish","has-post-thumbnail","hentry"],"_links":{"self":[{"href":"https:\/\/www.np-aldefeanen.nl\/de\/wp-json\/wp\/v2\/pages\/3888","targetHints":{"allow":["GET"]}}],"collection":[{"href":"https:\/\/www.np-aldefeanen.nl\/de\/wp-json\/wp\/v2\/pages"}],"about":[{"href":"https:\/\/www.np-aldefeanen.nl\/de\/wp-json\/wp\/v2\/types\/page"}],"author":[{"embeddable":true,"href":"https:\/\/www.np-aldefeanen.nl\/de\/wp-json\/wp\/v2\/users\/8"}],"replies":[{"embeddable":true,"href":"https:\/\/www.np-aldefeanen.nl\/de\/wp-json\/wp\/v2\/comments?post=3888"}],"version-history":[{"count":0,"href":"https:\/\/www.np-aldefeanen.nl\/de\/wp-json\/wp\/v2\/pages\/3888\/revisions"}],"up":[{"embeddable":true,"href":"https:\/\/www.np-aldefeanen.nl\/de\/wp-json\/wp\/v2\/pages\/145"}],"wp:featuredmedia":[{"embeddable":true,"href":"https:\/\/www.np-aldefeanen.nl\/de\/wp-json\/wp\/v2\/media\/9378"}],"wp:attachment":[{"href":"https:\/\/www.np-aldefeanen.nl\/de\/wp-json\/wp\/v2\/media?parent=3888"}],"curies":[{"name":"wp","href":"https:\/\/api.w.org\/{rel}","templated":true}]}}