{"id":332,"date":"2018-01-24T14:49:35","date_gmt":"2018-01-24T13:49:35","guid":{"rendered":"https:\/\/www.np-aldefeanen.nl\/?page_id=332"},"modified":"2025-01-28T15:45:54","modified_gmt":"2025-01-28T14:45:54","slug":"besucherzentrum","status":"publish","type":"page","link":"https:\/\/www.np-aldefeanen.nl\/de\/entdecke\/besucherzentrum\/","title":{"rendered":"Das Besucherzentrum"},"content":{"rendered":"<h2>Besucherzentrum Nationalpark De Alde Feanen<\/h2>\n<h4><strong>Das Besucherzentrum ist der ideale Ausgangspunkt f\u00fcr Ihre Erkundungstour durch den Nationalpark De Alde Feanen. Am Informationsschalter erhalten Sie alle Karten f\u00fcr Ausfl\u00fcge zu Fu\u00df oder mit dem Rad sowie f\u00fcr Kanu- und Bootstouren. F\u00fcr Kinder kann Material entliehen werden, das diesen kleinen Forscher interessante Aufgaben stellt. So k\u00f6nnen sie die Umgebung auf spannende Art und Weise erkunden. Bei der Information gibt es auch einen kleinen Shop, in dem Besucher B\u00fccher p\u00e4dagogisches Material und tolle Dinge zum Spielen und Lernen kaufen k\u00f6nnen.<\/strong><\/h4>\n<hr \/>\n<p>Dar\u00fcber hinaus f\u00fchrt das Besucherzentrum die G\u00e4ste auf interaktive Art und Weise an den Nationalpark heran. Die Ausstellung ist ein Erlebnis f\u00fcr alle Sinne und zeigt Wissenswertes \u00fcber die Entstehungsgeschichte, die Flora und Fauna sowie die Instandhaltung und die M\u00f6glichkeiten f\u00fcr Erholungssuchende des Naturschutzgebietes. Im Mitmach- und Erlebnisgarten k\u00f6nnen Kinder nach Herzenslust spielen und forschen.<\/p>\n<p><span style=\"font-size: revert; color: initial;\">Service f\u00fcr E-Bike-Fahrer: Das Besucherzentrum verf\u00fcgt \u00fcber eine Aufladestation!<\/span><\/p>\n<h2>Adresse<\/h2>\n<p>Informatiepunt Nationaal Park De Alde Feanen<br \/>Wiidswei 32<br \/>9264TM Earnew\u00e2ld<br \/>+31 (0)511- 53 96 18<br \/><a href=\"mailto:bcdealdefeanen@itfryskegea.nl\" target=\"_blank\" rel=\"noopener noreferrer\">bcdealdefeanen@itfryskegea.nl<\/a><\/p>\n<h2>\u00d6ffnungszeiten 2025<\/h2>\n<p><strong><em>Fr\u00fchlingsferien\u00a0<\/em><\/strong><br \/>Samstag 15 Februar 10:00 \u2013 16:00 Uhr<br \/>Sonntag 16 Februar 10:00 \u2013 16:00 Uhr<br \/>Mittwoch 19 Februar 10:00 \u2013 16:00 Uhr<br \/>Donnerstag 20 Februar 10:00 \u2013 16:00 Uhr<br \/>Freitag 21 Februar 10:00 &#8211; 16:00 Uhr<\/p>\n<p><strong><em>April<\/em><\/strong><br \/>Mittwoch bis Freitag 10:00 \u2013 16:00 Uhr<\/p>\n<p><strong><em>Feiertag im Mai <\/em><\/strong><br \/>Samstag 26 April 10:00 \u2013 16:00 Uhr<br \/>Sonntag 27 April 10:00 \u2013 16:00 Uhr<br \/>Mittwoch 30 April 10:00 \u2013 16:00 Uhr<br \/>Donnerstag 1 Mai 10:00 \u2013 16:00 Uhr<br \/>Freitag 2 Mai 10:00 \u2013 16:00 Uhr<br \/>Samstag 3 Mai 10:00 \u2013 16:00 Uhr<br \/>Sonntag 4 Mai 10:00 \u2013 16:00 Uhr<\/p>\n<p><strong><em>Mai bis September\u00a0<\/em><\/strong><br \/>Mittwoch bis Sonntag 10:00 -16:00 Uhr<\/p>\n<p><strong><em>Herbstferien<br \/><\/em><\/strong>Samstag 18 Oktober 10:00 -16:00 Uhr<br \/>Sonntag 19 Oktober 10:00 -16:00 Uhr<br \/>Mittwoch 22 Oktober 10:00 -16:00 Uhr<br \/>Donnerstag 23 Oktober 10:00 -16:00 Uhr<br \/>Freitag 24 Oktober 10:00 \u2013 16:00 Uhr<\/p>\n<p><strong><em>Weinachtsferien\u00a0<\/em><\/strong><br \/>Samstag 20 Dezember 10:00 \u2013 16:00 Uhr<br \/>Sonntag 21 Dezember 10:00 \u2013 16:00 Uhr<br \/>Mittwoch 24 Dezember 10:00 \u2013 16:00 Uhr<br \/>Samstag 27 Dezember 10:00 \u2013 16:00 Uhr<br \/>Sonntag 28 Dezember 10:00 \u2013 16:00 Uhr<br \/>Freitag 2 Januar 10:00- 16:00 Uhr<\/p>\n<p><img fetchpriority=\"high\" decoding=\"async\" class=\"size-content-width wp-image-1881\" src=\"https:\/\/www.np-aldefeanen.nl\/wp-content\/uploads\/wandelen-NP-De_Alde_Feanen-72.jpg\" alt=\"\" width=\"800\" height=\"404\" srcset=\"https:\/\/www.np-aldefeanen.nl\/wp-content\/uploads\/wandelen-NP-De_Alde_Feanen-72.jpg 3950w, https:\/\/www.np-aldefeanen.nl\/wp-content\/uploads\/wandelen-NP-De_Alde_Feanen-72-320x161.jpg 320w, https:\/\/www.np-aldefeanen.nl\/wp-content\/uploads\/wandelen-NP-De_Alde_Feanen-72-960x484.jpg 960w, https:\/\/www.np-aldefeanen.nl\/wp-content\/uploads\/wandelen-NP-De_Alde_Feanen-72-800x404.jpg 800w\" sizes=\"(max-width: 800px) 100vw, 800px\" \/><\/p>\n\n\n<p><strong>Lancaster Ausstellung<\/strong><\/p>\n\n\n\n<p>Besuchen Sie die Ausstellung <strong>\u201eBer\u00fchrt\u201c<\/strong>, in der Sie durch faszinierende Tonaufnahmen, Bildmaterial und eine bewegende Zeitleiste in eine schicksalhafte Nacht versetzt werden. Die Lancaster Ausstellung wird ab <strong>April 2024<\/strong> im Besucherzentrum des <strong>NP De Alde Feanen<\/strong> wieder ge\u00f6ffnet.<\/p>\n\n\n\n<p><strong>Adresse der Ausstellung<\/strong><\/p>\n\n\n\n<p>Lancaster Ausstellungsraum<br>De Stripe 12, Earnew\u00e2ld<\/p>\n\n\n\n<p>Die \u00d6ffnungszeiten entsprechen denen des <strong>Sk\u00fbtsjemuseums<\/strong>, die Sie <a href=\"https:\/\/www.skutsjemuseum.nl\/educatief-programma\/openingstijden\" target=\"_blank\" rel=\"noreferrer noopener\">hier<\/a> finden k\u00f6nnen.<\/p>\n\n\n\n<figure class=\"wp-block-image size-full\"><img decoding=\"async\" width=\"1455\" height=\"795\" src=\"https:\/\/www.np-aldefeanen.nl\/wp-content\/uploads\/Schermafbeelding-2023-07-06-094408.png\" alt=\"\" class=\"wp-image-6983\" srcset=\"https:\/\/www.np-aldefeanen.nl\/wp-content\/uploads\/Schermafbeelding-2023-07-06-094408.png 1455w, https:\/\/www.np-aldefeanen.nl\/wp-content\/uploads\/Schermafbeelding-2023-07-06-094408-320x175.png 320w, https:\/\/www.np-aldefeanen.nl\/wp-content\/uploads\/Schermafbeelding-2023-07-06-094408-960x525.png 960w, https:\/\/www.np-aldefeanen.nl\/wp-content\/uploads\/Schermafbeelding-2023-07-06-094408-800x437.png 800w\" sizes=\"(max-width: 1455px) 100vw, 1455px\" \/><\/figure>\n\n\n\n<figure class=\"wp-block-image size-full\"><img decoding=\"async\" width=\"1179\" height=\"1337\" src=\"https:\/\/www.np-aldefeanen.nl\/wp-content\/uploads\/Schermafbeelding-2024-12-19-om-18.19.08.jpeg\" alt=\"\" class=\"wp-image-7784\" srcset=\"https:\/\/www.np-aldefeanen.nl\/wp-content\/uploads\/Schermafbeelding-2024-12-19-om-18.19.08.jpeg 1179w, https:\/\/www.np-aldefeanen.nl\/wp-content\/uploads\/Schermafbeelding-2024-12-19-om-18.19.08-320x363.jpeg 320w, https:\/\/www.np-aldefeanen.nl\/wp-content\/uploads\/Schermafbeelding-2024-12-19-om-18.19.08-847x960.jpeg 847w, https:\/\/www.np-aldefeanen.nl\/wp-content\/uploads\/Schermafbeelding-2024-12-19-om-18.19.08-800x907.jpeg 800w\" sizes=\"(max-width: 1179px) 100vw, 1179px\" \/><\/figure>\n\n\n\n<p><\/p>\n","protected":false},"excerpt":{"rendered":"<p>Besucherzentrum Nationalpark De Alde Feanen Das Besucherzentrum ist der ideale Ausgangspunkt f\u00fcr Ihre Erkundungstour durch den Nationalpark De Alde Feanen. Am Informationsschalter erhalten Sie alle Karten f\u00fcr Ausfl\u00fcge zu Fu\u00df oder mit dem Rad sowie f\u00fcr Kanu- und Bootstouren. F\u00fcr Kinder kann Material entliehen werden, das diesen kleinen Forscher interessante Aufgaben stellt. So k\u00f6nnen sie [&hellip;]<\/p>\n","protected":false},"author":2,"featured_media":6974,"parent":96,"menu_order":0,"comment_status":"closed","ping_status":"closed","template":"","meta":{"footnotes":""},"class_list":["post-332","page","type-page","status-publish","has-post-thumbnail","hentry"],"_links":{"self":[{"href":"https:\/\/www.np-aldefeanen.nl\/de\/wp-json\/wp\/v2\/pages\/332","targetHints":{"allow":["GET"]}}],"collection":[{"href":"https:\/\/www.np-aldefeanen.nl\/de\/wp-json\/wp\/v2\/pages"}],"about":[{"href":"https:\/\/www.np-aldefeanen.nl\/de\/wp-json\/wp\/v2\/types\/page"}],"author":[{"embeddable":true,"href":"https:\/\/www.np-aldefeanen.nl\/de\/wp-json\/wp\/v2\/users\/2"}],"replies":[{"embeddable":true,"href":"https:\/\/www.np-aldefeanen.nl\/de\/wp-json\/wp\/v2\/comments?post=332"}],"version-history":[{"count":0,"href":"https:\/\/www.np-aldefeanen.nl\/de\/wp-json\/wp\/v2\/pages\/332\/revisions"}],"up":[{"embeddable":true,"href":"https:\/\/www.np-aldefeanen.nl\/de\/wp-json\/wp\/v2\/pages\/96"}],"wp:featuredmedia":[{"embeddable":true,"href":"https:\/\/www.np-aldefeanen.nl\/de\/wp-json\/wp\/v2\/media\/6974"}],"wp:attachment":[{"href":"https:\/\/www.np-aldefeanen.nl\/de\/wp-json\/wp\/v2\/media?parent=332"}],"curies":[{"name":"wp","href":"https:\/\/api.w.org\/{rel}","templated":true}]}}