{"id":326,"date":"2018-01-23T16:59:27","date_gmt":"2018-01-23T15:59:27","guid":{"rendered":"https:\/\/www.np-aldefeanen.nl\/?page_id=326"},"modified":"2026-03-10T10:29:47","modified_gmt":"2026-03-10T09:29:47","slug":"gastgeber","status":"publish","type":"page","link":"https:\/\/www.np-aldefeanen.nl\/de\/bildung-gruppen\/gastgeber\/","title":{"rendered":"Gastgeber"},"content":{"rendered":"\t\t<div data-elementor-type=\"wp-page\" data-elementor-id=\"326\" class=\"elementor elementor-326 elementor-324\" data-elementor-post-type=\"page\">\n\t\t\t\t<div class=\"elementor-element elementor-element-4090c4ee e-flex e-con-boxed e-con e-parent\" data-id=\"4090c4ee\" data-element_type=\"container\" data-e-type=\"container\" data-settings=\"{&quot;jet_parallax_layout_list&quot;:[]}\">\n\t\t\t\t\t<div class=\"e-con-inner\">\n\t\t\t\t<div class=\"elementor-element elementor-element-2c6a37f elementor-widget elementor-widget-heading\" data-id=\"2c6a37f\" data-element_type=\"widget\" data-e-type=\"widget\" data-widget_type=\"heading.default\">\n\t\t\t\t\t<h2 class=\"elementor-heading-title elementor-size-default\">Gastfreundliche Unternehmer<\/h2>\t\t\t\t<\/div>\n\t\t\t\t<div class=\"elementor-element elementor-element-d619788 elementor-widget elementor-widget-text-editor\" data-id=\"d619788\" data-element_type=\"widget\" data-e-type=\"widget\" data-widget_type=\"text-editor.default\">\n\t\t\t\t\t\t\t\t\t<p><strong>Lernen Sie die gastfreundlichen Unternehmer des Nationalparks De Alde Feanen kennen. Diese Freizeit- und Tourismusunternehmer kennen das Gebiet wie kein anderer und helfen Ihnen gerne dabei, den Park auf besondere Weise zu erleben. <\/strong><\/p>\t\t\t\t\t\t\t\t<\/div>\n\t\t\t\t<div class=\"elementor-element elementor-element-5894a1f elementor-widget elementor-widget-text-editor\" data-id=\"5894a1f\" data-element_type=\"widget\" data-e-type=\"widget\" data-widget_type=\"text-editor.default\">\n\t\t\t\t\t\t\t\t\t<p>Von den sch\u00f6nsten Rad- und Boots\u00adrouten bis hin zu Tipps \u00fcber besondere Pflanzen und Tiere, die hier leben: Die Gastgeberinnen und Gastgeber teilen ihr Wissen und ihre Begeisterung gerne mit Ihnen. Schauen Sie ruhig einmal bei einem dieser Unternehmer vorbei. Sie erkennen sie am Schild an der Fassade mit der Aufschrift \u201e<strong>Gastgeber Nationalpark De Alde Feanen<\/strong>\u201c. So wissen Sie sicher, dass Sie am richtigen Ort f\u00fcr Informationen, Inspiration und Gastfreundschaft sind.   <\/p>\t\t\t\t\t\t\t\t<\/div>\n\t\t\t\t\t<\/div>\n\t\t\t\t<\/div>\n\t\t<div class=\"elementor-element elementor-element-e138062 e-flex e-con-boxed e-con e-parent\" data-id=\"e138062\" data-element_type=\"container\" data-e-type=\"container\" data-settings=\"{&quot;jet_parallax_layout_list&quot;:[]}\">\n\t\t\t\t\t<div class=\"e-con-inner\">\n\t\t<div class=\"elementor-element elementor-element-60f2e985 e-grid e-con-full e-con e-child\" data-id=\"60f2e985\" data-element_type=\"container\" data-e-type=\"container\" data-settings=\"{&quot;jet_parallax_layout_list&quot;:[]}\">\n\t\t\t\t<div class=\"elementor-element elementor-element-669c10b8 elementor-widget elementor-widget-image\" data-id=\"669c10b8\" data-element_type=\"widget\" data-e-type=\"widget\" data-widget_type=\"image.default\">\n\t\t\t\t\t\t\t\t\t\t\t\t\t\t\t<img fetchpriority=\"high\" decoding=\"async\" width=\"800\" height=\"602\" src=\"https:\/\/www.np-aldefeanen.nl\/wp-content\/uploads\/Webversie-1.jpg\" class=\"attachment-large size-large wp-image-8441\" alt=\"\" srcset=\"https:\/\/www.np-aldefeanen.nl\/wp-content\/uploads\/Webversie-1.jpg 897w, https:\/\/www.np-aldefeanen.nl\/wp-content\/uploads\/Webversie-1-320x241.jpg 320w, https:\/\/www.np-aldefeanen.nl\/wp-content\/uploads\/Webversie-1-800x602.jpg 800w\" sizes=\"(max-width: 800px) 100vw, 800px\" \/>\t\t\t\t\t\t\t\t\t\t\t\t\t\t\t<\/div>\n\t\t<div class=\"elementor-element elementor-element-56d94fa5 e-con-full e-flex e-con e-child\" data-id=\"56d94fa5\" data-element_type=\"container\" data-e-type=\"container\" data-settings=\"{&quot;background_background&quot;:&quot;classic&quot;,&quot;jet_parallax_layout_list&quot;:[]}\">\n\t\t\t\t<div class=\"elementor-element elementor-element-59a44ccd elementor-widget elementor-widget-heading\" data-id=\"59a44ccd\" data-element_type=\"widget\" data-e-type=\"widget\" data-widget_type=\"heading.default\">\n\t\t\t\t\t<h2 class=\"elementor-heading-title elementor-size-default\">Gastgeber-Route<\/h2>\t\t\t\t<\/div>\n\t\t\t\t<div class=\"elementor-element elementor-element-222bd5f9 elementor-widget elementor-widget-text-editor\" data-id=\"222bd5f9\" data-element_type=\"widget\" data-e-type=\"widget\" data-widget_type=\"text-editor.default\">\n\t\t\t\t\t\t\t\t\t<p>Steigen Sie aufs Fahrrad und lassen Sie sich zu den sch\u00f6nsten Orten des Nationalparks De Alde Feanen f\u00fchren. Diese etwa zweieinhalbst\u00fcndige Route beginnt im Wassersportdorf Eernewoude, einem beliebten Ort f\u00fcr Radfahrer und Bootsfahrer gleicherma\u00dfen. Schlendern Sie an gem\u00fctlichen Gesch\u00e4ften vorbei, mieten Sie ein Kanu bei Alde Feanen Verhuur oder besuchen Sie das Besucherzentrum De Alde Feanen.  <\/p>\n<p>Unterwegs genie\u00dfen Sie die Ruhe und Weite der friesischen Landschaft und kommen an besonderen Orten vorbei, wie Camping \u2019t Wiid, De Twirre, dem abenteuerlichen It Pettebosk, dem Wasserspielplatz It Wiid und dem beeindruckenden Sk\u00fbtsjemuseum.<\/p>\n<p>Hungrig geworden? Nehmen Sie Platz auf der Terrasse des Hotel Restaurant Princenhof, direkt am Wasser, und beobachten Sie in entspannter Atmosph\u00e4re die vorbeifahrenden Boote. <\/p>\n<p>Folgen Sie einfach den Knotenpunkten und entdecken Sie selbst, warum diese Route eine so beliebte Art ist, De Alde Feanen zu erleben.<\/p>\t\t\t\t\t\t\t\t<\/div>\n\t\t\t\t<div class=\"elementor-element elementor-element-9ed235f elementor-widget elementor-widget-button\" data-id=\"9ed235f\" data-element_type=\"widget\" data-e-type=\"widget\" data-widget_type=\"button.default\">\n\t\t\t\t\t\t\t\t\t\t<a class=\"elementor-button elementor-button-link elementor-size-sm\" href=\"https:\/\/www.friesland.nl\/nl\/routes\/2235854153\/nationaal-park-de-alde-feanen\" target=\"_blank\">\n\t\t\t\t\t\t<span class=\"elementor-button-content-wrapper\">\n\t\t\t\t\t\t\t\t\t<span class=\"elementor-button-text\">Route entdecken<\/span>\n\t\t\t\t\t<\/span>\n\t\t\t\t\t<\/a>\n\t\t\t\t\t\t\t\t<\/div>\n\t\t\t\t<\/div>\n\t\t\t\t<\/div>\n\t\t\t\t\t<\/div>\n\t\t\t\t<\/div>\n\t\t\t\t<\/div>\n\t\t","protected":false},"excerpt":{"rendered":"<p>Gastfreundliche Unternehmer Lernen Sie die gastfreundlichen Unternehmer des Nationalparks De Alde Feanen kennen. Diese Freizeit- und Tourismusunternehmer kennen das Gebiet wie kein anderer und helfen Ihnen gerne dabei, den Park auf besondere Weise zu erleben. Von den sch\u00f6nsten Rad- und Boots\u00adrouten bis hin zu Tipps \u00fcber besondere Pflanzen und Tiere, die hier leben: Die Gastgeberinnen [&hellip;]<\/p>\n","protected":false},"author":2,"featured_media":7877,"parent":9083,"menu_order":0,"comment_status":"closed","ping_status":"closed","template":"elementor_header_footer","meta":{"footnotes":""},"class_list":["post-326","page","type-page","status-publish","has-post-thumbnail","hentry"],"_links":{"self":[{"href":"https:\/\/www.np-aldefeanen.nl\/de\/wp-json\/wp\/v2\/pages\/326","targetHints":{"allow":["GET"]}}],"collection":[{"href":"https:\/\/www.np-aldefeanen.nl\/de\/wp-json\/wp\/v2\/pages"}],"about":[{"href":"https:\/\/www.np-aldefeanen.nl\/de\/wp-json\/wp\/v2\/types\/page"}],"author":[{"embeddable":true,"href":"https:\/\/www.np-aldefeanen.nl\/de\/wp-json\/wp\/v2\/users\/2"}],"replies":[{"embeddable":true,"href":"https:\/\/www.np-aldefeanen.nl\/de\/wp-json\/wp\/v2\/comments?post=326"}],"version-history":[{"count":0,"href":"https:\/\/www.np-aldefeanen.nl\/de\/wp-json\/wp\/v2\/pages\/326\/revisions"}],"up":[{"embeddable":true,"href":"https:\/\/www.np-aldefeanen.nl\/de\/wp-json\/wp\/v2\/pages\/9083"}],"wp:featuredmedia":[{"embeddable":true,"href":"https:\/\/www.np-aldefeanen.nl\/de\/wp-json\/wp\/v2\/media\/7877"}],"wp:attachment":[{"href":"https:\/\/www.np-aldefeanen.nl\/de\/wp-json\/wp\/v2\/media?parent=326"}],"curies":[{"name":"wp","href":"https:\/\/api.w.org\/{rel}","templated":true}]}}