{"id":295,"date":"2017-12-18T10:24:01","date_gmt":"2017-12-18T09:24:01","guid":{"rendered":"https:\/\/www.np-aldefeanen.nl\/entdecke\/groepsactiviteiten\/"},"modified":"2026-03-10T10:38:30","modified_gmt":"2026-03-10T09:38:30","slug":"gruppenaktivitaeten","status":"publish","type":"page","link":"https:\/\/www.np-aldefeanen.nl\/de\/bildung-gruppen\/gruppenaktivitaeten\/","title":{"rendered":"Gruppenaktivit\u00e4ten"},"content":{"rendered":"\t\t<div data-elementor-type=\"wp-page\" data-elementor-id=\"295\" class=\"elementor elementor-295 elementor-282\" data-elementor-post-type=\"page\">\n\t\t\t\t<div class=\"elementor-element elementor-element-385b87b3 e-flex e-con-boxed e-con e-parent\" data-id=\"385b87b3\" data-element_type=\"container\" data-e-type=\"container\" data-settings=\"{&quot;jet_parallax_layout_list&quot;:[]}\">\n\t\t\t\t\t<div class=\"e-con-inner\">\n\t\t\t\t<div class=\"elementor-element elementor-element-7413de0 elementor-widget elementor-widget-heading\" data-id=\"7413de0\" data-element_type=\"widget\" data-e-type=\"widget\" data-widget_type=\"heading.default\">\n\t\t\t\t\t<h2 class=\"elementor-heading-title elementor-size-default\">Ausfl\u00fcge f\u00fcr Gruppen<\/h2>\t\t\t\t<\/div>\n\t\t\t\t<div class=\"elementor-element elementor-element-8527730 elementor-widget elementor-widget-text-editor\" data-id=\"8527730\" data-element_type=\"widget\" data-e-type=\"widget\" data-widget_type=\"text-editor.default\">\n\t\t\t\t\t\t\t\t\t<p><strong>Sind Sie mit einer Gruppe unterwegs und auf der Suche nach einer sch\u00f6nen Aktivit\u00e4t? Die Auswahl ist gro\u00df! Gruppenausfl\u00fcge in De Alde Feanen reichen von entspanntem Treiben auf dem Wasser bis zu Outdoor-Spielen, bei denen Sie Ihre ganze Energie einsetzen k\u00f6nnen.  <\/strong><\/p>\t\t\t\t\t\t\t\t<\/div>\n\t\t\t\t<div class=\"elementor-element elementor-element-34326cb elementor-widget elementor-widget-text-editor\" data-id=\"34326cb\" data-element_type=\"widget\" data-e-type=\"widget\" data-widget_type=\"text-editor.default\">\n\t\t\t\t\t\t\t\t\t<p>Sie m\u00f6gen etwas Trendiges? Dann fahren Sie nachhaltig auf Swing-Trikes, E-Scootern oder Tretrollern. Sie k\u00f6nnen sogar \u201eelectric off road\u201c \u00fcber Muschelpfade, Wiesen und Waldwege fahren oder sich im Zickzack durch ein Maisfeld bewegen.<br>Wenn Sie lieber aufs Wasser gehen, k\u00f6nnen Sie zum Beispiel segeln, mit einer E-Sloep fahren, eine Rundfahrt mit dem Ausflugsschiff machen oder traditionell Sk\u00fbtsje- oder Praamsegeln erleben. Auch aktive Spiele sind m\u00f6glich, wie Escape Room, Survival-Aktivit\u00e4ten oder Paintball.    <\/p>\n\t\t\t\t\t\t\t\t<\/div>\n\t\t\t\t\t<\/div>\n\t\t\t\t<\/div>\n\t\t<div class=\"elementor-element elementor-element-67ce22cb e-flex e-con-boxed e-con e-parent\" data-id=\"67ce22cb\" data-element_type=\"container\" data-e-type=\"container\" data-settings=\"{&quot;jet_parallax_layout_list&quot;:[]}\">\n\t\t\t\t\t<div class=\"e-con-inner\">\n\t\t<div class=\"elementor-element elementor-element-2c668cc e-grid e-con-full e-con e-child\" data-id=\"2c668cc\" data-element_type=\"container\" data-e-type=\"container\" data-settings=\"{&quot;jet_parallax_layout_list&quot;:[]}\">\n\t\t\t\t<div class=\"elementor-element elementor-element-51f75bb4 elementor-widget elementor-widget-image\" data-id=\"51f75bb4\" data-element_type=\"widget\" data-e-type=\"widget\" data-widget_type=\"image.default\">\n\t\t\t\t\t\t\t\t\t\t\t\t\t\t\t<img fetchpriority=\"high\" decoding=\"async\" width=\"800\" height=\"533\" src=\"https:\/\/www.np-aldefeanen.nl\/wp-content\/uploads\/bezoekerscentrum-NP-De_Alde_Feanen-69-2-960x640.jpg\" class=\"attachment-large size-large wp-image-2205\" alt=\"\" srcset=\"https:\/\/www.np-aldefeanen.nl\/wp-content\/uploads\/bezoekerscentrum-NP-De_Alde_Feanen-69-2-960x640.jpg 960w, https:\/\/www.np-aldefeanen.nl\/wp-content\/uploads\/bezoekerscentrum-NP-De_Alde_Feanen-69-2-253x169.jpg 253w, https:\/\/www.np-aldefeanen.nl\/wp-content\/uploads\/bezoekerscentrum-NP-De_Alde_Feanen-69-2-320x213.jpg 320w, https:\/\/www.np-aldefeanen.nl\/wp-content\/uploads\/bezoekerscentrum-NP-De_Alde_Feanen-69-2-800x533.jpg 800w\" sizes=\"(max-width: 800px) 100vw, 800px\" \/>\t\t\t\t\t\t\t\t\t\t\t\t\t\t\t<\/div>\n\t\t<div class=\"elementor-element elementor-element-1634cbed e-con-full e-flex e-con e-child\" data-id=\"1634cbed\" data-element_type=\"container\" data-e-type=\"container\" data-settings=\"{&quot;background_background&quot;:&quot;classic&quot;,&quot;jet_parallax_layout_list&quot;:[]}\">\n\t\t\t\t<div class=\"elementor-element elementor-element-3ea3887e elementor-widget elementor-widget-heading\" data-id=\"3ea3887e\" data-element_type=\"widget\" data-e-type=\"widget\" data-widget_type=\"heading.default\">\n\t\t\t\t\t<h2 class=\"elementor-heading-title elementor-size-default\">Schulausfl\u00fcge und Jugendaktivit\u00e4ten<\/h2>\t\t\t\t<\/div>\n\t\t\t\t<div class=\"elementor-element elementor-element-1f04adf7 elementor-widget elementor-widget-text-editor\" data-id=\"1f04adf7\" data-element_type=\"widget\" data-e-type=\"widget\" data-widget_type=\"text-editor.default\">\n\t\t\t\t\t\t\t\t\t<p>Nichts ist sch\u00f6ner, als junge Menschen f\u00fcr den Nationalpark De Alde Feanen zu begeistern. Sie sind die Botschafter der Zukunft. Naturbildung ist daher besonders wichtig. F\u00fcr alle Altersgruppen und zu jeder Jahreszeit werden verschiedene <a href=\"https:\/\/www.np-aldefeanen.nl\/over-het-park\/onderwijs\/\">Jugendaktivit\u00e4ten <\/a>organisiert.   <\/p>\t\t\t\t\t\t\t\t<\/div>\n\t\t\t\t<\/div>\n\t\t\t\t<\/div>\n\t\t\t\t\t<\/div>\n\t\t\t\t<\/div>\n\t\t<div class=\"elementor-element elementor-element-364a0e5e e-flex e-con-boxed e-con e-parent\" data-id=\"364a0e5e\" data-element_type=\"container\" data-e-type=\"container\" data-settings=\"{&quot;jet_parallax_layout_list&quot;:[]}\">\n\t\t\t\t\t<div class=\"e-con-inner\">\n\t\t\t\t<div class=\"elementor-element elementor-element-3744380a elementor-widget elementor-widget-heading\" data-id=\"3744380a\" data-element_type=\"widget\" data-e-type=\"widget\" data-widget_type=\"heading.default\">\n\t\t\t\t\t<h2 class=\"elementor-heading-title elementor-size-default\">Sk\u00fbtsjesegeln<\/h2>\t\t\t\t<\/div>\n\t\t\t\t<div class=\"elementor-element elementor-element-65b911ac elementor-widget elementor-widget-text-editor\" data-id=\"65b911ac\" data-element_type=\"widget\" data-e-type=\"widget\" data-widget_type=\"text-editor.default\">\n\t\t\t\t\t\t\t\t\t<p>F\u00fcr ein einzigartiges Wassererlebnis mit friesischem Flair k\u00f6nnen Sie Sk\u00fbtsjesegeln oder Praamsegeln (im Friesischen preamkesile) erleben. Erfahrung ist hilfreich, aber keine Voraussetzung. Ihre Gruppe wird stets von professionellen Begleitern betreut. Sk\u00fbtsjesegeln und Praamsegeln eignen sich unter anderem hervorragend f\u00fcr Familienausfl\u00fcge, Teambuilding und Junggesellenabschiede.  <\/p>\t\t\t\t\t\t\t\t<\/div>\n\t\t\t\t\t<\/div>\n\t\t\t\t<\/div>\n\t\t<div class=\"elementor-element elementor-element-a6961ef e-flex e-con-boxed e-con e-parent\" data-id=\"a6961ef\" data-element_type=\"container\" data-e-type=\"container\" data-settings=\"{&quot;jet_parallax_layout_list&quot;:[]}\">\n\t\t\t\t\t<div class=\"e-con-inner\">\n\t\t<div class=\"elementor-element elementor-element-2664006 e-grid e-con-full e-con e-child\" data-id=\"2664006\" data-element_type=\"container\" data-e-type=\"container\" data-settings=\"{&quot;jet_parallax_layout_list&quot;:[]}\">\n\t\t\t\t<div class=\"elementor-element elementor-element-d1f842e elementor-widget elementor-widget-image\" data-id=\"d1f842e\" data-element_type=\"widget\" data-e-type=\"widget\" data-widget_type=\"image.default\">\n\t\t\t\t\t\t\t\t\t\t\t\t\t\t\t<img decoding=\"async\" width=\"800\" height=\"533\" src=\"https:\/\/www.np-aldefeanen.nl\/wp-content\/uploads\/recreatie-NP-De_Alde_Feanen-114-1-960x640.jpg\" class=\"attachment-large size-large wp-image-2412\" alt=\"\" srcset=\"https:\/\/www.np-aldefeanen.nl\/wp-content\/uploads\/recreatie-NP-De_Alde_Feanen-114-1-960x640.jpg 960w, https:\/\/www.np-aldefeanen.nl\/wp-content\/uploads\/recreatie-NP-De_Alde_Feanen-114-1-253x169.jpg 253w, https:\/\/www.np-aldefeanen.nl\/wp-content\/uploads\/recreatie-NP-De_Alde_Feanen-114-1-320x213.jpg 320w, https:\/\/www.np-aldefeanen.nl\/wp-content\/uploads\/recreatie-NP-De_Alde_Feanen-114-1-800x533.jpg 800w\" sizes=\"(max-width: 800px) 100vw, 800px\" \/>\t\t\t\t\t\t\t\t\t\t\t\t\t\t\t<\/div>\n\t\t<div class=\"elementor-element elementor-element-0256619 e-con-full e-flex e-con e-child\" data-id=\"0256619\" data-element_type=\"container\" data-e-type=\"container\" data-settings=\"{&quot;background_background&quot;:&quot;classic&quot;,&quot;jet_parallax_layout_list&quot;:[]}\">\n\t\t\t\t<div class=\"elementor-element elementor-element-7865d57 elementor-widget elementor-widget-heading\" data-id=\"7865d57\" data-element_type=\"widget\" data-e-type=\"widget\" data-widget_type=\"heading.default\">\n\t\t\t\t\t<h2 class=\"elementor-heading-title elementor-size-default\">Gesch\u00e4ftliche M\u00f6glichkeiten<\/h2>\t\t\t\t<\/div>\n\t\t\t\t<div class=\"elementor-element elementor-element-d653a6c elementor-widget elementor-widget-text-editor\" data-id=\"d653a6c\" data-element_type=\"widget\" data-e-type=\"widget\" data-widget_type=\"text-editor.default\">\n\t\t\t\t\t\t\t\t\t<p>Planen Sie ein Meeting oder eine andere gesch\u00e4ftliche Veranstaltung und suchen daf\u00fcr einen besonderen Ort? Im Nationalpark De Alde Feanen finden Sie die Ruhe, um Entscheidungen zu treffen, neue Pl\u00e4ne zu schmieden oder Gesch\u00e4ftsbeziehungen aufzubauen. <\/p>\t\t\t\t\t\t\t\t<\/div>\n\t\t\t\t<\/div>\n\t\t\t\t<\/div>\n\t\t\t\t\t<\/div>\n\t\t\t\t<\/div>\n\t\t<div class=\"elementor-element elementor-element-ffe19bd e-flex e-con-boxed e-con e-parent\" data-id=\"ffe19bd\" data-element_type=\"container\" data-e-type=\"container\" data-settings=\"{&quot;jet_parallax_layout_list&quot;:[]}\">\n\t\t\t\t\t<div class=\"e-con-inner\">\n\t\t\t\t<div class=\"elementor-element elementor-element-356d2ee elementor-widget elementor-widget-heading\" data-id=\"356d2ee\" data-element_type=\"widget\" data-e-type=\"widget\" data-widget_type=\"heading.default\">\n\t\t\t\t\t<h2 class=\"elementor-heading-title elementor-size-default\">Wo kann ich das machen?<\/h2>\t\t\t\t<\/div>\n\t\t\t\t<div class=\"elementor-element elementor-element-8c5ff65 elementor-widget elementor-widget-text-editor\" data-id=\"8c5ff65\" data-element_type=\"widget\" data-e-type=\"widget\" data-widget_type=\"text-editor.default\">\n\t\t\t\t\t\t\t\t\t<p>Haben wir Sie auf eine gute Idee gebracht und m\u00f6chten Sie wissen, wo Sie diese Aktivit\u00e4ten erleben k\u00f6nnen? Dann werfen Sie einen Blick auf unsere <a href=\"https:\/\/www.np-aldefeanen.nl\/locaties\/\">Karte<\/a>.<br>M\u00f6chten Sie noch mehr M\u00f6glichkeiten entdecken? Besuchen Sie ein Touristisches Informationszentrum oder fragen Sie einen unserer <a href=\"https:\/\/www.np-aldefeanen.nl\/gastheren\/\">Gastgeber <\/a>nach den verschiedenen Angeboten.    <\/p>\t\t\t\t\t\t\t\t<\/div>\n\t\t\t\t\t<\/div>\n\t\t\t\t<\/div>\n\t\t<div class=\"elementor-element elementor-element-739c710b e-flex e-con-boxed e-con e-parent\" data-id=\"739c710b\" data-element_type=\"container\" data-e-type=\"container\" data-settings=\"{&quot;jet_parallax_layout_list&quot;:[]}\">\n\t\t\t\t\t<div class=\"e-con-inner\">\n\t\t<div class=\"elementor-element elementor-element-2d2507a7 e-grid e-con-full e-con e-child\" data-id=\"2d2507a7\" data-element_type=\"container\" data-e-type=\"container\" data-settings=\"{&quot;jet_parallax_layout_list&quot;:[]}\">\n\t\t\t\t<div class=\"elementor-element elementor-element-2a41f2fa elementor-widget elementor-widget-image\" data-id=\"2a41f2fa\" data-element_type=\"widget\" data-e-type=\"widget\" data-widget_type=\"image.default\">\n\t\t\t\t\t\t\t\t\t\t\t\t\t\t\t<img decoding=\"async\" width=\"800\" height=\"533\" src=\"https:\/\/www.np-aldefeanen.nl\/wp-content\/uploads\/2026\/03\/annage_skutsjedagtocht-arrangement-2.jpg\" class=\"attachment-large size-large wp-image-9309\" alt=\"\" srcset=\"https:\/\/www.np-aldefeanen.nl\/wp-content\/uploads\/2026\/03\/annage_skutsjedagtocht-arrangement-2.jpg 840w, https:\/\/www.np-aldefeanen.nl\/wp-content\/uploads\/2026\/03\/annage_skutsjedagtocht-arrangement-2-320x213.jpg 320w, https:\/\/www.np-aldefeanen.nl\/wp-content\/uploads\/2026\/03\/annage_skutsjedagtocht-arrangement-2-253x169.jpg 253w, https:\/\/www.np-aldefeanen.nl\/wp-content\/uploads\/2026\/03\/annage_skutsjedagtocht-arrangement-2-768x512.jpg 768w\" sizes=\"(max-width: 800px) 100vw, 800px\" \/>\t\t\t\t\t\t\t\t\t\t\t\t\t\t\t<\/div>\n\t\t<div class=\"elementor-element elementor-element-11a7d9ef e-con-full e-flex e-con e-child\" data-id=\"11a7d9ef\" data-element_type=\"container\" data-e-type=\"container\" data-settings=\"{&quot;background_background&quot;:&quot;classic&quot;,&quot;jet_parallax_layout_list&quot;:[]}\">\n\t\t\t\t<div class=\"elementor-element elementor-element-b2393f elementor-widget elementor-widget-heading\" data-id=\"b2393f\" data-element_type=\"widget\" data-e-type=\"widget\" data-widget_type=\"heading.default\">\n\t\t\t\t\t<h2 class=\"elementor-heading-title elementor-size-default\">Annage<\/h2>\t\t\t\t<\/div>\n\t\t\t\t<div class=\"elementor-element elementor-element-55c5cc53 elementor-widget elementor-widget-text-editor\" data-id=\"55c5cc53\" data-element_type=\"widget\" data-e-type=\"widget\" data-widget_type=\"text-editor.default\">\n\t\t\t\t\t\t\t\t\t<p>Der gr\u00fcnste Ort am Wasser, an dem Sie tagen, Sk\u00fbtsjesegeln und viele andere Betriebsausfl\u00fcge in <a href=\"https:\/\/www.annage.nl\/bedrijfsuitje-friesland\/\">Friesland <\/a>erleben k\u00f6nnen.<\/p>\t\t\t\t\t\t\t\t<\/div>\n\t\t\t\t<div class=\"elementor-element elementor-element-e6c913f elementor-widget elementor-widget-button\" data-id=\"e6c913f\" data-element_type=\"widget\" data-e-type=\"widget\" data-widget_type=\"button.default\">\n\t\t\t\t\t\t\t\t\t\t<a class=\"elementor-button elementor-button-link elementor-size-sm\" href=\"https:\/\/www.annage.nl\/\" target=\"_blank\">\n\t\t\t\t\t\t<span class=\"elementor-button-content-wrapper\">\n\t\t\t\t\t\t\t\t\t<span class=\"elementor-button-text\">Zur Website von Annage<\/span>\n\t\t\t\t\t<\/span>\n\t\t\t\t\t<\/a>\n\t\t\t\t\t\t\t\t<\/div>\n\t\t\t\t<\/div>\n\t\t\t\t<\/div>\n\t\t\t\t\t<\/div>\n\t\t\t\t<\/div>\n\t\t<div class=\"elementor-element elementor-element-1cb26b1 e-flex e-con-boxed e-con e-parent\" data-id=\"1cb26b1\" data-element_type=\"container\" data-e-type=\"container\" data-settings=\"{&quot;jet_parallax_layout_list&quot;:[]}\">\n\t\t\t\t\t<div class=\"e-con-inner\">\n\t\t<div class=\"elementor-element elementor-element-4cc351e e-grid e-con-full e-con e-child\" data-id=\"4cc351e\" data-element_type=\"container\" data-e-type=\"container\" data-settings=\"{&quot;jet_parallax_layout_list&quot;:[]}\">\n\t\t\t\t<div class=\"elementor-element elementor-element-6ea25e8 elementor-widget elementor-widget-image\" data-id=\"6ea25e8\" data-element_type=\"widget\" data-e-type=\"widget\" data-widget_type=\"image.default\">\n\t\t\t\t\t\t\t\t\t\t\t\t\t\t\t<img loading=\"lazy\" decoding=\"async\" width=\"684\" height=\"483\" src=\"https:\/\/www.np-aldefeanen.nl\/wp-content\/uploads\/Teambuilding.png\" class=\"attachment-large size-large wp-image-6330\" alt=\"\" srcset=\"https:\/\/www.np-aldefeanen.nl\/wp-content\/uploads\/Teambuilding.png 684w, https:\/\/www.np-aldefeanen.nl\/wp-content\/uploads\/Teambuilding-320x226.png 320w\" sizes=\"(max-width: 684px) 100vw, 684px\" \/>\t\t\t\t\t\t\t\t\t\t\t\t\t\t\t<\/div>\n\t\t<div class=\"elementor-element elementor-element-548daa6 e-con-full e-flex e-con e-child\" data-id=\"548daa6\" data-element_type=\"container\" data-e-type=\"container\" data-settings=\"{&quot;background_background&quot;:&quot;classic&quot;,&quot;jet_parallax_layout_list&quot;:[]}\">\n\t\t\t\t<div class=\"elementor-element elementor-element-27bdac8 elementor-widget elementor-widget-heading\" data-id=\"27bdac8\" data-element_type=\"widget\" data-e-type=\"widget\" data-widget_type=\"heading.default\">\n\t\t\t\t\t<h2 class=\"elementor-heading-title elementor-size-default\">Pean <\/h2>\t\t\t\t<\/div>\n\t\t\t\t<div class=\"elementor-element elementor-element-114ef28 elementor-widget elementor-widget-text-editor\" data-id=\"114ef28\" data-element_type=\"widget\" data-e-type=\"widget\" data-widget_type=\"text-editor.default\">\n\t\t\t\t\t\t\t\t\t<p>Bei Pean gibt es auf einer besonders einzigartigen Location viel zu erleben. Segeln, Sloep fahren, Seven Steps, Flo\u00dfbauen, Escape Islands oder Stand-up-Paddling \u2013 vieles ist m\u00f6glich. Dar\u00fcber hinaus k\u00f6nnen zus\u00e4tzliche Aktivit\u00e4ten gebucht werden, zum Beispiel:   <\/p>\n<ul>\n<li>Yoga<\/li>\n<li>Meditation<\/li>\n<li>Gemeinsam ein Lied schreiben<\/li>\n<li>Dropping (Orientierungs-Nachtwanderung)<\/li>\n<li>Gemeinsam kochen<\/li>\n<li>Miracle Morning<\/li>\n<\/ul>\t\t\t\t\t\t\t\t<\/div>\n\t\t\t\t<div class=\"elementor-element elementor-element-a910c37 elementor-widget elementor-widget-button\" data-id=\"a910c37\" data-element_type=\"widget\" data-e-type=\"widget\" data-widget_type=\"button.default\">\n\t\t\t\t\t\t\t\t\t\t<a class=\"elementor-button elementor-button-link elementor-size-sm\" href=\"https:\/\/www.peanbuiten.nl\/activiteiten\/\" target=\"_blank\">\n\t\t\t\t\t\t<span class=\"elementor-button-content-wrapper\">\n\t\t\t\t\t\t\t\t\t<span class=\"elementor-button-text\">Zu den Teamausfl\u00fcgen von Pean<\/span>\n\t\t\t\t\t<\/span>\n\t\t\t\t\t<\/a>\n\t\t\t\t\t\t\t\t<\/div>\n\t\t\t\t<\/div>\n\t\t\t\t<\/div>\n\t\t\t\t\t<\/div>\n\t\t\t\t<\/div>\n\t\t\t\t<\/div>\n\t\t","protected":false},"excerpt":{"rendered":"<p>Ausfl\u00fcge f\u00fcr Gruppen Sind Sie mit einer Gruppe unterwegs und auf der Suche nach einer sch\u00f6nen Aktivit\u00e4t? Die Auswahl ist gro\u00df! Gruppenausfl\u00fcge in De Alde Feanen reichen von entspanntem Treiben auf dem Wasser bis zu Outdoor-Spielen, bei denen Sie Ihre ganze Energie einsetzen k\u00f6nnen. Sie m\u00f6gen etwas Trendiges? Dann fahren Sie nachhaltig auf Swing-Trikes, E-Scootern [&hellip;]<\/p>\n","protected":false},"author":2,"featured_media":1918,"parent":9083,"menu_order":150,"comment_status":"closed","ping_status":"closed","template":"elementor_header_footer","meta":{"footnotes":""},"class_list":["post-295","page","type-page","status-publish","has-post-thumbnail","hentry"],"_links":{"self":[{"href":"https:\/\/www.np-aldefeanen.nl\/de\/wp-json\/wp\/v2\/pages\/295","targetHints":{"allow":["GET"]}}],"collection":[{"href":"https:\/\/www.np-aldefeanen.nl\/de\/wp-json\/wp\/v2\/pages"}],"about":[{"href":"https:\/\/www.np-aldefeanen.nl\/de\/wp-json\/wp\/v2\/types\/page"}],"author":[{"embeddable":true,"href":"https:\/\/www.np-aldefeanen.nl\/de\/wp-json\/wp\/v2\/users\/2"}],"replies":[{"embeddable":true,"href":"https:\/\/www.np-aldefeanen.nl\/de\/wp-json\/wp\/v2\/comments?post=295"}],"version-history":[{"count":0,"href":"https:\/\/www.np-aldefeanen.nl\/de\/wp-json\/wp\/v2\/pages\/295\/revisions"}],"up":[{"embeddable":true,"href":"https:\/\/www.np-aldefeanen.nl\/de\/wp-json\/wp\/v2\/pages\/9083"}],"wp:featuredmedia":[{"embeddable":true,"href":"https:\/\/www.np-aldefeanen.nl\/de\/wp-json\/wp\/v2\/media\/1918"}],"wp:attachment":[{"href":"https:\/\/www.np-aldefeanen.nl\/de\/wp-json\/wp\/v2\/media?parent=295"}],"curies":[{"name":"wp","href":"https:\/\/api.w.org\/{rel}","templated":true}]}}