{"id":291,"date":"2017-12-18T10:23:36","date_gmt":"2017-12-18T09:23:36","guid":{"rendered":"https:\/\/www.np-aldefeanen.nl\/entdecke\/schaatsen\/"},"modified":"2026-03-10T10:45:25","modified_gmt":"2026-03-10T09:45:25","slug":"eislaufen","status":"publish","type":"page","link":"https:\/\/www.np-aldefeanen.nl\/de\/routen-aktivitaten\/eislaufen\/","title":{"rendered":"Eislaufen"},"content":{"rendered":"\t\t<div data-elementor-type=\"wp-page\" data-elementor-id=\"291\" class=\"elementor elementor-291 elementor-281\" data-elementor-post-type=\"page\">\n\t\t\t\t<div class=\"elementor-element elementor-element-57a38991 e-flex e-con-boxed e-con e-parent\" data-id=\"57a38991\" data-element_type=\"container\" data-e-type=\"container\" data-settings=\"{&quot;jet_parallax_layout_list&quot;:[]}\">\n\t\t\t\t\t<div class=\"e-con-inner\">\n\t\t\t\t<div class=\"elementor-element elementor-element-0c5f829 elementor-widget elementor-widget-heading\" data-id=\"0c5f829\" data-element_type=\"widget\" data-e-type=\"widget\" data-widget_type=\"heading.default\">\n\t\t\t\t\t<h2 class=\"elementor-heading-title elementor-size-default\">Schlittschuhlaufen in winterlicher Umgebung<\/h2>\t\t\t\t<\/div>\n\t\t\t\t<div class=\"elementor-element elementor-element-359783e5 elementor-widget elementor-widget-text-editor\" data-id=\"359783e5\" data-element_type=\"widget\" data-e-type=\"widget\" data-widget_type=\"text-editor.default\">\n\t\t\t\t\t\t\t\t\t<p><strong>Sobald auch nur ein Hauch von Frost in der Luft liegt, werden wir in den Niederlanden ein wenig aufgeregt. Dann wollen wir nur noch eines: Schlittschuhlaufen auf Natureis. Nat\u00fcrlich freuen wir uns alle auf das gro\u00dfe Schlittschuhereignis \u2013 die Elfstedentocht. Doch die Friesen bleiben gelassen, denn bis dahin kann man in De Alde Feanen oft schon fr\u00fch aufs Eis, sobald es gefroren ist.   <\/strong><\/p>\t\t\t\t\t\t\t\t<\/div>\n\t\t\t\t<div class=\"elementor-element elementor-element-a7d4370 elementor-widget elementor-widget-text-editor\" data-id=\"a7d4370\" data-element_type=\"widget\" data-e-type=\"widget\" data-widget_type=\"text-editor.default\">\n\t\t\t\t\t\t\t\t\t<p>In der Jan-Durkspolder haben Sie die gr\u00f6\u00dfte Chance, als einer der Ersten die Schlittschuhe anzulegen. Das Wasser ist hier flach, wodurch das Eis relativ schnell sicher genug zum Schlittschuhlaufen wird. Mit den Schlittschuhen an den F\u00fc\u00dfen k\u00f6nnen Sie hier endlos Ihre Runden drehen \u2013 vorbei an Schilfg\u00fcrteln und \u00fcber zugefrorene Wasserfl\u00e4chen.  <\/p>\t\t\t\t\t\t\t\t<\/div>\n\t\t\t\t\t<\/div>\n\t\t\t\t<\/div>\n\t\t<div class=\"elementor-element elementor-element-2141a5f0 e-flex e-con-boxed e-con e-parent\" data-id=\"2141a5f0\" data-element_type=\"container\" data-e-type=\"container\" data-settings=\"{&quot;jet_parallax_layout_list&quot;:[]}\">\n\t\t\t\t\t<div class=\"e-con-inner\">\n\t\t<div class=\"elementor-element elementor-element-2b0a1cf e-grid e-con-full e-con e-child\" data-id=\"2b0a1cf\" data-element_type=\"container\" data-e-type=\"container\" data-settings=\"{&quot;jet_parallax_layout_list&quot;:[]}\">\n\t\t\t\t<div class=\"elementor-element elementor-element-7d34caca elementor-widget elementor-widget-image\" data-id=\"7d34caca\" data-element_type=\"widget\" data-e-type=\"widget\" data-widget_type=\"image.default\">\n\t\t\t\t\t\t\t\t\t\t\t\t\t\t\t<img fetchpriority=\"high\" decoding=\"async\" width=\"800\" height=\"533\" src=\"https:\/\/www.np-aldefeanen.nl\/wp-content\/uploads\/schaatsen-NP-De_Alde_Feanen-7-960x640.jpg\" class=\"attachment-large size-large wp-image-1855\" alt=\"\" srcset=\"https:\/\/www.np-aldefeanen.nl\/wp-content\/uploads\/schaatsen-NP-De_Alde_Feanen-7-960x640.jpg 960w, https:\/\/www.np-aldefeanen.nl\/wp-content\/uploads\/schaatsen-NP-De_Alde_Feanen-7-253x169.jpg 253w, https:\/\/www.np-aldefeanen.nl\/wp-content\/uploads\/schaatsen-NP-De_Alde_Feanen-7-320x213.jpg 320w, https:\/\/www.np-aldefeanen.nl\/wp-content\/uploads\/schaatsen-NP-De_Alde_Feanen-7-800x533.jpg 800w\" sizes=\"(max-width: 800px) 100vw, 800px\" \/>\t\t\t\t\t\t\t\t\t\t\t\t\t\t\t<\/div>\n\t\t<div class=\"elementor-element elementor-element-3b11e872 e-con-full e-flex e-con e-child\" data-id=\"3b11e872\" data-element_type=\"container\" data-e-type=\"container\" data-settings=\"{&quot;background_background&quot;:&quot;classic&quot;,&quot;jet_parallax_layout_list&quot;:[]}\">\n\t\t\t\t<div class=\"elementor-element elementor-element-3e125607 elementor-widget elementor-widget-heading\" data-id=\"3e125607\" data-element_type=\"widget\" data-e-type=\"widget\" data-widget_type=\"heading.default\">\n\t\t\t\t\t<h2 class=\"elementor-heading-title elementor-size-default\">Tipps f\u00fcr einen Schlittschuhtag in der Jan-Durkspolder<\/h2>\t\t\t\t<\/div>\n\t\t\t\t<div class=\"elementor-element elementor-element-3e49beac elementor-widget elementor-widget-text-editor\" data-id=\"3e49beac\" data-element_type=\"widget\" data-e-type=\"widget\" data-widget_type=\"text-editor.default\">\n\t\t\t\t\t\t\t\t\t<ul><li>\u201eEis und Fisch muss man nehmen, wenn es sie gibt.\u201c Das hei\u00dft: Gehen Sie fr\u00fch los und nutzen Sie den Tag, denn ehe man sich versieht, dauert es wieder Jahre, bis es wieder Natureis gibt.<\/li><li>Achten Sie immer genau auf Hinweise, wo Schlittschuhlaufen erlaubt und sicher ist. Wenn auf der Jan-Durkspolder gelaufen werden kann, bedeutet das nicht automatisch, dass dies auch im restlichen Gebiet der Alde Feanen m\u00f6glich ist. <\/li><li>Machen Sie doch einmal bei einer (Familien-)Eislauftour mit. Bei Frost lohnt sich ein Blick auf die Website des Eislaufvereins in Earnew\u00e2ld. <\/li><li>Tragen Sie mehrere d\u00fcnne Kleidungsschichten oder Thermokleidung. So bleiben Sie w\u00e4rmer und k\u00f6nnen leichter etwas an- oder ausziehen.<\/li><li>Nehmen Sie trockene Kleidung f\u00fcr den Notfall mit \u2013 und etwas Bargeld, um sich eine leckere hei\u00dfe Schokolade zu g\u00f6nnen!<\/li><\/ul>\t\t\t\t\t\t\t\t<\/div>\n\t\t\t\t<\/div>\n\t\t\t\t<\/div>\n\t\t\t\t\t<\/div>\n\t\t\t\t<\/div>\n\t\t<div class=\"elementor-element elementor-element-43e57611 e-flex e-con-boxed e-con e-parent\" data-id=\"43e57611\" data-element_type=\"container\" data-e-type=\"container\" data-settings=\"{&quot;jet_parallax_layout_list&quot;:[]}\">\n\t\t\t\t\t<div class=\"e-con-inner\">\n\t\t<div class=\"elementor-element elementor-element-7366e4c1 e-grid e-con-full e-con e-child\" data-id=\"7366e4c1\" data-element_type=\"container\" data-e-type=\"container\" data-settings=\"{&quot;jet_parallax_layout_list&quot;:[]}\">\n\t\t\t\t<div class=\"elementor-element elementor-element-742d8d47 elementor-widget elementor-widget-image\" data-id=\"742d8d47\" data-element_type=\"widget\" data-e-type=\"widget\" data-widget_type=\"image.default\">\n\t\t\t\t\t\t\t\t\t\t\t\t\t\t\t<img decoding=\"async\" width=\"800\" height=\"533\" src=\"https:\/\/www.np-aldefeanen.nl\/wp-content\/uploads\/NP-De_Alde_Feanen-137-960x640.jpg\" class=\"attachment-large size-large wp-image-1858\" alt=\"\" srcset=\"https:\/\/www.np-aldefeanen.nl\/wp-content\/uploads\/NP-De_Alde_Feanen-137-960x640.jpg 960w, https:\/\/www.np-aldefeanen.nl\/wp-content\/uploads\/NP-De_Alde_Feanen-137-253x169.jpg 253w, https:\/\/www.np-aldefeanen.nl\/wp-content\/uploads\/NP-De_Alde_Feanen-137-320x213.jpg 320w, https:\/\/www.np-aldefeanen.nl\/wp-content\/uploads\/NP-De_Alde_Feanen-137-800x533.jpg 800w\" sizes=\"(max-width: 800px) 100vw, 800px\" \/>\t\t\t\t\t\t\t\t\t\t\t\t\t\t\t<\/div>\n\t\t<div class=\"elementor-element elementor-element-7d00cd93 e-con-full e-flex e-con e-child\" data-id=\"7d00cd93\" data-element_type=\"container\" data-e-type=\"container\" data-settings=\"{&quot;background_background&quot;:&quot;classic&quot;,&quot;jet_parallax_layout_list&quot;:[]}\">\n\t\t\t\t<div class=\"elementor-element elementor-element-703d529a elementor-widget elementor-widget-heading\" data-id=\"703d529a\" data-element_type=\"widget\" data-e-type=\"widget\" data-widget_type=\"heading.default\">\n\t\t\t\t\t<h2 class=\"elementor-heading-title elementor-size-default\">Schlittschuhspa\u00df auf den Dorfeisbahnen<\/h2>\t\t\t\t<\/div>\n\t\t\t\t<div class=\"elementor-element elementor-element-1912f1da elementor-widget elementor-widget-text-editor\" data-id=\"1912f1da\" data-element_type=\"widget\" data-e-type=\"widget\" data-widget_type=\"text-editor.default\">\n\t\t\t\t\t\t\t\t\t<p>M\u00f6gen Sie es lieber etwas weniger abenteuerlich? Dann besuchen Sie doch eine der \u00f6rtlichen Eisbahnen. In den meisten D\u00f6rfern gibt es eine! Gut zu wissen: Sobald es ein wenig friert, setzen sich viele Menschen aus den D\u00f6rfern daf\u00fcr ein, dass Schlittschuhlaufen f\u00fcr alle m\u00f6glich wird. Das verdient wirklich ein gro\u00dfes Lob!    <\/p>\t\t\t\t\t\t\t\t<\/div>\n\t\t\t\t<\/div>\n\t\t\t\t<\/div>\n\t\t\t\t\t<\/div>\n\t\t\t\t<\/div>\n\t\t\t\t<\/div>\n\t\t","protected":false},"excerpt":{"rendered":"<p>Schlittschuhlaufen in winterlicher Umgebung Sobald auch nur ein Hauch von Frost in der Luft liegt, werden wir in den Niederlanden ein wenig aufgeregt. Dann wollen wir nur noch eines: Schlittschuhlaufen auf Natureis. Nat\u00fcrlich freuen wir uns alle auf das gro\u00dfe Schlittschuhereignis \u2013 die Elfstedentocht. Doch die Friesen bleiben gelassen, denn bis dahin kann man in [&hellip;]<\/p>\n","protected":false},"author":2,"featured_media":2904,"parent":9082,"menu_order":140,"comment_status":"closed","ping_status":"closed","template":"elementor_header_footer","meta":{"footnotes":""},"class_list":["post-291","page","type-page","status-publish","has-post-thumbnail","hentry"],"_links":{"self":[{"href":"https:\/\/www.np-aldefeanen.nl\/de\/wp-json\/wp\/v2\/pages\/291","targetHints":{"allow":["GET"]}}],"collection":[{"href":"https:\/\/www.np-aldefeanen.nl\/de\/wp-json\/wp\/v2\/pages"}],"about":[{"href":"https:\/\/www.np-aldefeanen.nl\/de\/wp-json\/wp\/v2\/types\/page"}],"author":[{"embeddable":true,"href":"https:\/\/www.np-aldefeanen.nl\/de\/wp-json\/wp\/v2\/users\/2"}],"replies":[{"embeddable":true,"href":"https:\/\/www.np-aldefeanen.nl\/de\/wp-json\/wp\/v2\/comments?post=291"}],"version-history":[{"count":0,"href":"https:\/\/www.np-aldefeanen.nl\/de\/wp-json\/wp\/v2\/pages\/291\/revisions"}],"up":[{"embeddable":true,"href":"https:\/\/www.np-aldefeanen.nl\/de\/wp-json\/wp\/v2\/pages\/9082"}],"wp:featuredmedia":[{"embeddable":true,"href":"https:\/\/www.np-aldefeanen.nl\/de\/wp-json\/wp\/v2\/media\/2904"}],"wp:attachment":[{"href":"https:\/\/www.np-aldefeanen.nl\/de\/wp-json\/wp\/v2\/media?parent=291"}],"curies":[{"name":"wp","href":"https:\/\/api.w.org\/{rel}","templated":true}]}}