{"id":2902,"date":"2018-02-28T14:37:53","date_gmt":"2018-02-28T13:37:53","guid":{"rendered":"https:\/\/www.np-aldefeanen.nl\/?page_id=2902"},"modified":"2026-03-10T13:10:04","modified_gmt":"2026-03-10T12:10:04","slug":"museen-kunst-und-galerien","status":"publish","type":"page","link":"https:\/\/www.np-aldefeanen.nl\/de\/ueber-den-park\/kultur-geschichte\/kultur\/museen-kunst-und-galerien\/","title":{"rendered":"Museen, Kunst und Galerien"},"content":{"rendered":"\t\t<div data-elementor-type=\"wp-page\" data-elementor-id=\"2902\" class=\"elementor elementor-2902 elementor-1860\" data-elementor-post-type=\"page\">\n\t\t\t\t<div class=\"elementor-element elementor-element-3d4e6513 e-flex e-con-boxed e-con e-parent\" data-id=\"3d4e6513\" data-element_type=\"container\" data-e-type=\"container\" data-settings=\"{&quot;jet_parallax_layout_list&quot;:[]}\">\n\t\t\t\t\t<div class=\"e-con-inner\">\n\t\t\t\t<div class=\"elementor-element elementor-element-2cb2272 elementor-widget elementor-widget-heading\" data-id=\"2cb2272\" data-element_type=\"widget\" data-e-type=\"widget\" data-widget_type=\"heading.default\">\n\t\t\t\t\t<h2 class=\"elementor-heading-title elementor-size-default\">Museen und Geschichten aus der Vergangenheit<\/h2>\t\t\t\t<\/div>\n\t\t\t\t<div class=\"elementor-element elementor-element-fccea20 elementor-widget elementor-widget-text-editor\" data-id=\"fccea20\" data-element_type=\"widget\" data-e-type=\"widget\" data-widget_type=\"text-editor.default\">\n\t\t\t\t\t\t\t\t\t<p><strong>Neben der beeindruckenden Natur besitzt De Alde Feanen auch eine reiche kulturhistorische Geschichte. Das Gebiet erz\u00e4hlt von Menschen, die hier fr\u00fcher lebten und arbeiteten \u2013 oft unter schweren Bedingungen. <\/strong><\/p>\t\t\t\t\t\t\t\t<\/div>\n\t\t\t\t<div class=\"elementor-element elementor-element-3b83d067 elementor-widget elementor-widget-text-editor\" data-id=\"3b83d067\" data-element_type=\"widget\" data-e-type=\"widget\" data-widget_type=\"text-editor.default\">\n\t\t\t\t\t\t\t\t\t<p>Neben der beeindruckenden Natur besitzt De Alde Feanen auch eine reiche kulturhistorische Geschichte. Das Gebiet erz\u00e4hlt von Menschen, die hier fr\u00fcher lebten und arbeiteten \u2013 oft unter schweren Bedingungen.<br>Aus kulturhistorischer Sicht ist De Alde Feanen ein besonders interessantes Gebiet. Die Geschichte zeigt, dass das Leben f\u00fcr die Bewohner hier nicht immer einfach war. Das harte und teilweise arme Dasein wird in mehreren kleinen Museen sichtbar, die sich im Gebiet befinden, darunter das <a href=\"http:\/\/www.skutsjemuseum.nl\/\" target=\"_blank\" rel=\"noopener\">Sk\u00fbtsjemuseum<\/a>, <a href=\"http:\/\/www.kokelhus.nl\/nl\/\" target=\"_blank\" rel=\"noopener\">It Kokelh\u00fbs fan Jan en Sjut<\/a>, <a href=\"http:\/\/www.aldslot.nl\/\" target=\"_blank\" rel=\"noopener\">Museum Ald Slot<\/a> und <a href=\"http:\/\/www.museumwarten.nl\/\" target=\"_blank\" rel=\"noopener\"><\/a><a href=\"http:\/\/www.museumwarten.nl\/\" target=\"_blank\" rel=\"noopener\">Museum Warten<\/a>. Etwas Besonderes ist das <a href=\"http:\/\/mineralengrou.nl\/\" target=\"_blank\" rel=\"noopener\">Mineralogische Museum Grou<\/a>, in dem eine gro\u00dfe Vielfalt an Gesteinen zu sehen ist. Nur etwa 20 Minuten au\u00dferhalb des Gebietes befindet sich au\u00dferdem das \u201ebeste kinderfreundliche Museum Frieslands\u201c. Im <a href=\"https:\/\/natuurmuseumfryslan.nl\/\">Naturmuseum Frysl\u00e2n<\/a> k\u00f6nnen Kinder und Erwachsene die Natur auf spannende Weise entdecken \u2013 mit besonderen Tieren und Pflanzen, Experimenten, Spielen, Aufgaben und vielen \u00fcberraschenden Entdeckungen.     <\/p><p>Auch im Nationalpark De Alde Feanen spielt Kunst eine wichtige Rolle. Wasser ist f\u00fcr viele K\u00fcnstler eine unersch\u00f6pfliche Inspirationsquelle. Im Gebiet gibt es mehrere Galerien zu besuchen. In <a href=\"https:\/\/www.galeriekoopmans.nl\/\" target=\"_blank\" rel=\"noopener\">Galerie Koopmans<\/a> in Earnew\u00e2ld sind Werke des bekannten friesischen Expressionisten Klaas Koopmans sowie Arbeiten seines Sohnes Gosse Koopmans zu sehen. In Grou zeigt die Galerie <a href=\"http:\/\/www.ad-art-design.nl\/\" target=\"_blank\" rel=\"noopener\">Ad Art &amp; Design<\/a> Werke des nautischen K\u00fcnstlers Ad van Leeuwen. In <a href=\"http:\/\/www.hetpandgrou.nl\/\" target=\"_blank\" rel=\"noopener\">Het Pand<\/a> in Grou werden Gem\u00e4lde, Skulpturen, Keramik, Schmuck, Glaskunst und viele weitere Kunstwerke von K\u00fcnstlern aus der Region ausgestellt.    <\/p>\t\t\t\t\t\t\t\t<\/div>\n\t\t\t\t\t<\/div>\n\t\t\t\t<\/div>\n\t\t<div class=\"elementor-element elementor-element-7faaca77 e-flex e-con-boxed e-con e-parent\" data-id=\"7faaca77\" data-element_type=\"container\" data-e-type=\"container\" data-settings=\"{&quot;jet_parallax_layout_list&quot;:[]}\">\n\t\t\t\t\t<div class=\"e-con-inner\">\n\t\t<div class=\"elementor-element elementor-element-4ff0d803 e-grid e-con-full e-con e-child\" data-id=\"4ff0d803\" data-element_type=\"container\" data-e-type=\"container\" data-settings=\"{&quot;jet_parallax_layout_list&quot;:[]}\">\n\t\t\t\t<div class=\"elementor-element elementor-element-3a9edd60 elementor-widget elementor-widget-image\" data-id=\"3a9edd60\" data-element_type=\"widget\" data-e-type=\"widget\" data-widget_type=\"image.default\">\n\t\t\t\t\t\t\t\t\t\t\t\t\t\t\t<img fetchpriority=\"high\" decoding=\"async\" width=\"800\" height=\"339\" src=\"https:\/\/www.np-aldefeanen.nl\/wp-content\/uploads\/schaatsbeeld-NP-De_Alde_Feanen-197-960x407.jpg\" class=\"attachment-large size-large wp-image-1887\" alt=\"\" srcset=\"https:\/\/www.np-aldefeanen.nl\/wp-content\/uploads\/schaatsbeeld-NP-De_Alde_Feanen-197-960x407.jpg 960w, https:\/\/www.np-aldefeanen.nl\/wp-content\/uploads\/schaatsbeeld-NP-De_Alde_Feanen-197-320x136.jpg 320w, https:\/\/www.np-aldefeanen.nl\/wp-content\/uploads\/schaatsbeeld-NP-De_Alde_Feanen-197-800x339.jpg 800w, https:\/\/www.np-aldefeanen.nl\/wp-content\/uploads\/schaatsbeeld-NP-De_Alde_Feanen-197.jpg 1000w\" sizes=\"(max-width: 800px) 100vw, 800px\" \/>\t\t\t\t\t\t\t\t\t\t\t\t\t\t\t<\/div>\n\t\t<div class=\"elementor-element elementor-element-452d5e97 e-con-full e-flex e-con e-child\" data-id=\"452d5e97\" data-element_type=\"container\" data-e-type=\"container\" data-settings=\"{&quot;background_background&quot;:&quot;classic&quot;,&quot;jet_parallax_layout_list&quot;:[]}\">\n\t\t\t\t<div class=\"elementor-element elementor-element-57b21fa2 elementor-widget elementor-widget-heading\" data-id=\"57b21fa2\" data-element_type=\"widget\" data-e-type=\"widget\" data-widget_type=\"heading.default\">\n\t\t\t\t\t<h2 class=\"elementor-heading-title elementor-size-default\">Kunst in der Landschaft<\/h2>\t\t\t\t<\/div>\n\t\t\t\t<div class=\"elementor-element elementor-element-33e5909d elementor-widget elementor-widget-text-editor\" data-id=\"33e5909d\" data-element_type=\"widget\" data-e-type=\"widget\" data-widget_type=\"text-editor.default\">\n\t\t\t\t\t\t\t\t\t<p>Auch im Nationalpark De Alde Feanen lassen sich Kunstwerke direkt in der Natur entdecken. Das bekannteste ist vermutlich die Skulptur der <a href=\"https:\/\/www.keunstwurk.nl\/kunstobjecten\/marathonriders\/\">Schlittschuhl\u00e4ufer<\/a>. Dieses Stahlkunstwerk im Wasser erinnert an \u201eDe 100 van Earnew\u00e2ld\u201c, einen Schlittschuhwettbewerb auf Natureis. Drei ehemalige Gewinner standen Modell f\u00fcr diese Skulptur.  <\/p>\t\t\t\t\t\t\t\t<\/div>\n\t\t\t\t<\/div>\n\t\t\t\t<\/div>\n\t\t\t\t\t<\/div>\n\t\t\t\t<\/div>\n\t\t\t\t<\/div>\n\t\t","protected":false},"excerpt":{"rendered":"<p>Museen und Geschichten aus der Vergangenheit Neben der beeindruckenden Natur besitzt De Alde Feanen auch eine reiche kulturhistorische Geschichte. Das Gebiet erz\u00e4hlt von Menschen, die hier fr\u00fcher lebten und arbeiteten \u2013 oft unter schweren Bedingungen. Neben der beeindruckenden Natur besitzt De Alde Feanen auch eine reiche kulturhistorische Geschichte. Das Gebiet erz\u00e4hlt von Menschen, die hier [&hellip;]<\/p>\n","protected":false},"author":3,"featured_media":2903,"parent":251,"menu_order":0,"comment_status":"closed","ping_status":"closed","template":"elementor_header_footer","meta":{"footnotes":""},"class_list":["post-2902","page","type-page","status-publish","has-post-thumbnail","hentry"],"_links":{"self":[{"href":"https:\/\/www.np-aldefeanen.nl\/de\/wp-json\/wp\/v2\/pages\/2902","targetHints":{"allow":["GET"]}}],"collection":[{"href":"https:\/\/www.np-aldefeanen.nl\/de\/wp-json\/wp\/v2\/pages"}],"about":[{"href":"https:\/\/www.np-aldefeanen.nl\/de\/wp-json\/wp\/v2\/types\/page"}],"author":[{"embeddable":true,"href":"https:\/\/www.np-aldefeanen.nl\/de\/wp-json\/wp\/v2\/users\/3"}],"replies":[{"embeddable":true,"href":"https:\/\/www.np-aldefeanen.nl\/de\/wp-json\/wp\/v2\/comments?post=2902"}],"version-history":[{"count":0,"href":"https:\/\/www.np-aldefeanen.nl\/de\/wp-json\/wp\/v2\/pages\/2902\/revisions"}],"up":[{"embeddable":true,"href":"https:\/\/www.np-aldefeanen.nl\/de\/wp-json\/wp\/v2\/pages\/251"}],"wp:featuredmedia":[{"embeddable":true,"href":"https:\/\/www.np-aldefeanen.nl\/de\/wp-json\/wp\/v2\/media\/2903"}],"wp:attachment":[{"href":"https:\/\/www.np-aldefeanen.nl\/de\/wp-json\/wp\/v2\/media?parent=2902"}],"curies":[{"name":"wp","href":"https:\/\/api.w.org\/{rel}","templated":true}]}}