{"id":2901,"date":"2018-02-28T14:39:01","date_gmt":"2018-02-28T13:39:01","guid":{"rendered":"https:\/\/www.np-aldefeanen.nl\/?page_id=2901"},"modified":"2026-03-10T13:32:34","modified_gmt":"2026-03-10T12:32:34","slug":"lancaster","status":"publish","type":"page","link":"https:\/\/www.np-aldefeanen.nl\/de\/ueber-den-park\/kultur-geschichte\/kultur\/lancaster\/","title":{"rendered":"Lancaster-Ausstellung \u201eGeraakt \u2013 der letzte Flug der Lancaster R5682\u201c"},"content":{"rendered":"\t\t<div data-elementor-type=\"wp-page\" data-elementor-id=\"2901\" class=\"elementor elementor-2901 elementor-1861\" data-elementor-post-type=\"page\">\n\t\t\t\t<div class=\"elementor-element elementor-element-e90f3b3 e-con-full e-flex e-con e-parent\" data-id=\"e90f3b3\" data-element_type=\"container\" data-e-type=\"container\" data-settings=\"{&quot;background_background&quot;:&quot;classic&quot;,&quot;shape_divider_bottom&quot;:&quot;curve&quot;,&quot;shape_divider_bottom_negative&quot;:&quot;yes&quot;,&quot;jet_parallax_layout_list&quot;:[]}\">\n\t\t\t\t<div class=\"elementor-shape elementor-shape-bottom\" aria-hidden=\"true\" data-negative=\"true\">\n\t\t\t<svg xmlns=\"http:\/\/www.w3.org\/2000\/svg\" viewBox=\"0 0 1000 100\" preserveAspectRatio=\"none\">\n\t<path class=\"elementor-shape-fill\" d=\"M500,97C126.7,96.3,0.8,19.8,0,0v100l1000,0V1C1000,19.4,873.3,97.8,500,97z\"\/>\n<\/svg>\t\t<\/div>\n\t\t<div class=\"elementor-element elementor-element-5aff80a e-flex e-con-boxed e-con e-child\" data-id=\"5aff80a\" data-element_type=\"container\" data-e-type=\"container\" data-settings=\"{&quot;jet_parallax_layout_list&quot;:[]}\">\n\t\t\t\t\t<div class=\"e-con-inner\">\n\t\t\t\t<div class=\"elementor-element elementor-element-02f3be7 elementor-widget elementor-widget-bo_rich_text_styles\" data-id=\"02f3be7\" data-element_type=\"widget\" data-e-type=\"widget\" data-widget_type=\"bo_rich_text_styles.default\">\n\t\t\t\t<div class=\"elementor-widget-container\">\n\t\t\t\t\t<div class=\"bo-elementor-addons\"><p>Lancaster <span class=\"bo-style-2\">Ausstellung<\/span><\/p><\/div>\t\t\t\t<\/div>\n\t\t\t\t<\/div>\n\t\t\t\t\t<\/div>\n\t\t\t\t<\/div>\n\t\t\t\t<\/div>\n\t\t<div class=\"elementor-element elementor-element-6d848057 no-padding-bottom e-flex e-con-boxed e-con e-parent\" data-id=\"6d848057\" data-element_type=\"container\" data-e-type=\"container\" data-settings=\"{&quot;jet_parallax_layout_list&quot;:[]}\">\n\t\t\t\t\t<div class=\"e-con-inner\">\n\t\t\t\t<div class=\"elementor-element elementor-element-14e2a03 elementor-widget elementor-widget-heading\" data-id=\"14e2a03\" data-element_type=\"widget\" data-e-type=\"widget\" data-widget_type=\"heading.default\">\n\t\t\t\t\t<h2 class=\"elementor-heading-title elementor-size-default\">\u201eGeraakt \u2013 der letzte Flug der Lancaster R5682\u201c<\/h2>\t\t\t\t<\/div>\n\t\t\t\t<div class=\"elementor-element elementor-element-487d11a2 elementor-widget elementor-widget-text-editor\" data-id=\"487d11a2\" data-element_type=\"widget\" data-e-type=\"widget\" data-widget_type=\"text-editor.default\">\n\t\t\t\t\t\t\t\t\t<p><strong>In der Nacht vom 4. auf den 5. September 1942 starteten vom Flugfeld Syerston in England insgesamt 251 Bomber. Einer davon, die Lancaster R5682, wurde \u00fcber den Watteninseln abgeschossen. Das Flugzeug st\u00fcrzte anschlie\u00dfend in De Alde Feanen, in der N\u00e4he von Warten, ab. Von den sieben Besatzungsmitgliedern konnten f\u00fcnf mit dem Fallschirm abspringen. Einer von ihnen \u00fcberlebte den Sprung jedoch nicht, die \u00fcbrigen vier M\u00e4nner wurden Kriegsgefangene. Sp\u00e4ter wurde nur ein K\u00f6rper der Besatzung gefunden. Das letzte Besatzungsmitglied, der Hecksch\u00fctze Francis Cooper, galt nach dem Absturz als vermisst.      <\/strong><b><\/b><\/p>\t\t\t\t\t\t\t\t<\/div>\n\t\t\t\t<div class=\"elementor-element elementor-element-e730ea3 elementor-widget elementor-widget-text-editor\" data-id=\"e730ea3\" data-element_type=\"widget\" data-e-type=\"widget\" data-widget_type=\"text-editor.default\">\n\t\t\t\t\t\t\t\t\t<p>An der Stelle, an der die Lancaster abst\u00fcrzte, wurde ein dauerhafter Erinnerungsort geschaffen: De Zwaluwhaven. Diese 32 Meter lange Mauer, entworfen von der Landschaftsarchitektin Nynke Rixt Jukema, enth\u00e4lt 251 \u00d6ffnungen f\u00fcr Uferschwalben. Diese Zahl steht symbolisch f\u00fcr die 251 Flugzeuge, die in jener Nacht gestartet waren. Die L\u00e4nge der Mauer entspricht der L\u00e4nge der Lancaster. Von den 251 \u00d6ffnungen bleiben 12 verschlossen \u2013 als Erinnerung an die zw\u00f6lf Flugzeuge, die in dieser Nacht im Jahr 1942 nicht zur\u00fcckkehrten.     <\/p><p>De Zwaluwhaven wurde am 15. April 2018 er\u00f6ffnet. Dieses Datum wurde bewusst gew\u00e4hlt: Es ist der offizielle Tag, an dem Friesland im Jahr 1945 befreit wurde. Bei der Enth\u00fcllung des Denkmals waren 39 Angeh\u00f6rige der Piloten und Besatzungsmitglieder anwesend. Seit dem 15. April 2018 ist auch eine Ausstellung \u00fcber die Lancaster und De Zwaluwhaven in Earnew\u00e2ld zu sehen <em>(De Stripe 12a, hinter dem Sk\u00fbtsjemuseum)<\/em>.    <\/p><p><strong>Bezoektijden:<\/strong><\/p><p><b>Die Ausstellung hat die gleichen \u00d6ffnungszeiten wie das Sk\u00fbtsjemuseum. <a href=\"https:\/\/www.skutsjemuseum.nl\/educatief-programma\/openingstijden\">Die aktuellen Zeiten finden Sie hier.Je vindt de tijden hier.<\/a><\/b><\/p>\t\t\t\t\t\t\t\t<\/div>\n\t\t\t\t\t<\/div>\n\t\t\t\t<\/div>\n\t\t<div class=\"elementor-element elementor-element-a375443 e-flex e-con-boxed e-con e-parent\" data-id=\"a375443\" data-element_type=\"container\" data-e-type=\"container\" data-settings=\"{&quot;jet_parallax_layout_list&quot;:[]}\">\n\t\t\t\t\t<div class=\"e-con-inner\">\n\t\t<div class=\"elementor-element elementor-element-dd4b8f2 e-flex e-con-boxed e-con e-child\" data-id=\"dd4b8f2\" data-element_type=\"container\" data-e-type=\"container\" data-settings=\"{&quot;background_background&quot;:&quot;classic&quot;,&quot;jet_parallax_layout_list&quot;:[]}\">\n\t\t\t\t\t<div class=\"e-con-inner\">\n\t\t\t\t<div class=\"elementor-element elementor-element-aba9a75 elementor-widget elementor-widget-heading\" data-id=\"aba9a75\" data-element_type=\"widget\" data-e-type=\"widget\" data-widget_type=\"heading.default\">\n\t\t\t\t\t<h2 class=\"elementor-heading-title elementor-size-default\">Lancaster-Ausstellung<\/h2>\t\t\t\t<\/div>\n\t\t\t\t<div class=\"elementor-element elementor-element-a09b59a gallery-spacing-custom elementor-widget elementor-widget-image-gallery\" data-id=\"a09b59a\" data-element_type=\"widget\" data-e-type=\"widget\" data-widget_type=\"image-gallery.default\">\n\t\t\t\t\t\t\t<div class=\"elementor-image-gallery\">\n\t\t\t<div id='gallery-1' class='gallery galleryid-2901 gallery-columns-2 gallery-size-medium_large'><figure class='gallery-item'>\n\t\t\t<div class='gallery-icon landscape'>\n\t\t\t\t<a data-elementor-open-lightbox=\"yes\" data-elementor-lightbox-slideshow=\"a09b59a\" data-elementor-lightbox-title=\"Schermafbeelding-2024-02-05-110000\" data-e-action-hash=\"#elementor-action%3Aaction%3Dlightbox%26settings%3DeyJpZCI6NjkzMCwidXJsIjoiaHR0cHM6XC9cL3d3dy5ucC1hbGRlZmVhbmVuLm5sXC93cC1jb250ZW50XC91cGxvYWRzXC9TY2hlcm1hZmJlZWxkaW5nLTIwMjQtMDItMDUtMTEwMDAwLnBuZyIsInNsaWRlc2hvdyI6ImEwOWI1OWEifQ%3D%3D\" href='https:\/\/www.np-aldefeanen.nl\/wp-content\/uploads\/Schermafbeelding-2024-02-05-110000.png'><img fetchpriority=\"high\" decoding=\"async\" width=\"768\" height=\"507\" src=\"https:\/\/www.np-aldefeanen.nl\/wp-content\/uploads\/Schermafbeelding-2024-02-05-110000.png\" class=\"attachment-medium_large size-medium_large\" alt=\"\" srcset=\"https:\/\/www.np-aldefeanen.nl\/wp-content\/uploads\/Schermafbeelding-2024-02-05-110000.png 1189w, https:\/\/www.np-aldefeanen.nl\/wp-content\/uploads\/Schermafbeelding-2024-02-05-110000-320x211.png 320w, https:\/\/www.np-aldefeanen.nl\/wp-content\/uploads\/Schermafbeelding-2024-02-05-110000-960x634.png 960w, https:\/\/www.np-aldefeanen.nl\/wp-content\/uploads\/Schermafbeelding-2024-02-05-110000-800x528.png 800w\" sizes=\"(max-width: 768px) 100vw, 768px\" \/><\/a>\n\t\t\t<\/div><\/figure><figure class='gallery-item'>\n\t\t\t<div class='gallery-icon landscape'>\n\t\t\t\t<a data-elementor-open-lightbox=\"yes\" data-elementor-lightbox-slideshow=\"a09b59a\" data-elementor-lightbox-title=\"Schermafbeelding-lancaster-2\" data-e-action-hash=\"#elementor-action%3Aaction%3Dlightbox%26settings%3DeyJpZCI6NjkzMywidXJsIjoiaHR0cHM6XC9cL3d3dy5ucC1hbGRlZmVhbmVuLm5sXC93cC1jb250ZW50XC91cGxvYWRzXC9TY2hlcm1hZmJlZWxkaW5nLWxhbmNhc3Rlci0yLnBuZyIsInNsaWRlc2hvdyI6ImEwOWI1OWEifQ%3D%3D\" href='https:\/\/www.np-aldefeanen.nl\/wp-content\/uploads\/Schermafbeelding-lancaster-2.png'><img decoding=\"async\" width=\"596\" height=\"392\" src=\"https:\/\/www.np-aldefeanen.nl\/wp-content\/uploads\/Schermafbeelding-lancaster-2.png\" class=\"attachment-medium_large size-medium_large\" alt=\"\" srcset=\"https:\/\/www.np-aldefeanen.nl\/wp-content\/uploads\/Schermafbeelding-lancaster-2.png 596w, https:\/\/www.np-aldefeanen.nl\/wp-content\/uploads\/Schermafbeelding-lancaster-2-320x210.png 320w\" sizes=\"(max-width: 596px) 100vw, 596px\" \/><\/a>\n\t\t\t<\/div><\/figure><figure class='gallery-item'>\n\t\t\t<div class='gallery-icon landscape'>\n\t\t\t\t<a data-elementor-open-lightbox=\"yes\" data-elementor-lightbox-slideshow=\"a09b59a\" data-elementor-lightbox-title=\"Schermafbeelding-2024-02-05-110654\" data-e-action-hash=\"#elementor-action%3Aaction%3Dlightbox%26settings%3DeyJpZCI6NjkzNiwidXJsIjoiaHR0cHM6XC9cL3d3dy5ucC1hbGRlZmVhbmVuLm5sXC93cC1jb250ZW50XC91cGxvYWRzXC9TY2hlcm1hZmJlZWxkaW5nLTIwMjQtMDItMDUtMTEwNjU0LnBuZyIsInNsaWRlc2hvdyI6ImEwOWI1OWEifQ%3D%3D\" href='https:\/\/www.np-aldefeanen.nl\/wp-content\/uploads\/Schermafbeelding-2024-02-05-110654.png'><img decoding=\"async\" width=\"768\" height=\"460\" src=\"https:\/\/www.np-aldefeanen.nl\/wp-content\/uploads\/Schermafbeelding-2024-02-05-110654.png\" class=\"attachment-medium_large size-medium_large\" alt=\"\" srcset=\"https:\/\/www.np-aldefeanen.nl\/wp-content\/uploads\/Schermafbeelding-2024-02-05-110654.png 1337w, https:\/\/www.np-aldefeanen.nl\/wp-content\/uploads\/Schermafbeelding-2024-02-05-110654-320x192.png 320w, https:\/\/www.np-aldefeanen.nl\/wp-content\/uploads\/Schermafbeelding-2024-02-05-110654-960x575.png 960w, https:\/\/www.np-aldefeanen.nl\/wp-content\/uploads\/Schermafbeelding-2024-02-05-110654-800x479.png 800w\" sizes=\"(max-width: 768px) 100vw, 768px\" \/><\/a>\n\t\t\t<\/div><\/figure><figure class='gallery-item'>\n\t\t\t<div class='gallery-icon landscape'>\n\t\t\t\t<a data-elementor-open-lightbox=\"yes\" data-elementor-lightbox-slideshow=\"a09b59a\" data-elementor-lightbox-title=\"Schermafbeelding-2024-02-05-112244\" data-e-action-hash=\"#elementor-action%3Aaction%3Dlightbox%26settings%3DeyJpZCI6NjkzOSwidXJsIjoiaHR0cHM6XC9cL3d3dy5ucC1hbGRlZmVhbmVuLm5sXC93cC1jb250ZW50XC91cGxvYWRzXC9TY2hlcm1hZmJlZWxkaW5nLTIwMjQtMDItMDUtMTEyMjQ0LnBuZyIsInNsaWRlc2hvdyI6ImEwOWI1OWEifQ%3D%3D\" href='https:\/\/www.np-aldefeanen.nl\/wp-content\/uploads\/Schermafbeelding-2024-02-05-112244.png'><img loading=\"lazy\" decoding=\"async\" width=\"768\" height=\"488\" src=\"https:\/\/www.np-aldefeanen.nl\/wp-content\/uploads\/Schermafbeelding-2024-02-05-112244.png\" class=\"attachment-medium_large size-medium_large\" alt=\"\" srcset=\"https:\/\/www.np-aldefeanen.nl\/wp-content\/uploads\/Schermafbeelding-2024-02-05-112244.png 1305w, https:\/\/www.np-aldefeanen.nl\/wp-content\/uploads\/Schermafbeelding-2024-02-05-112244-320x203.png 320w, https:\/\/www.np-aldefeanen.nl\/wp-content\/uploads\/Schermafbeelding-2024-02-05-112244-960x610.png 960w, https:\/\/www.np-aldefeanen.nl\/wp-content\/uploads\/Schermafbeelding-2024-02-05-112244-800x508.png 800w\" sizes=\"(max-width: 768px) 100vw, 768px\" \/><\/a>\n\t\t\t<\/div><\/figure>\n\t\t<\/div>\n\t\t<\/div>\n\t\t\t\t\t\t<\/div>\n\t\t\t\t\t<\/div>\n\t\t\t\t<\/div>\n\t\t\t\t\t<\/div>\n\t\t\t\t<\/div>\n\t\t\t\t<\/div>\n\t\t","protected":false},"excerpt":{"rendered":"<p>Lancaster Ausstellung \u201eGeraakt \u2013 der letzte Flug der Lancaster R5682\u201c In der Nacht vom 4. auf den 5. September 1942 starteten vom Flugfeld Syerston in England insgesamt 251 Bomber. Einer davon, die Lancaster R5682, wurde \u00fcber den Watteninseln abgeschossen. Das Flugzeug st\u00fcrzte anschlie\u00dfend in De Alde Feanen, in der N\u00e4he von Warten, ab. Von den [&hellip;]<\/p>\n","protected":false},"author":3,"featured_media":2696,"parent":251,"menu_order":0,"comment_status":"closed","ping_status":"closed","template":"elementor_header_footer","meta":{"footnotes":""},"class_list":["post-2901","page","type-page","status-publish","has-post-thumbnail","hentry"],"_links":{"self":[{"href":"https:\/\/www.np-aldefeanen.nl\/de\/wp-json\/wp\/v2\/pages\/2901","targetHints":{"allow":["GET"]}}],"collection":[{"href":"https:\/\/www.np-aldefeanen.nl\/de\/wp-json\/wp\/v2\/pages"}],"about":[{"href":"https:\/\/www.np-aldefeanen.nl\/de\/wp-json\/wp\/v2\/types\/page"}],"author":[{"embeddable":true,"href":"https:\/\/www.np-aldefeanen.nl\/de\/wp-json\/wp\/v2\/users\/3"}],"replies":[{"embeddable":true,"href":"https:\/\/www.np-aldefeanen.nl\/de\/wp-json\/wp\/v2\/comments?post=2901"}],"version-history":[{"count":0,"href":"https:\/\/www.np-aldefeanen.nl\/de\/wp-json\/wp\/v2\/pages\/2901\/revisions"}],"up":[{"embeddable":true,"href":"https:\/\/www.np-aldefeanen.nl\/de\/wp-json\/wp\/v2\/pages\/251"}],"wp:featuredmedia":[{"embeddable":true,"href":"https:\/\/www.np-aldefeanen.nl\/de\/wp-json\/wp\/v2\/media\/2696"}],"wp:attachment":[{"href":"https:\/\/www.np-aldefeanen.nl\/de\/wp-json\/wp\/v2\/media?parent=2901"}],"curies":[{"name":"wp","href":"https:\/\/api.w.org\/{rel}","templated":true}]}}