{"id":2900,"date":"2018-02-28T14:36:59","date_gmt":"2018-02-28T13:36:59","guid":{"rendered":"https:\/\/www.np-aldefeanen.nl\/?page_id=2900"},"modified":"2026-03-10T13:03:47","modified_gmt":"2026-03-10T12:03:47","slug":"kirchen-und-gebaeude","status":"publish","type":"page","link":"https:\/\/www.np-aldefeanen.nl\/de\/ueber-den-park\/kultur-geschichte\/kultur\/kirchen-und-gebaeude\/","title":{"rendered":"Kirchen und Geb\u00e4ude"},"content":{"rendered":"\t\t<div data-elementor-type=\"wp-page\" data-elementor-id=\"2900\" class=\"elementor elementor-2900 elementor-1859\" data-elementor-post-type=\"page\">\n\t\t\t\t<div class=\"elementor-element elementor-element-65845347 e-flex e-con-boxed e-con e-parent\" data-id=\"65845347\" data-element_type=\"container\" data-e-type=\"container\" data-settings=\"{&quot;jet_parallax_layout_list&quot;:[]}\">\n\t\t\t\t\t<div class=\"e-con-inner\">\n\t\t\t\t<div class=\"elementor-element elementor-element-af9dd51 elementor-widget elementor-widget-heading\" data-id=\"af9dd51\" data-element_type=\"widget\" data-e-type=\"widget\" data-widget_type=\"heading.default\">\n\t\t\t\t\t<h2 class=\"elementor-heading-title elementor-size-default\">Historische Geb\u00e4ude und Denkm\u00e4ler<\/h2>\t\t\t\t<\/div>\n\t\t\t\t<div class=\"elementor-element elementor-element-1a6756c1 elementor-widget elementor-widget-text-editor\" data-id=\"1a6756c1\" data-element_type=\"widget\" data-e-type=\"widget\" data-widget_type=\"text-editor.default\">\n\t\t\t\t\t\t\t\t\t<p><strong>Liebhaber historischer Architektur kommen in De Alde Feanen voll auf ihre Kosten. In der Region befinden sich mehrere besondere Kirchengeb\u00e4ude und nationale Baudenkm\u00e4ler, die einen Besuch wert sind. <\/strong><\/p>\t\t\t\t\t\t\t\t<\/div>\n\t\t\t\t<div class=\"elementor-element elementor-element-5186080 elementor-widget elementor-widget-text-editor\" data-id=\"5186080\" data-element_type=\"widget\" data-e-type=\"widget\" data-widget_type=\"text-editor.default\">\n\t\t\t\t\t\t\t\t\t<div class=\"flex flex-col text-sm pb-25\"><article class=\"text-token-text-primary w-full focus:outline-none [--shadow-height:45px] has-data-writing-block:pointer-events-none has-data-writing-block:-mt-(--shadow-height) has-data-writing-block:pt-(--shadow-height) [&amp;:has([data-writing-block])&gt;*]:pointer-events-auto scroll-mt-[calc(var(--header-height)+min(200px,max(70px,20svh)))]\" dir=\"auto\" tabindex=\"-1\" data-turn-id=\"request-WEB:48205bd4-bb61-4040-acff-c0b4fb75516c-18\" data-testid=\"conversation-turn-38\" data-scroll-anchor=\"true\" data-turn=\"assistant\"><div class=\"text-base my-auto mx-auto pb-10 [--thread-content-margin:--spacing(4)] @w-sm\/main:[--thread-content-margin:--spacing(6)] @w-lg\/main:[--thread-content-margin:--spacing(16)] px-(--thread-content-margin)\"><div class=\"[--thread-content-max-width:40rem] @w-lg\/main:[--thread-content-max-width:48rem] mx-auto max-w-(--thread-content-max-width) flex-1 group\/turn-messages focus-visible:outline-hidden relative flex w-full min-w-0 flex-col agent-turn\" tabindex=\"-1\"><div class=\"flex max-w-full flex-col grow\"><div class=\"min-h-8 text-message relative flex w-full flex-col items-end gap-2 text-start break-words whitespace-normal [.text-message+&amp;]:mt-1\" dir=\"auto\" data-message-author-role=\"assistant\" data-message-id=\"8c47df03-9619-4b27-80ef-14a6da430839\" data-message-model-slug=\"gpt-5-3-instant\"><div class=\"flex w-full flex-col gap-1 empty:hidden first:pt-[1px]\"><div class=\"markdown prose dark:prose-invert w-full wrap-break-word light markdown-new-styling\"><p data-start=\"317\" data-end=\"733\" data-is-last-node=\"\" data-is-only-node=\"\">\u00dcber die Landschaft verteilt stehen charakteristische Kirchen, historische Geb\u00e4ude und zahlreiche gesch\u00fctzte Denkm\u00e4ler. Sie erz\u00e4hlen die Geschichte der Gemeinschaften, die hier \u00fcber Jahrhunderte hinweg gelebt und gearbeitet haben. W\u00e4hrend einer Wanderung, Fahrradtour oder Bootsfahrt durch das Gebiet begegnen Sie regelm\u00e4\u00dfig diesen besonderen Orten, die die Landschaft von De Alde Feanen zus\u00e4tzlich bereichern.   <\/p><\/div><\/div><\/div><\/div><\/div><\/div><\/article><\/div>\t\t\t\t\t\t\t\t<\/div>\n\t\t\t\t\t<\/div>\n\t\t\t\t<\/div>\n\t\t<div class=\"elementor-element elementor-element-13a2c5d5 e-flex e-con-boxed e-con e-parent\" data-id=\"13a2c5d5\" data-element_type=\"container\" data-e-type=\"container\" data-settings=\"{&quot;jet_parallax_layout_list&quot;:[]}\">\n\t\t\t\t\t<div class=\"e-con-inner\">\n\t\t<div class=\"elementor-element elementor-element-64019a29 e-grid e-con-full e-con e-child\" data-id=\"64019a29\" data-element_type=\"container\" data-e-type=\"container\" data-settings=\"{&quot;jet_parallax_layout_list&quot;:[]}\">\n\t\t\t\t<div class=\"elementor-element elementor-element-58805cf4 elementor-widget elementor-widget-image\" data-id=\"58805cf4\" data-element_type=\"widget\" data-e-type=\"widget\" data-widget_type=\"image.default\">\n\t\t\t\t\t\t\t\t\t\t\t\t\t\t\t<img fetchpriority=\"high\" decoding=\"async\" width=\"800\" height=\"458\" src=\"https:\/\/www.np-aldefeanen.nl\/wp-content\/uploads\/oudega_middeleeuwse-kerk2-960x550.jpg\" class=\"attachment-large size-large wp-image-1991\" alt=\"\" srcset=\"https:\/\/www.np-aldefeanen.nl\/wp-content\/uploads\/oudega_middeleeuwse-kerk2-960x550.jpg 960w, https:\/\/www.np-aldefeanen.nl\/wp-content\/uploads\/oudega_middeleeuwse-kerk2-320x183.jpg 320w, https:\/\/www.np-aldefeanen.nl\/wp-content\/uploads\/oudega_middeleeuwse-kerk2-800x458.jpg 800w, https:\/\/www.np-aldefeanen.nl\/wp-content\/uploads\/oudega_middeleeuwse-kerk2.jpg 1000w\" sizes=\"(max-width: 800px) 100vw, 800px\" \/>\t\t\t\t\t\t\t\t\t\t\t\t\t\t\t<\/div>\n\t\t<div class=\"elementor-element elementor-element-5d483eef e-con-full e-flex e-con e-child\" data-id=\"5d483eef\" data-element_type=\"container\" data-e-type=\"container\" data-settings=\"{&quot;background_background&quot;:&quot;classic&quot;,&quot;jet_parallax_layout_list&quot;:[]}\">\n\t\t\t\t<div class=\"elementor-element elementor-element-45552f6 elementor-widget elementor-widget-heading\" data-id=\"45552f6\" data-element_type=\"widget\" data-e-type=\"widget\" data-widget_type=\"heading.default\">\n\t\t\t\t\t<h2 class=\"elementor-heading-title elementor-size-default\">Kirchengeb\u00e4ude<\/h2>\t\t\t\t<\/div>\n\t\t\t\t<div class=\"elementor-element elementor-element-31db3ebe elementor-widget elementor-widget-text-editor\" data-id=\"31db3ebe\" data-element_type=\"widget\" data-e-type=\"widget\" data-widget_type=\"text-editor.default\">\n\t\t\t\t\t\t\t\t\t<p>In De Alde Feanen finden sich mehrere historische Kirchen. In Wergea steht die Sint-Martinuskerk, eine besondere neugotische Kirche, die zwischen 1860 und 1862 erbaut wurde. Die Kirche kann nach Vereinbarung besichtigt werden.  <\/p><p>Ebenfalls in Wergea befindet sich die ehemalige Nederlands Hervormde Kerk, die in den 1970er- und 1980er-Jahren zu einem kleinen Theater umgebaut wurde.<\/p><p>In Earnew\u00e2ld k\u00f6nnen Sie zwei Kirchen besuchen: die Agneskerk aus dem Jahr 1794 sowie die Hervormde Kerk.<\/p><p>Wer noch \u00e4ltere Kirchen entdecken m\u00f6chte, sollte die Sint-Pieterkerk in Grou besuchen. Diese Kirche stammt aus dem 13. Jahrhundert.<\/p>\t\t\t\t\t\t\t\t<\/div>\n\t\t\t\t<\/div>\n\t\t\t\t<\/div>\n\t\t\t\t\t<\/div>\n\t\t\t\t<\/div>\n\t\t<div class=\"elementor-element elementor-element-7ad973b e-flex e-con-boxed e-con e-parent\" data-id=\"7ad973b\" data-element_type=\"container\" data-e-type=\"container\" data-settings=\"{&quot;jet_parallax_layout_list&quot;:[]}\">\n\t\t\t\t\t<div class=\"e-con-inner\">\n\t\t\t\t<div class=\"elementor-element elementor-element-f8f049d elementor-widget elementor-widget-heading\" data-id=\"f8f049d\" data-element_type=\"widget\" data-e-type=\"widget\" data-widget_type=\"heading.default\">\n\t\t\t\t\t<h2 class=\"elementor-heading-title elementor-size-default\">Nationale Baudenkm\u00e4ler<\/h2>\t\t\t\t<\/div>\n\t\t\t\t<div class=\"elementor-element elementor-element-ac32963 elementor-widget elementor-widget-text-editor\" data-id=\"ac32963\" data-element_type=\"widget\" data-e-type=\"widget\" data-widget_type=\"text-editor.default\">\n\t\t\t\t\t\t\t\t\t<p>In Grou stehen nicht weniger als 43 Geb\u00e4ude auf der Liste der nationalen Baudenkm\u00e4ler (Rijksmonumenten). Die meisten davon sind Wohnh\u00e4user oder Bauernh\u00f6fe, aber auch Kirchen und drei historische Windm\u00fchlen geh\u00f6ren dazu. Das ehemalige Rathaus der Gemeinde Idaarderadeel beherbergt heute ein Museum, in dem unter anderem eine Sammlung aus Porzellan, Gold und Silber zu sehen ist.  <\/p><p>In Earnew\u00e2ld steht It Kokelh\u00fbs fan Jan en Sjut, das ebenfalls als nationales Denkmal registriert ist. Das ehemalige Wohnhaus von Jan und Sjut van den Berg dient heute als Museum. Auch die Hervormde Kirche mit ihrem Turm in Earnew\u00e2ld steht auf der Denkmalliste.  <\/p><p>In Oudega befindet sich ebenfalls eine historische Kirche, die als nationales Denkmal gef\u00fchrt wird. Die Sint-Agathakerk wurde im 12. Jahrhundert erbaut und steht heute zusammen mit dem Kirchturm und dem Friedhof unter Denkmalschutz.  <\/p><p>In Warten gibt es f\u00fcnf nationale Baudenkm\u00e4ler, darunter zwei Windm\u00fchlen und eine Kirche. Au\u00dferdem ist die Greidbuorkerij ein gesch\u00fctztes Denkmal. Sie ist die letzte erhaltene Greidboerderij Frieslands und geh\u00f6rt heute zum Museum Warten.  <\/p>\t\t\t\t\t\t\t\t<\/div>\n\t\t\t\t\t<\/div>\n\t\t\t\t<\/div>\n\t\t\t\t<\/div>\n\t\t","protected":false},"excerpt":{"rendered":"<p>Historische Geb\u00e4ude und Denkm\u00e4ler Liebhaber historischer Architektur kommen in De Alde Feanen voll auf ihre Kosten. In der Region befinden sich mehrere besondere Kirchengeb\u00e4ude und nationale Baudenkm\u00e4ler, die einen Besuch wert sind. \u00dcber die Landschaft verteilt stehen charakteristische Kirchen, historische Geb\u00e4ude und zahlreiche gesch\u00fctzte Denkm\u00e4ler. Sie erz\u00e4hlen die Geschichte der Gemeinschaften, die hier \u00fcber Jahrhunderte [&hellip;]<\/p>\n","protected":false},"author":3,"featured_media":1927,"parent":251,"menu_order":0,"comment_status":"closed","ping_status":"closed","template":"elementor_header_footer","meta":{"footnotes":""},"class_list":["post-2900","page","type-page","status-publish","has-post-thumbnail","hentry"],"_links":{"self":[{"href":"https:\/\/www.np-aldefeanen.nl\/de\/wp-json\/wp\/v2\/pages\/2900","targetHints":{"allow":["GET"]}}],"collection":[{"href":"https:\/\/www.np-aldefeanen.nl\/de\/wp-json\/wp\/v2\/pages"}],"about":[{"href":"https:\/\/www.np-aldefeanen.nl\/de\/wp-json\/wp\/v2\/types\/page"}],"author":[{"embeddable":true,"href":"https:\/\/www.np-aldefeanen.nl\/de\/wp-json\/wp\/v2\/users\/3"}],"replies":[{"embeddable":true,"href":"https:\/\/www.np-aldefeanen.nl\/de\/wp-json\/wp\/v2\/comments?post=2900"}],"version-history":[{"count":0,"href":"https:\/\/www.np-aldefeanen.nl\/de\/wp-json\/wp\/v2\/pages\/2900\/revisions"}],"up":[{"embeddable":true,"href":"https:\/\/www.np-aldefeanen.nl\/de\/wp-json\/wp\/v2\/pages\/251"}],"wp:featuredmedia":[{"embeddable":true,"href":"https:\/\/www.np-aldefeanen.nl\/de\/wp-json\/wp\/v2\/media\/1927"}],"wp:attachment":[{"href":"https:\/\/www.np-aldefeanen.nl\/de\/wp-json\/wp\/v2\/media?parent=2900"}],"curies":[{"name":"wp","href":"https:\/\/api.w.org\/{rel}","templated":true}]}}