{"id":2896,"date":"2018-04-06T15:56:22","date_gmt":"2018-04-06T13:56:22","guid":{"rendered":"https:\/\/www.np-aldefeanen.nl\/?page_id=2896"},"modified":"2026-04-08T16:54:27","modified_gmt":"2026-04-08T14:54:27","slug":"freiwilliger","status":"publish","type":"page","link":"https:\/\/www.np-aldefeanen.nl\/de\/mitmachen-unterstutzen\/freiwilliger\/","title":{"rendered":"Freiwilliger"},"content":{"rendered":"\t\t<div data-elementor-type=\"wp-page\" data-elementor-id=\"2896\" class=\"elementor elementor-2896 elementor-2842\" data-elementor-post-type=\"page\">\n\t\t\t\t<div class=\"elementor-element elementor-element-42955b60 e-flex e-con-boxed e-con e-parent\" data-id=\"42955b60\" data-element_type=\"container\" data-e-type=\"container\" data-settings=\"{&quot;jet_parallax_layout_list&quot;:[]}\">\n\t\t\t\t\t<div class=\"e-con-inner\">\n\t\t\t\t<div class=\"elementor-element elementor-element-701382ce elementor-widget elementor-widget-heading\" data-id=\"701382ce\" data-element_type=\"widget\" data-e-type=\"widget\" data-widget_type=\"heading.default\">\n\t\t\t\t\t<h2 class=\"elementor-heading-title elementor-size-default\">Freiwillige mit Herz f\u00fcr die Natur<\/h2>\t\t\t\t<\/div>\n\t\t\t\t<div class=\"elementor-element elementor-element-21acfe41 elementor-widget elementor-widget-text-editor\" data-id=\"21acfe41\" data-element_type=\"widget\" data-e-type=\"widget\" data-widget_type=\"text-editor.default\">\n\t\t\t\t\t\t\t\t\t<p data-start=\"45\" data-end=\"271\"><strong>Fast 400 engagierte Freiwillige setzen sich f\u00fcr It Fryske Gea ein. Mit ihrer Leidenschaft f\u00fcr Natur und Landschaft leisten sie einen unverzichtbaren Beitrag zum Erhalt und zur Erlebbarkeit der wundersch\u00f6nen Naturgebiete. <\/strong><\/p>\t\t\t\t\t\t\t\t<\/div>\n\t\t\t\t<div class=\"elementor-element elementor-element-56deab7a elementor-widget elementor-widget-text-editor\" data-id=\"56deab7a\" data-element_type=\"widget\" data-e-type=\"widget\" data-widget_type=\"text-editor.default\">\n\t\t\t\t\t\t\t\t\t<p>Ohne Freiwillige w\u00e4re It Fryske Gea undenkbar. M\u00f6chten auch Sie einen Beitrag leisten? F\u00fcr weitere Informationen wenden Sie sich bitte an das Sekretariat unter <a class=\"decorated-link cursor-pointer\" rel=\"noopener\" data-start=\"455\" data-end=\"474\"><strong data-start=\"453\" data-end=\"476\" data-is-only-node=\"\">info@itfryskegea.nl<\/strong><\/a><br>oder telefonisch unter <strong data-start=\"484\" data-end=\"503\">0512 \u2013 38 14 48<\/strong> (an Werktagen von 08:30\u201312:30 Uhr und 13:30\u201317:00 Uhr). Gemeinsam sorgen wir f\u00fcr den Erhalt der friesischen Natur.   <\/p>\t\t\t\t\t\t\t\t<\/div>\n\t\t\t\t\t<\/div>\n\t\t\t\t<\/div>\n\t\t<div class=\"elementor-element elementor-element-da1be98 e-flex e-con-boxed e-con e-parent\" data-id=\"da1be98\" data-element_type=\"container\" data-e-type=\"container\" data-settings=\"{&quot;jet_parallax_layout_list&quot;:[]}\">\n\t\t\t\t\t<div class=\"e-con-inner\">\n\t\t\t\t<div class=\"elementor-element elementor-element-67f03bb elementor-widget elementor-widget-heading\" data-id=\"67f03bb\" data-element_type=\"widget\" data-e-type=\"widget\" data-widget_type=\"heading.default\">\n\t\t\t\t\t<h2 class=\"elementor-heading-title elementor-size-default\">Aufgaben der Freiwilligen bei It Fryske Gea<\/h2>\t\t\t\t<\/div>\n\t\t\t\t<div class=\"elementor-element elementor-element-22f6369 elementor-widget elementor-widget-heading\" data-id=\"22f6369\" data-element_type=\"widget\" data-e-type=\"widget\" data-widget_type=\"heading.default\">\n\t\t\t\t\t<h3 class=\"elementor-heading-title elementor-size-default\">Gastgeberin\/Gastgeber im Besucherzentrum des Nationalparks De Alde Feanen<\/h3>\t\t\t\t<\/div>\n\t\t\t\t<div class=\"elementor-element elementor-element-6e58f00 elementor-widget elementor-widget-text-editor\" data-id=\"6e58f00\" data-element_type=\"widget\" data-e-type=\"widget\" data-widget_type=\"text-editor.default\">\n\t\t\t\t\t\t\t\t\t<p>Sie empfangen Besucher freundlich und hei\u00dfen sie willkommen. Sie helfen bei der Auswahl verschiedener Boots-, Kanu-, Wander- und Fahrradrouten, verkaufen Artikel aus dem Shop, verleihen Forschungsmaterialien der Erlebnisrouten und informieren Besucher \u00fcber aktuelle Naturbeobachtungen im Gebiet. <\/p>\t\t\t\t\t\t\t\t<\/div>\n\t\t\t\t<div class=\"elementor-element elementor-element-ef91e8b elementor-widget elementor-widget-heading\" data-id=\"ef91e8b\" data-element_type=\"widget\" data-e-type=\"widget\" data-widget_type=\"heading.default\">\n\t\t\t\t\t<h3 class=\"elementor-heading-title elementor-size-default\">Exkursionsbegleiter<\/h3>\t\t\t\t<\/div>\n\t\t\t\t<div class=\"elementor-element elementor-element-c3cb0a7 elementor-widget elementor-widget-text-editor\" data-id=\"c3cb0a7\" data-element_type=\"widget\" data-e-type=\"widget\" data-widget_type=\"text-editor.default\">\n\t\t\t\t\t\t\t\t\t<p>Sie begleiten Teilnehmer bei Exkursionen \u2013 zu Fu\u00df, mit dem Fahrrad, im Kanu, mit dem Ausflugsboot oder manchmal sogar mit dem Bus. Sie lassen die Teilnehmer die Natur selbst entdecken, erz\u00e4hlen \u00fcber besondere Pflanzen und Tiere und erkl\u00e4ren, wie It Fryske Gea seine Naturgebiete pflegt.  <\/p>\t\t\t\t\t\t\t\t<\/div>\n\t\t\t\t<div class=\"elementor-element elementor-element-2a381d7 elementor-widget elementor-widget-heading\" data-id=\"2a381d7\" data-element_type=\"widget\" data-e-type=\"widget\" data-widget_type=\"heading.default\">\n\t\t\t\t\t<h3 class=\"elementor-heading-title elementor-size-default\">Freiwillige f\u00fcr Schulprogramme \/ Jugend<\/h3>\t\t\t\t<\/div>\n\t\t\t\t<div class=\"elementor-element elementor-element-7cc37e2 elementor-widget elementor-widget-text-editor\" data-id=\"7cc37e2\" data-element_type=\"widget\" data-e-type=\"widget\" data-widget_type=\"text-editor.default\">\n\t\t\t\t\t\t\t\t\t<p>Sie unterst\u00fctzen Grundschulen bei der Umwelt- und Naturbildung. Im Bildungsraum des Besucherzentrums werden praktische Unterrichtseinheiten angeboten. Noch sch\u00f6ner ist es, wenn die Klasse nach drau\u00dfen geht, damit Kinder die Natur wirklich erleben k\u00f6nnen. Oft h\u00f6ren wir:<br>\u201eDas ist noch sch\u00f6ner als ein Schulausflug!\u201c   <\/p>\t\t\t\t\t\t\t\t<\/div>\n\t\t\t\t<div class=\"elementor-element elementor-element-0ad0d2e elementor-widget elementor-widget-heading\" data-id=\"0ad0d2e\" data-element_type=\"widget\" data-e-type=\"widget\" data-widget_type=\"heading.default\">\n\t\t\t\t\t<h3 class=\"elementor-heading-title elementor-size-default\">Schulausflugsf\u00fchrer<\/h3>\t\t\t\t<\/div>\n\t\t\t\t<div class=\"elementor-element elementor-element-80fcad3 elementor-widget elementor-widget-text-editor\" data-id=\"80fcad3\" data-element_type=\"widget\" data-e-type=\"widget\" data-widget_type=\"text-editor.default\">\n\t\t\t\t\t\t\t\t\t<p>Sie verbringen einen ganzen Tag mit einer Gruppe von Kindern und bieten ihnen ein unvergessliches Natur- und Survival-Erlebnis. Diese Survival-Schulausfl\u00fcge finden in den Monaten <em>Mai, Juni, Juli und September<\/em> statt. Sie begleiten drei Programmpunkte: Wassertiere entdecken, Sport- und Spielaktivit\u00e4ten sowie eine Survival-Aktivit\u00e4t. F\u00fcr j\u00fcngere und \u00e4ltere Klassen gibt es unterschiedliche <a href=\"https:\/\/www.np-aldefeanen.nl\/ontdekken\/doe-mee\/schoolreisgids\/\" target=\"_blank\" rel=\"noopener\">Programme<\/a>.     <\/p>\t\t\t\t\t\t\t\t<\/div>\n\t\t\t\t<div class=\"elementor-element elementor-element-c36d953 elementor-widget elementor-widget-heading\" data-id=\"c36d953\" data-element_type=\"widget\" data-e-type=\"widget\" data-widget_type=\"heading.default\">\n\t\t\t\t\t<h3 class=\"elementor-heading-title elementor-size-default\">Promotionsfreiwillige<\/h3>\t\t\t\t<\/div>\n\t\t\t\t<div class=\"elementor-element elementor-element-0e39f5a elementor-widget elementor-widget-text-editor\" data-id=\"0e39f5a\" data-element_type=\"widget\" data-e-type=\"widget\" data-widget_type=\"text-editor.default\">\n\t\t\t\t\t\t\t\t\t<p>Sie sind Teil unseres Promotionsteams, das neue Mitglieder gewinnt. Dies geschieht bei Tagen der offenen T\u00fcr und Veranstaltungen in der Provinz. Mit dem speziellen Promotion-Anh\u00e4nger reisen Sie durch Friesland und informieren Interessierte \u00fcber die Arbeit von It Fryske Gea sowie \u00fcber die Naturgebiete.   <\/p>\t\t\t\t\t\t\t\t<\/div>\n\t\t\t\t<div class=\"elementor-element elementor-element-24af085 elementor-widget elementor-widget-heading\" data-id=\"24af085\" data-element_type=\"widget\" data-e-type=\"widget\" data-widget_type=\"heading.default\">\n\t\t\t\t\t<h3 class=\"elementor-heading-title elementor-size-default\">Inventarisierungsfreiwillige<\/h3>\t\t\t\t<\/div>\n\t\t\t\t<div class=\"elementor-element elementor-element-8ed639e elementor-widget elementor-widget-text-editor\" data-id=\"8ed639e\" data-element_type=\"widget\" data-e-type=\"widget\" data-widget_type=\"text-editor.default\">\n\t\t\t\t\t\t\t\t\t<p>Sie helfen dabei, die Qualit\u00e4t von Naturdaten zu \u00fcberwachen, indem Sie aktuelle Bestandsaufnahmen von Pflanzen und Tieren durchf\u00fchren. Ihre Beobachtungen helfen bei der Erstellung von Pflegepl\u00e4nen und bei der Bewertung von Naturschutzma\u00dfnahmen. Au\u00dferdem tragen diese Daten dazu bei, den Natura-2000-Status bestimmter Gebiete zu sichern.  <\/p>\t\t\t\t\t\t\t\t<\/div>\n\t\t\t\t<div class=\"elementor-element elementor-element-540b252 elementor-widget elementor-widget-heading\" data-id=\"540b252\" data-element_type=\"widget\" data-e-type=\"widget\" data-widget_type=\"heading.default\">\n\t\t\t\t\t<h3 class=\"elementor-heading-title elementor-size-default\">Freiwillige im Naturmanagement<\/h3>\t\t\t\t<\/div>\n\t\t\t\t<div class=\"elementor-element elementor-element-205f582 elementor-widget elementor-widget-text-editor\" data-id=\"205f582\" data-element_type=\"widget\" data-e-type=\"widget\" data-widget_type=\"text-editor.default\">\n\t\t\t\t\t\t\t\t\t<p>Sie unterst\u00fctzen bei der Pflege von Entenkojen, Parks und Naturgebieten. Zu den Aufgaben geh\u00f6ren unter anderem das Aufstellen von Schilfschirmen, das Instandhalten von Fangarmen, das Entfernen von Jungb\u00e4umen, das Aufr\u00e4umen von M\u00e4hgut und das Reinigen von Faunatunneln. <\/p>\t\t\t\t\t\t\t\t<\/div>\n\t\t\t\t\t<\/div>\n\t\t\t\t<\/div>\n\t\t<div class=\"elementor-element elementor-element-3d4a36bb e-flex e-con-boxed e-con e-parent\" data-id=\"3d4a36bb\" data-element_type=\"container\" data-e-type=\"container\" data-settings=\"{&quot;jet_parallax_layout_list&quot;:[]}\">\n\t\t\t\t\t<div class=\"e-con-inner\">\n\t\t<div class=\"elementor-element elementor-element-137201ff e-grid e-con-full e-con e-child\" data-id=\"137201ff\" data-element_type=\"container\" data-e-type=\"container\" data-settings=\"{&quot;jet_parallax_layout_list&quot;:[]}\">\n\t\t\t\t<div class=\"elementor-element elementor-element-38485b57 elementor-widget elementor-widget-image\" data-id=\"38485b57\" data-element_type=\"widget\" data-e-type=\"widget\" data-widget_type=\"image.default\">\n\t\t\t\t\t\t\t\t\t\t\t\t\t\t\t<img fetchpriority=\"high\" decoding=\"async\" width=\"800\" height=\"374\" src=\"https:\/\/www.np-aldefeanen.nl\/wp-content\/uploads\/NP-alde-feanen-960x449.jpg\" class=\"attachment-large size-large wp-image-2613\" alt=\"\" srcset=\"https:\/\/www.np-aldefeanen.nl\/wp-content\/uploads\/NP-alde-feanen-960x449.jpg 960w, https:\/\/www.np-aldefeanen.nl\/wp-content\/uploads\/NP-alde-feanen-320x150.jpg 320w, https:\/\/www.np-aldefeanen.nl\/wp-content\/uploads\/NP-alde-feanen-800x374.jpg 800w, https:\/\/www.np-aldefeanen.nl\/wp-content\/uploads\/NP-alde-feanen.jpg 1000w\" sizes=\"(max-width: 800px) 100vw, 800px\" \/>\t\t\t\t\t\t\t\t\t\t\t\t\t\t\t<\/div>\n\t\t<div class=\"elementor-element elementor-element-6bee03c2 e-con-full e-flex e-con e-child\" data-id=\"6bee03c2\" data-element_type=\"container\" data-e-type=\"container\" data-settings=\"{&quot;background_background&quot;:&quot;classic&quot;,&quot;jet_parallax_layout_list&quot;:[]}\">\n\t\t\t\t<div class=\"elementor-element elementor-element-4afab18a elementor-widget elementor-widget-heading\" data-id=\"4afab18a\" data-element_type=\"widget\" data-e-type=\"widget\" data-widget_type=\"heading.default\">\n\t\t\t\t\t<h2 class=\"elementor-heading-title elementor-size-default\">Ehrenamtliche Naturaufsicht<\/h2>\t\t\t\t<\/div>\n\t\t\t\t<div class=\"elementor-element elementor-element-b448ac4 elementor-widget elementor-widget-text-editor\" data-id=\"b448ac4\" data-element_type=\"widget\" data-e-type=\"widget\" data-widget_type=\"text-editor.default\">\n\t\t\t\t\t\t\t\t\t<p>Als freiwillige Aufsichtsperson achten Sie darauf, dass Besucher die Regeln im Naturgebiet einhalten. Sie sprechen beispielsweise Spazierg\u00e4nger mit frei laufenden Hunden an, um St\u00f6rungen der Natur zu vermeiden, und informieren Besucher \u00fcber die wichtigsten Verhaltensregeln im Gebiet.<\/p>\t\t\t\t\t\t\t\t<\/div>\n\t\t\t\t<\/div>\n\t\t\t\t<\/div>\n\t\t\t\t\t<\/div>\n\t\t\t\t<\/div>\n\t\t\t\t<\/div>\n\t\t","protected":false},"excerpt":{"rendered":"<p>Freiwillige mit Herz f\u00fcr die Natur Fast 400 engagierte Freiwillige setzen sich f\u00fcr It Fryske Gea ein. Mit ihrer Leidenschaft f\u00fcr Natur und Landschaft leisten sie einen unverzichtbaren Beitrag zum Erhalt und zur Erlebbarkeit der wundersch\u00f6nen Naturgebiete. Ohne Freiwillige w\u00e4re It Fryske Gea undenkbar. M\u00f6chten auch Sie einen Beitrag leisten? F\u00fcr weitere Informationen wenden Sie [&hellip;]<\/p>\n","protected":false},"author":3,"featured_media":2202,"parent":9084,"menu_order":7,"comment_status":"closed","ping_status":"closed","template":"elementor_header_footer","meta":{"footnotes":""},"class_list":["post-2896","page","type-page","status-publish","has-post-thumbnail","hentry"],"_links":{"self":[{"href":"https:\/\/www.np-aldefeanen.nl\/de\/wp-json\/wp\/v2\/pages\/2896","targetHints":{"allow":["GET"]}}],"collection":[{"href":"https:\/\/www.np-aldefeanen.nl\/de\/wp-json\/wp\/v2\/pages"}],"about":[{"href":"https:\/\/www.np-aldefeanen.nl\/de\/wp-json\/wp\/v2\/types\/page"}],"author":[{"embeddable":true,"href":"https:\/\/www.np-aldefeanen.nl\/de\/wp-json\/wp\/v2\/users\/3"}],"replies":[{"embeddable":true,"href":"https:\/\/www.np-aldefeanen.nl\/de\/wp-json\/wp\/v2\/comments?post=2896"}],"version-history":[{"count":0,"href":"https:\/\/www.np-aldefeanen.nl\/de\/wp-json\/wp\/v2\/pages\/2896\/revisions"}],"up":[{"embeddable":true,"href":"https:\/\/www.np-aldefeanen.nl\/de\/wp-json\/wp\/v2\/pages\/9084"}],"wp:featuredmedia":[{"embeddable":true,"href":"https:\/\/www.np-aldefeanen.nl\/de\/wp-json\/wp\/v2\/media\/2202"}],"wp:attachment":[{"href":"https:\/\/www.np-aldefeanen.nl\/de\/wp-json\/wp\/v2\/media?parent=2896"}],"curies":[{"name":"wp","href":"https:\/\/api.w.org\/{rel}","templated":true}]}}