{"id":2893,"date":"2018-02-05T16:08:54","date_gmt":"2018-02-05T15:08:54","guid":{"rendered":"https:\/\/www.np-aldefeanen.nl\/?page_id=2893"},"modified":"2026-04-08T13:28:58","modified_gmt":"2026-04-08T11:28:58","slug":"management","status":"publish","type":"page","link":"https:\/\/www.np-aldefeanen.nl\/de\/management\/","title":{"rendered":"Management"},"content":{"rendered":"\t\t<div data-elementor-type=\"wp-page\" data-elementor-id=\"2893\" class=\"elementor elementor-2893 elementor-1655\" data-elementor-post-type=\"page\">\n\t\t\t\t<div class=\"elementor-element elementor-element-9b69b6c e-flex e-con-boxed e-con e-parent\" data-id=\"9b69b6c\" data-element_type=\"container\" data-e-type=\"container\" data-settings=\"{&quot;jet_parallax_layout_list&quot;:[]}\">\n\t\t\t\t\t<div class=\"e-con-inner\">\n\t\t\t\t<div class=\"elementor-element elementor-element-3a6bb237 elementor-widget elementor-widget-heading\" data-id=\"3a6bb237\" data-element_type=\"widget\" data-e-type=\"widget\" data-widget_type=\"heading.default\">\n\t\t\t\t\t<h2 class=\"elementor-heading-title elementor-size-default\">Naturmanagement im Nationalpark De Alde Feanen<\/h2>\t\t\t\t<\/div>\n\t\t\t\t<div class=\"elementor-element elementor-element-4b9f025f elementor-widget elementor-widget-text-editor\" data-id=\"4b9f025f\" data-element_type=\"widget\" data-e-type=\"widget\" data-widget_type=\"text-editor.default\">\n\t\t\t\t\t\t\t\t\t<p data-start=\"62\" data-end=\"367\"><strong>Das Management des Nationalparks De Alde Feanen konzentriert sich vor allem darauf, die vorhandenen Naturwerte zu erhalten und zu st\u00e4rken. Ein gro\u00dfer Teil dieser Arbeit wird von der Naturschutzorganisation <a href=\"https:\/\/www.itfryskegea.nl\/natuurgebied\/nationaal-park-alde-feanen\/werkzaamheden\/\" target=\"_blank\" rel=\"noopener\">It Fryske Gea<\/a> durchgef\u00fchrt, die sich f\u00fcr den Schutz und die Weiterentwicklung dieses einzigartigen Naturgebietes einsetzt. <\/strong><\/p>\t\t\t\t\t\t\t\t<\/div>\n\t\t\t\t<div class=\"elementor-element elementor-element-247174fb elementor-widget elementor-widget-text-editor\" data-id=\"247174fb\" data-element_type=\"widget\" data-e-type=\"widget\" data-widget_type=\"text-editor.default\">\n\t\t\t\t\t\t\t\t\t<div class=\"flex flex-col text-sm pb-25\"><article class=\"text-token-text-primary w-full focus:outline-none [--shadow-height:45px] has-data-writing-block:pointer-events-none has-data-writing-block:-mt-(--shadow-height) has-data-writing-block:pt-(--shadow-height) [&amp;:has([data-writing-block])&gt;*]:pointer-events-auto scroll-mt-[calc(var(--header-height)+min(200px,max(70px,20svh)))]\" dir=\"auto\" tabindex=\"-1\" data-turn-id=\"request-WEB:87e85cd1-39ba-40e5-91dd-4de0029b8578-37\" data-testid=\"conversation-turn-4\" data-scroll-anchor=\"true\" data-turn=\"assistant\"><div class=\"text-base my-auto mx-auto pb-10 [--thread-content-margin:var(--thread-content-margin-xs,calc(var(--spacing)*4))] @w-sm\/main:[--thread-content-margin:var(--thread-content-margin-sm,calc(var(--spacing)*6))] @w-lg\/main:[--thread-content-margin:var(--thread-content-margin-lg,calc(var(--spacing)*16))] px-(--thread-content-margin)\"><div class=\"[--thread-content-max-width:40rem] @w-lg\/main:[--thread-content-max-width:48rem] mx-auto max-w-(--thread-content-max-width) flex-1 group\/turn-messages focus-visible:outline-hidden relative flex w-full min-w-0 flex-col agent-turn\" tabindex=\"-1\"><div class=\"flex max-w-full flex-col gap-4 grow\"><div class=\"min-h-8 text-message relative flex w-full flex-col items-end gap-2 text-start break-words whitespace-normal [.text-message+&amp;]:mt-1\" dir=\"auto\" data-message-author-role=\"assistant\" data-message-id=\"6cfd45e6-81dd-48d1-b7ff-b4b5f6a31308\" data-message-model-slug=\"gpt-5-3-instant\"><div class=\"flex w-full flex-col gap-1 empty:hidden\"><div class=\"markdown prose dark:prose-invert w-full wrap-break-word light markdown-new-styling\"><p data-start=\"384\" data-end=\"766\" data-is-last-node=\"\" data-is-only-node=\"\">De Alde Feanen besteht aus einer abwechslungsreichen Landschaft mit verschiedenen Lebensr\u00e4umen wie Moorgebieten, offenen Wasserfl\u00e4chen, Schilfgebieten und Wiesenlandschaften. Durch diese Vielfalt ben\u00f6tigt jedes Teilgebiet eine eigene Form der Pflege. Das Naturmanagement wird daher sorgf\u00e4ltig auf die Eigenschaften der Landschaft abgestimmt, damit Pflanzen und Tiere optimale Lebensbedingungen finden und das Gebiet seinen nat\u00fcrlichen Charakter bewahrt.  <\/p><\/div><\/div><\/div><\/div><\/div><\/div><\/article><\/div>\t\t\t\t\t\t\t\t<\/div>\n\t\t\t\t\t<\/div>\n\t\t\t\t<\/div>\n\t\t<div class=\"elementor-element elementor-element-202c2b27 e-flex e-con-boxed e-con e-parent\" data-id=\"202c2b27\" data-element_type=\"container\" data-e-type=\"container\" data-settings=\"{&quot;jet_parallax_layout_list&quot;:[]}\">\n\t\t\t\t\t<div class=\"e-con-inner\">\n\t\t<div class=\"elementor-element elementor-element-1ae7806f e-grid e-con-full e-con e-child\" data-id=\"1ae7806f\" data-element_type=\"container\" data-e-type=\"container\" data-settings=\"{&quot;jet_parallax_layout_list&quot;:[]}\">\n\t\t\t\t<div class=\"elementor-element elementor-element-40e2c84b elementor-widget elementor-widget-image\" data-id=\"40e2c84b\" data-element_type=\"widget\" data-e-type=\"widget\" data-widget_type=\"image.default\">\n\t\t\t\t\t\t\t\t\t\t\t\t\t\t\t<img fetchpriority=\"high\" decoding=\"async\" width=\"800\" height=\"533\" src=\"https:\/\/www.np-aldefeanen.nl\/wp-content\/uploads\/NP-De_Alde_Feanen-195-960x640.jpg\" class=\"attachment-large size-large wp-image-1718\" alt=\"\" srcset=\"https:\/\/www.np-aldefeanen.nl\/wp-content\/uploads\/NP-De_Alde_Feanen-195-960x640.jpg 960w, https:\/\/www.np-aldefeanen.nl\/wp-content\/uploads\/NP-De_Alde_Feanen-195-253x169.jpg 253w, https:\/\/www.np-aldefeanen.nl\/wp-content\/uploads\/NP-De_Alde_Feanen-195-320x213.jpg 320w, https:\/\/www.np-aldefeanen.nl\/wp-content\/uploads\/NP-De_Alde_Feanen-195-800x533.jpg 800w\" sizes=\"(max-width: 800px) 100vw, 800px\" \/>\t\t\t\t\t\t\t\t\t\t\t\t\t\t\t<\/div>\n\t\t<div class=\"elementor-element elementor-element-ce5e6d e-con-full e-flex e-con e-child\" data-id=\"ce5e6d\" data-element_type=\"container\" data-e-type=\"container\" data-settings=\"{&quot;background_background&quot;:&quot;classic&quot;,&quot;jet_parallax_layout_list&quot;:[]}\">\n\t\t\t\t<div class=\"elementor-element elementor-element-4f520be9 elementor-widget elementor-widget-heading\" data-id=\"4f520be9\" data-element_type=\"widget\" data-e-type=\"widget\" data-widget_type=\"heading.default\">\n\t\t\t\t\t<h2 class=\"elementor-heading-title elementor-size-default\">Management der offenen Wasserfl\u00e4chen<\/h2>\t\t\t\t<\/div>\n\t\t\t\t<div class=\"elementor-element elementor-element-5e72cf97 elementor-widget elementor-widget-text-editor\" data-id=\"5e72cf97\" data-element_type=\"widget\" data-e-type=\"widget\" data-widget_type=\"text-editor.default\">\n\t\t\t\t\t\t\t\t\t<p>Das Wassermanagement zielt vor allem darauf ab, die Wasserqualit\u00e4t, die Klarheit des Wassers und das Wachstum von Wasser- und Uferpflanzen zu verbessern. Dazu werden verschiedene Ma\u00dfnahmen umgesetzt: <\/p><ul><li>Zonierung: weniger Bootsverkehr in bestimmten Bereichen, damit Wasserpflanzen besser wachsen k\u00f6nnen<\/li><li>Ausbaggern von Bereichen mit verschmutzten Sedimenten<\/li><li>Aktives biologisches Management: Wei\u00dffische werden reduziert und Hechte eingesetzt. Dadurch entstehen weniger Algen und das Wasser wird klarer, was Wasserpflanzen zugutekommt<\/li><li>Oeverbescherming d.m.v. steenstort. Dit biedt paaiplaatsen voor vissen en bevordert de vestiging van water- en oevervegetatie die nestgelegenheid biedt voor rietvogels <\/li><\/ul>\t\t\t\t\t\t\t\t<\/div>\n\t\t\t\t<\/div>\n\t\t\t\t<\/div>\n\t\t\t\t\t<\/div>\n\t\t\t\t<\/div>\n\t\t<div class=\"elementor-element elementor-element-8a00e62 e-flex e-con-boxed e-con e-parent\" data-id=\"8a00e62\" data-element_type=\"container\" data-e-type=\"container\" data-settings=\"{&quot;jet_parallax_layout_list&quot;:[]}\">\n\t\t\t\t\t<div class=\"e-con-inner\">\n\t\t<div class=\"elementor-element elementor-element-11a6904 e-grid e-con-full e-con e-child\" data-id=\"11a6904\" data-element_type=\"container\" data-e-type=\"container\" data-settings=\"{&quot;jet_parallax_layout_list&quot;:[]}\">\n\t\t\t\t<div class=\"elementor-element elementor-element-267d973 elementor-widget elementor-widget-image\" data-id=\"267d973\" data-element_type=\"widget\" data-e-type=\"widget\" data-widget_type=\"image.default\">\n\t\t\t\t\t\t\t\t\t\t\t\t\t\t\t<img decoding=\"async\" width=\"800\" height=\"533\" src=\"https:\/\/www.np-aldefeanen.nl\/wp-content\/uploads\/NP-De_Alde_Feanen-144-960x640.jpg\" class=\"attachment-large size-large wp-image-1721\" alt=\"\" srcset=\"https:\/\/www.np-aldefeanen.nl\/wp-content\/uploads\/NP-De_Alde_Feanen-144-960x640.jpg 960w, https:\/\/www.np-aldefeanen.nl\/wp-content\/uploads\/NP-De_Alde_Feanen-144-253x169.jpg 253w, https:\/\/www.np-aldefeanen.nl\/wp-content\/uploads\/NP-De_Alde_Feanen-144-320x213.jpg 320w, https:\/\/www.np-aldefeanen.nl\/wp-content\/uploads\/NP-De_Alde_Feanen-144-800x533.jpg 800w\" sizes=\"(max-width: 800px) 100vw, 800px\" \/>\t\t\t\t\t\t\t\t\t\t\t\t\t\t\t<\/div>\n\t\t<div class=\"elementor-element elementor-element-3ee970a e-con-full e-flex e-con e-child\" data-id=\"3ee970a\" data-element_type=\"container\" data-e-type=\"container\" data-settings=\"{&quot;background_background&quot;:&quot;classic&quot;,&quot;jet_parallax_layout_list&quot;:[]}\">\n\t\t\t\t<div class=\"elementor-element elementor-element-bef47fa elementor-widget elementor-widget-heading\" data-id=\"bef47fa\" data-element_type=\"widget\" data-e-type=\"widget\" data-widget_type=\"heading.default\">\n\t\t\t\t\t<h2 class=\"elementor-heading-title elementor-size-default\">Management der Schilfgebiete<\/h2>\t\t\t\t<\/div>\n\t\t\t\t<div class=\"elementor-element elementor-element-5edc943 elementor-widget elementor-widget-text-editor\" data-id=\"5edc943\" data-element_type=\"widget\" data-e-type=\"widget\" data-widget_type=\"text-editor.default\">\n\t\t\t\t\t\t\t\t\t<p>In De Alde Feanen gibt es gro\u00dfe Schilffl\u00e4chen. Diese werden auf unterschiedliche Weise gepflegt: <\/p><ul><li>Keine Eingriffe: Wasserschilf (Schilf, das im Wasser w\u00e4chst) wird meist nicht gem\u00e4ht. Unter den nassen Bedingungen besteht nur geringe Gefahr der Verbuschung oder Bewaldung. Mehrj\u00e4hriges Wasserschilf bietet wichtige Brutpl\u00e4tze f\u00fcr seltene Sumpfv\u00f6gel. <\/li><li>J\u00e4hrliche Mahd im Winter: um die offene Landschaft zu erhalten. Ein Teil wird von It Fryske Gea selbst gem\u00e4ht, der gr\u00f6\u00dfte Teil wird jedoch an Schilfschneider aus der Umgebung verpachtet. <\/li><li>J\u00e4hrliche Mahd im Sommer: Wenn ein Teil des Schilfs im Sommer gem\u00e4ht wird, verschwindet das Schilf und es entstehen n\u00e4hrstoffarme, feuchte Wiesen mit Pflanzen wie Sumpfdotterblume, Kuckucks-Lichtnelke, Hahnenfu\u00df und Sumpforchidee.<\/li><\/ul>\t\t\t\t\t\t\t\t<\/div>\n\t\t\t\t<\/div>\n\t\t\t\t<\/div>\n\t\t\t\t\t<\/div>\n\t\t\t\t<\/div>\n\t\t<div class=\"elementor-element elementor-element-d9f6329 e-flex e-con-boxed e-con e-parent\" data-id=\"d9f6329\" data-element_type=\"container\" data-e-type=\"container\" data-settings=\"{&quot;jet_parallax_layout_list&quot;:[]}\">\n\t\t\t\t\t<div class=\"e-con-inner\">\n\t\t\t\t<div class=\"elementor-element elementor-element-b7fb617 elementor-widget elementor-widget-heading\" data-id=\"b7fb617\" data-element_type=\"widget\" data-e-type=\"widget\" data-widget_type=\"heading.default\">\n\t\t\t\t\t<h2 class=\"elementor-heading-title elementor-size-default\">Management der Wiesen<\/h2>\t\t\t\t<\/div>\n\t\t\t\t<div class=\"elementor-element elementor-element-0922302 elementor-widget elementor-widget-text-editor\" data-id=\"0922302\" data-element_type=\"widget\" data-e-type=\"widget\" data-widget_type=\"text-editor.default\">\n\t\t\t\t\t\t\t\t\t<div class=\"flex flex-col text-sm pb-25\"><article class=\"text-token-text-primary w-full focus:outline-none [--shadow-height:45px] has-data-writing-block:pointer-events-none has-data-writing-block:-mt-(--shadow-height) has-data-writing-block:pt-(--shadow-height) [&amp;:has([data-writing-block])&gt;*]:pointer-events-auto scroll-mt-[calc(var(--header-height)+min(200px,max(70px,20svh)))]\" dir=\"auto\" tabindex=\"-1\" data-turn-id=\"request-WEB:87e85cd1-39ba-40e5-91dd-4de0029b8578-37\" data-testid=\"conversation-turn-4\" data-scroll-anchor=\"true\" data-turn=\"assistant\"><div class=\"text-base my-auto mx-auto pb-10 [--thread-content-margin:var(--thread-content-margin-xs,calc(var(--spacing)*4))] @w-sm\/main:[--thread-content-margin:var(--thread-content-margin-sm,calc(var(--spacing)*6))] @w-lg\/main:[--thread-content-margin:var(--thread-content-margin-lg,calc(var(--spacing)*16))] px-(--thread-content-margin)\"><div class=\"[--thread-content-max-width:40rem] @w-lg\/main:[--thread-content-max-width:48rem] mx-auto max-w-(--thread-content-max-width) flex-1 group\/turn-messages focus-visible:outline-hidden relative flex w-full min-w-0 flex-col agent-turn\" tabindex=\"-1\"><div class=\"flex max-w-full flex-col gap-4 grow\"><div class=\"min-h-8 text-message relative flex w-full flex-col items-end gap-2 text-start break-words whitespace-normal [.text-message+&amp;]:mt-1\" dir=\"auto\" data-message-author-role=\"assistant\" data-message-id=\"6cfd45e6-81dd-48d1-b7ff-b4b5f6a31308\" data-message-model-slug=\"gpt-5-3-instant\"><div class=\"flex w-full flex-col gap-1 empty:hidden\"><div class=\"markdown prose dark:prose-invert w-full wrap-break-word light markdown-new-styling\"><p>In De Alde Feanen gibt es Sommerpolder, Winterpolder und sogenannte Legakker (Torfstreifen). Sie werden unterschiedlich bewirtschaftet. <\/p><\/div><\/div><\/div><\/div><\/div><\/div><\/article><\/div>\t\t\t\t\t\t\t\t<\/div>\n\t\t\t\t<div class=\"elementor-element elementor-element-7fdc9b4 elementor-widget elementor-widget-heading\" data-id=\"7fdc9b4\" data-element_type=\"widget\" data-e-type=\"widget\" data-widget_type=\"heading.default\">\n\t\t\t\t\t<h3 class=\"elementor-heading-title elementor-size-default\">Sommerpolder<\/h3>\t\t\t\t<\/div>\n\t\t\t\t<div class=\"elementor-element elementor-element-88c2d4a elementor-widget elementor-widget-text-editor\" data-id=\"88c2d4a\" data-element_type=\"widget\" data-e-type=\"widget\" data-widget_type=\"text-editor.default\">\n\t\t\t\t\t\t\t\t\t<p>Sommerpolder sind Wiesenpolder, die im Winter (1. November bis 1. M\u00e4rz) unter Wasser stehen. Laban, De Wyldlannen und Polder Grondsma geh\u00f6rten fr\u00fcher zum offenen Wasser- und \u00dcberschwemmungsgebiet und waren Teil von rund 100.000 Hektar dieser Landschaftsform in Friesland. Damals gab es kaum Wasserprobleme, weil diese Gebiete als nat\u00fcrliche Wasserspeicher dienten und nur wenige Menschen dort lebten. Sp\u00e4ter wurden viele dieser Fl\u00e4chen eingedeicht und entw\u00e4ssert. Die verbliebenen Sommerpolder haben wichtige Naturwerte:    <\/p><ul><li>Schlafpl\u00e4tze f\u00fcr Enten und G\u00e4nse im Winter<\/li><li>Rast- und Nahrungspl\u00e4tze f\u00fcr Watv\u00f6gel im fr\u00fchen Fr\u00fchjahr<\/li><li>Brutgebiete f\u00fcr Wiesenv\u00f6gel<\/li><li>hohe landschaftliche und botanische Bedeutung<\/li><\/ul><p>Die Sommerpolder werden an Bauern verpachtet, die dort im Sommer Jungvieh weiden lassen. Fl\u00e4chen ohne Beweidung werden von It Fryske Gea gem\u00e4ht. Die Mahd erfolgt erst nach dem 1. Juli, also nach der Brutzeit der Wiesenv\u00f6gel. Nach der Mahd werden einige Fl\u00e4chen mit K\u00fchen oder Schafen nachbeweidet. Da es sich urspr\u00fcnglich um landwirtschaftliche Fl\u00e4chen handelt, werden Gr\u00e4ben, Kan\u00e4le und Z\u00e4une weiterhin gepflegt. Das Management ist aufwendig, weil es sich um sogenanntes \u201eBootsland\u201c handelt \u2013 Material, Vieh und Heu m\u00fcssen mit dem Boot transportiert werden.     <\/p>\t\t\t\t\t\t\t\t<\/div>\n\t\t\t\t<div class=\"elementor-element elementor-element-8f002f3 elementor-widget elementor-widget-heading\" data-id=\"8f002f3\" data-element_type=\"widget\" data-e-type=\"widget\" data-widget_type=\"heading.default\">\n\t\t\t\t\t<h3 class=\"elementor-heading-title elementor-size-default\">Winterpolder<\/h3>\t\t\t\t<\/div>\n\t\t\t\t<div class=\"elementor-element elementor-element-3452560 elementor-widget elementor-widget-text-editor\" data-id=\"3452560\" data-element_type=\"widget\" data-e-type=\"widget\" data-widget_type=\"text-editor.default\">\n\t\t\t\t\t\t\t\t\t<p>Winterpolder sind Wiesenpolder, die das ganze Jahr \u00fcber entw\u00e4ssert werden und gr\u00f6\u00dftenteils trocken bleiben. Einer der bekanntesten ist De Bolderen. Dieses Gebiet ist bekannt f\u00fcr seine niedrige Lage, das aufsteigende Grundwasser und seine besondere n\u00e4hrstoffarme Vegetation. Das Management konzentriert sich vor allem auf den Erhalt des Graslandes. Einmal j\u00e4hrlich wird gem\u00e4ht (nach dem 15. Juni) und die Beweidung erfolgt extensiv, also mit wenigen Tieren auf einer gro\u00dfen Fl\u00e4che.    <\/p>\t\t\t\t\t\t\t\t<\/div>\n\t\t\t\t<div class=\"elementor-element elementor-element-76a5d34 elementor-widget elementor-widget-heading\" data-id=\"76a5d34\" data-element_type=\"widget\" data-e-type=\"widget\" data-widget_type=\"heading.default\">\n\t\t\t\t\t<h3 class=\"elementor-heading-title elementor-size-default\">Die Legakker (Stripen)\n<\/h3>\t\t\t\t<\/div>\n\t\t\t\t<div class=\"elementor-element elementor-element-0ff8edb elementor-widget elementor-widget-text-editor\" data-id=\"0ff8edb\" data-element_type=\"widget\" data-e-type=\"widget\" data-widget_type=\"text-editor.default\">\n\t\t\t\t\t\t\t\t\t<p>In De Alde Feanen gibt es viele Legakker, schmale Landstreifen, die aus der Zeit des Torfabbaus stammen. Fr\u00fcher wurde hier der Torf zum Trocknen ausgelegt. Fr\u00fcher wurden viele dieser Fl\u00e4chen von Bauern aus der Umgebung gem\u00e4ht und als Heuwiesen genutzt. Auch heute werden die Legakker j\u00e4hrlich gem\u00e4ht, um ihre landschaftlichen und botanischen Werte zu erhalten. Typische Pflanzen sind unter anderem Kleiner Baldrian, Sumpf-L\u00e4usekraut sowie verschiedene Gras- und Seggenarten.     <\/p>\t\t\t\t\t\t\t\t<\/div>\n\t\t\t\t<div class=\"elementor-element elementor-element-fd33de4 elementor-widget elementor-widget-heading\" data-id=\"fd33de4\" data-element_type=\"widget\" data-e-type=\"widget\" data-widget_type=\"heading.default\">\n\t\t\t\t\t<h3 class=\"elementor-heading-title elementor-size-default\">Management der Moorw\u00e4lder<\/h3>\t\t\t\t<\/div>\n\t\t\t\t<div class=\"elementor-element elementor-element-f0d53a5 elementor-widget elementor-widget-text-editor\" data-id=\"f0d53a5\" data-element_type=\"widget\" data-e-type=\"widget\" data-widget_type=\"text-editor.default\">\n\t\t\t\t\t\t\t\t\t<p>Grunds\u00e4tzlich k\u00f6nnten sich alle oben genannten Landschaftstypen zu Wald entwickeln, wenn das Management eingestellt w\u00fcrde. F\u00fcr die Moorw\u00e4lder gilt jedoch bewusst ein anderes Prinzip: die Natur sich selbst \u00fcberlassen.<br>Die einzige Pflege, die in kleinem Umfang stattfindet, ist das Zur\u00fcckschneiden \u00fcberh\u00e4ngender \u00c4ste entlang von Wasserwegen und Pfaden. Die Naturwerte dieser W\u00e4lder sind gr\u00f6\u00dfer, als oft vermutet wird. Moose, Pilze, Insekten und zahlreiche Vogelarten finden hier Lebensraum. Landschaftlich gesehen sind die Moorw\u00e4lder in De Alde Feanen echte Natur \u2013 sie sind spontan entstanden und nicht angepflanzt worden.      <\/p>\t\t\t\t\t\t\t\t<\/div>\n\t\t\t\t<div class=\"elementor-element elementor-element-2340c70 elementor-widget elementor-widget-image\" data-id=\"2340c70\" data-element_type=\"widget\" data-e-type=\"widget\" data-widget_type=\"image.default\">\n\t\t\t\t\t\t\t\t\t\t\t\t\t\t\t<img decoding=\"async\" width=\"800\" height=\"291\" src=\"https:\/\/www.np-aldefeanen.nl\/wp-content\/uploads\/Polders-960x349.jpg\" class=\"attachment-large size-large wp-image-1724\" alt=\"\" srcset=\"https:\/\/www.np-aldefeanen.nl\/wp-content\/uploads\/Polders-960x349.jpg 960w, https:\/\/www.np-aldefeanen.nl\/wp-content\/uploads\/Polders-320x116.jpg 320w, https:\/\/www.np-aldefeanen.nl\/wp-content\/uploads\/Polders-800x291.jpg 800w, https:\/\/www.np-aldefeanen.nl\/wp-content\/uploads\/Polders.jpg 2000w\" sizes=\"(max-width: 800px) 100vw, 800px\" \/>\t\t\t\t\t\t\t\t\t\t\t\t\t\t\t<\/div>\n\t\t\t\t\t<\/div>\n\t\t\t\t<\/div>\n\t\t<div class=\"elementor-element elementor-element-2f18076f e-flex e-con-boxed e-con e-parent\" data-id=\"2f18076f\" data-element_type=\"container\" data-e-type=\"container\" data-settings=\"{&quot;jet_parallax_layout_list&quot;:[]}\">\n\t\t\t\t\t<div class=\"e-con-inner\">\n\t\t<div class=\"elementor-element elementor-element-478a26c0 e-grid e-con-full e-con e-child\" data-id=\"478a26c0\" data-element_type=\"container\" data-e-type=\"container\" data-settings=\"{&quot;jet_parallax_layout_list&quot;:[]}\">\n\t\t\t\t<div class=\"elementor-element elementor-element-4539649e elementor-widget elementor-widget-image\" data-id=\"4539649e\" data-element_type=\"widget\" data-e-type=\"widget\" data-widget_type=\"image.default\">\n\t\t\t\t\t\t\t\t\t\t\t\t\t\t\t<img loading=\"lazy\" decoding=\"async\" width=\"800\" height=\"533\" src=\"https:\/\/www.np-aldefeanen.nl\/wp-content\/uploads\/NP-De_Alde_Feanen-153-960x640.jpg\" class=\"attachment-large size-large wp-image-2373\" alt=\"\" srcset=\"https:\/\/www.np-aldefeanen.nl\/wp-content\/uploads\/NP-De_Alde_Feanen-153-960x640.jpg 960w, https:\/\/www.np-aldefeanen.nl\/wp-content\/uploads\/NP-De_Alde_Feanen-153-253x169.jpg 253w, https:\/\/www.np-aldefeanen.nl\/wp-content\/uploads\/NP-De_Alde_Feanen-153-320x213.jpg 320w, https:\/\/www.np-aldefeanen.nl\/wp-content\/uploads\/NP-De_Alde_Feanen-153-800x533.jpg 800w\" sizes=\"(max-width: 800px) 100vw, 800px\" \/>\t\t\t\t\t\t\t\t\t\t\t\t\t\t\t<\/div>\n\t\t<div class=\"elementor-element elementor-element-37f290e4 e-con-full e-flex e-con e-child\" data-id=\"37f290e4\" data-element_type=\"container\" data-e-type=\"container\" data-settings=\"{&quot;background_background&quot;:&quot;classic&quot;,&quot;jet_parallax_layout_list&quot;:[]}\">\n\t\t\t\t<div class=\"elementor-element elementor-element-4971fc38 elementor-widget elementor-widget-heading\" data-id=\"4971fc38\" data-element_type=\"widget\" data-e-type=\"widget\" data-widget_type=\"heading.default\">\n\t\t\t\t\t<h2 class=\"elementor-heading-title elementor-size-default\">Neugestaltung von De Alde Feanen<\/h2>\t\t\t\t<\/div>\n\t\t\t\t<div class=\"elementor-element elementor-element-5bff8855 elementor-widget elementor-widget-text-editor\" data-id=\"5bff8855\" data-element_type=\"widget\" data-e-type=\"widget\" data-widget_type=\"text-editor.default\">\n\t\t\t\t\t\t\t\t\t<p>Die Gebietskommission Alde Feanen entwickelt im Auftrag der Provinz Friesland Pl\u00e4ne f\u00fcr die zuk\u00fcnftige Neugestaltung und Weiterentwicklung des Gebietes.<br>Mehr Informationen dazu finden Sie auf <a href=\"https:\/\/www.np-aldefeanen.nl\/herinrichting-de-alde-feanen\/\">dieser Seite<\/a>. <\/p>\t\t\t\t\t\t\t\t<\/div>\n\t\t\t\t<\/div>\n\t\t\t\t<\/div>\n\t\t\t\t\t<\/div>\n\t\t\t\t<\/div>\n\t\t\t\t<\/div>\n\t\t","protected":false},"excerpt":{"rendered":"<p>Naturmanagement im Nationalpark De Alde Feanen Das Management des Nationalparks De Alde Feanen konzentriert sich vor allem darauf, die vorhandenen Naturwerte zu erhalten und zu st\u00e4rken. Ein gro\u00dfer Teil dieser Arbeit wird von der Naturschutzorganisation It Fryske Gea durchgef\u00fchrt, die sich f\u00fcr den Schutz und die Weiterentwicklung dieses einzigartigen Naturgebietes einsetzt. De Alde Feanen besteht [&hellip;]<\/p>\n","protected":false},"author":3,"featured_media":2895,"parent":0,"menu_order":4,"comment_status":"closed","ping_status":"closed","template":"elementor_header_footer","meta":{"footnotes":""},"class_list":["post-2893","page","type-page","status-publish","has-post-thumbnail","hentry"],"_links":{"self":[{"href":"https:\/\/www.np-aldefeanen.nl\/de\/wp-json\/wp\/v2\/pages\/2893","targetHints":{"allow":["GET"]}}],"collection":[{"href":"https:\/\/www.np-aldefeanen.nl\/de\/wp-json\/wp\/v2\/pages"}],"about":[{"href":"https:\/\/www.np-aldefeanen.nl\/de\/wp-json\/wp\/v2\/types\/page"}],"author":[{"embeddable":true,"href":"https:\/\/www.np-aldefeanen.nl\/de\/wp-json\/wp\/v2\/users\/3"}],"replies":[{"embeddable":true,"href":"https:\/\/www.np-aldefeanen.nl\/de\/wp-json\/wp\/v2\/comments?post=2893"}],"version-history":[{"count":0,"href":"https:\/\/www.np-aldefeanen.nl\/de\/wp-json\/wp\/v2\/pages\/2893\/revisions"}],"wp:featuredmedia":[{"embeddable":true,"href":"https:\/\/www.np-aldefeanen.nl\/de\/wp-json\/wp\/v2\/media\/2895"}],"wp:attachment":[{"href":"https:\/\/www.np-aldefeanen.nl\/de\/wp-json\/wp\/v2\/media?parent=2893"}],"curies":[{"name":"wp","href":"https:\/\/api.w.org\/{rel}","templated":true}]}}