{"id":289,"date":"2017-12-18T10:23:12","date_gmt":"2017-12-18T09:23:12","guid":{"rendered":"https:\/\/www.np-aldefeanen.nl\/entdecke\/dorpen\/"},"modified":"2026-03-10T11:00:03","modified_gmt":"2026-03-10T10:00:03","slug":"doerfer","status":"publish","type":"page","link":"https:\/\/www.np-aldefeanen.nl\/de\/entdecke\/doerfer\/","title":{"rendered":"D\u00f6rfer"},"content":{"rendered":"<p><strong>Rund um den Nationalpark De Alde Feanen liegen stimmungsvolle D\u00f6rfer, von denen jedes seine eigene Geschichte erz\u00e4hlt. Orte wie Grou, Warten, Oudega und De Veenhoop bilden die Zugangstore zum Park und zeigen, wie hier Natur, Kultur und Geschichte zusammenkommen. Von diesen D\u00f6rfern aus entdecken Sie die wasserreiche Landschaft, die Geschichten des Torfabbaus und die besondere Verbindung zwischen Mensch und Natur.  <\/strong><\/p>\n<p>Bis heute sind die D\u00f6rfer eng mit der Natur und dem Wasser verbunden. Dank eines aktiven Vereinslebens gibt es in jedem Dorf immer etwas zu erleben \u2013 vom Sk\u00fbtsjesegeln \u00fcber besondere Ausstellungen bis hin zu Exkursionen oder Vortr\u00e4gen. Gleichzeitig sind die D\u00f6rfer ideale Start- und Rastpunkte f\u00fcr Ihre Route durch De Alde Feanen. Ob mit dem Fahrrad, der Sloep, dem SUP-Board, der Vlet, dem Kanu oder zu Fu\u00df \u2013 in den D\u00f6rfern entdecken Sie zahlreiche M\u00f6glichkeiten, das Gebiet zu erkunden.    <\/p>\n<p>Neugierig, was jedes Dorf einzigartig macht? Klicken Sie weiter und entdecken Sie die Geschichten, die Atmosph\u00e4re und die M\u00f6glichkeiten jedes einzelnen Dorfes. <\/p>\n<style>.elementor-8889 .elementor-element.elementor-element-348b36e{--display:flex;--flex-direction:column;--container-widget-width:100%;--container-widget-height:initial;--container-widget-flex-grow:0;--container-widget-align-self:initial;--flex-wrap-mobile:wrap;--justify-content:flex-end;--overlay-opacity:1;--padding-top:20px;--padding-bottom:20px;--padding-left:30px;--padding-right:20px;}.elementor-8889 .elementor-element.elementor-element-348b36e:not(.elementor-motion-effects-element-type-background), .elementor-8889 .elementor-element.elementor-element-348b36e > .elementor-motion-effects-container > .elementor-motion-effects-layer{background-position:center center;background-size:cover;}.elementor-8889 .elementor-element.elementor-element-348b36e::before, .elementor-8889 .elementor-element.elementor-element-348b36e > .elementor-background-video-container::before, .elementor-8889 .elementor-element.elementor-element-348b36e > .e-con-inner > .elementor-background-video-container::before, .elementor-8889 .elementor-element.elementor-element-348b36e > .elementor-background-slideshow::before, .elementor-8889 .elementor-element.elementor-element-348b36e > .e-con-inner > .elementor-background-slideshow::before, .elementor-8889 .elementor-element.elementor-element-348b36e > .elementor-motion-effects-container > .elementor-motion-effects-layer::before{--background-overlay:'';background-color:transparent;background-image:linear-gradient(180deg, #044C5400 30%, var( --e-global-color-dcca4a8 ) 100%);}.elementor-8889 .elementor-element.elementor-element-dce39ae{--display:flex;--flex-direction:row;--container-widget-width:calc( ( 1 - var( --container-widget-flex-grow ) ) * 100% );--container-widget-height:100%;--container-widget-flex-grow:1;--container-widget-align-self:stretch;--flex-wrap-mobile:wrap;--align-items:flex-end;--gap:10px 10px;--row-gap:10px;--column-gap:10px;--padding-top:0px;--padding-bottom:0px;--padding-left:0px;--padding-right:0px;}.elementor-8889 .elementor-element.elementor-element-50a48b7{--display:flex;--gap:0px 0px;--row-gap:0px;--column-gap:0px;--padding-top:0px;--padding-bottom:0px;--padding-left:0px;--padding-right:0px;}.elementor-8889 .elementor-element.elementor-element-66f3f06 .jet-listing-dynamic-field__content{color:var( --e-global-color-00e83c1 );font-family:\"Basic Sans\", Sans-serif;font-size:24px;font-weight:700;line-height:1;text-align:left;}.elementor-8889 .elementor-element.elementor-element-66f3f06 .jet-listing-dynamic-field .jet-listing-dynamic-field__inline-wrap{width:auto;}.elementor-8889 .elementor-element.elementor-element-66f3f06 .jet-listing-dynamic-field .jet-listing-dynamic-field__content{width:auto;}.elementor-8889 .elementor-element.elementor-element-66f3f06 .jet-listing-dynamic-field{justify-content:flex-start;}.elementor-widget-icon.elementor-view-stacked .elementor-icon{background-color:var( --e-global-color-primary );}.elementor-widget-icon.elementor-view-framed .elementor-icon, .elementor-widget-icon.elementor-view-default .elementor-icon{color:var( --e-global-color-primary );border-color:var( --e-global-color-primary );}.elementor-widget-icon.elementor-view-framed .elementor-icon, .elementor-widget-icon.elementor-view-default .elementor-icon svg{fill:var( --e-global-color-primary );}.elementor-8889 .elementor-element.elementor-element-2fae4e9 .elementor-icon-wrapper{text-align:center;}.elementor-8889 .elementor-element.elementor-element-2fae4e9.elementor-view-stacked .elementor-icon{background-color:var( --e-global-color-00e83c1 );}.elementor-8889 .elementor-element.elementor-element-2fae4e9.elementor-view-framed .elementor-icon, .elementor-8889 .elementor-element.elementor-element-2fae4e9.elementor-view-default .elementor-icon{color:var( --e-global-color-00e83c1 );border-color:var( --e-global-color-00e83c1 );}.elementor-8889 .elementor-element.elementor-element-2fae4e9.elementor-view-framed .elementor-icon, .elementor-8889 .elementor-element.elementor-element-2fae4e9.elementor-view-default .elementor-icon svg{fill:var( --e-global-color-00e83c1 );}.elementor-8889 .elementor-element.elementor-element-2fae4e9 .elementor-icon{font-size:25px;padding:9px;border-radius:10px 10px 10px 10px;}.elementor-8889 .elementor-element.elementor-element-2fae4e9 .elementor-icon svg{height:25px;}.elementor-8889 .elementor-element.elementor-element-2fae4e9{margin:0px 0px calc(var(--kit-widget-spacing, 0px) + 0px) 0px;padding:0px 0px 0px 0px;width:var( --container-widget-width, 72px );max-width:72px;--container-widget-width:72px;--container-widget-flex-grow:0;}.elementor-8889 .elementor-element.elementor-element-2fae4e9.elementor-element{--align-self:flex-end;}.jet-listing-item.single-jet-engine.elementor-page-8889 > .elementor{width:400px;margin-left:auto;margin-right:auto;}@media(max-width:1366px){.elementor-8889 .elementor-element.elementor-element-348b36e{--padding-top:20px;--padding-bottom:20px;--padding-left:20px;--padding-right:20px;}}@media(max-width:1024px){.elementor-8889 .elementor-element.elementor-element-66f3f06 .jet-listing-dynamic-field__content{font-size:18px;}}@media(max-width:768px){.elementor-8889 .elementor-element.elementor-element-348b36e{--padding-top:15px;--padding-bottom:15px;--padding-left:15px;--padding-right:15px;}.elementor-8889 .elementor-element.elementor-element-dce39ae{--gap:10px 10px;--row-gap:10px;--column-gap:10px;--flex-wrap:nowrap;}.elementor-8889 .elementor-element.elementor-element-2fae4e9 .elementor-icon{font-size:20px;}.elementor-8889 .elementor-element.elementor-element-2fae4e9 .elementor-icon svg{height:20px;}.elementor-8889 .elementor-element.elementor-element-2fae4e9{--container-widget-width:52px;--container-widget-flex-grow:0;width:var( --container-widget-width, 52px );max-width:52px;}}\/* Start custom CSS for icon, class: .elementor-element-2fae4e9 *\/.elementor-8889 .elementor-element.elementor-element-2fae4e9 {\n    line-height: 0;\n}\/* End custom CSS *\/\n\/* Start custom CSS for container, class: .elementor-element-348b36e *\/.elementor-8889 .elementor-element.elementor-element-348b36e {\n    aspect-ratio: 419\/ 231;\n}\n.elementor-8889 .elementor-element.elementor-element-348b36e > * {\n    z-index: 1;\n}\n.elementor-8889 .elementor-element.elementor-element-348b36e:after {\n  content: \"\";\n  position: absolute;\n  inset: 0;\n  background-image: linear-gradient(\n    180deg,\n    #044C5400 30%,\n    var(--e-global-color-82e7cc6) 100%\n  );\n  opacity: 0;\n  transition: opacity 0.5s ease;\n}\n.jet-engine-listing-overlay-wrap:hover .elementor-8889 .elementor-element.elementor-element-348b36e:after {\n  opacity: 1;\n}\n.elementor-8889 .elementor-element.elementor-element-348b36e .elementor-icon {\n    transition: all 0.5s ease;\n}\n.jet-engine-listing-overlay-wrap:hover .elementor-8889 .elementor-element.elementor-element-348b36e .elementor-icon {\n    border-color: var(--e-global-color-82e7cc6) !important;\n    background: var(--e-global-color-82e7cc6);\n}\/* End custom CSS *\/\n\/* Start Custom Fonts CSS *\/@font-face {\n\tfont-family: 'Basic Sans';\n\tfont-style: normal;\n\tfont-weight: normal;\n\tfont-display: auto;\n\tsrc: url('https:\/\/www.np-aldefeanen.nl\/wp-content\/uploads\/BasicSans-Regular.ttf') format('truetype');\n}\n@font-face {\n\tfont-family: 'Basic Sans';\n\tfont-style: normal;\n\tfont-weight: 600;\n\tfont-display: auto;\n\tsrc: url('https:\/\/www.np-aldefeanen.nl\/wp-content\/uploads\/BasicSans-SemiBold.ttf') format('truetype');\n}\n\/* End Custom Fonts CSS *\/<\/style>\n<p>\t\t\t\t\tGrou<br \/>\n\t\t<a href=\"https:\/\/www.np-aldefeanen.nl\/dorpen\/grou\/\"><\/a><br \/>\n\t\t\t\t\tEarnewald<br \/>\n\t\t<a href=\"https:\/\/www.np-aldefeanen.nl\/dorpen\/earnewald\/\"><\/a><br \/>\n\t\t\t\t\tWarten<br \/>\n\t\t<a href=\"https:\/\/www.np-aldefeanen.nl\/dorpen\/warten\/\"><\/a><br \/>\n\t\t\t\t\tDe Veenhoop<br \/>\n\t\t<a href=\"https:\/\/www.np-aldefeanen.nl\/dorpen\/de-veenhoop\/\"><\/a><br \/>\n\t\t\t\t\tOudega<br \/>\n\t\t<a href=\"https:\/\/www.np-aldefeanen.nl\/dorpen\/oudega\/\"><\/a><br \/>\n\t\t\t\t\tWergea<br \/>\n\t\t<a href=\"https:\/\/www.np-aldefeanen.nl\/dorpen\/wergea\/\"><\/a><\/p>\n","protected":false},"excerpt":{"rendered":"<p>Rund um den Nationalpark De Alde Feanen liegen stimmungsvolle D\u00f6rfer, von denen jedes seine eigene Geschichte erz\u00e4hlt. Orte wie Grou, Warten, Oudega und De Veenhoop bilden die Zugangstore zum Park und zeigen, wie hier Natur, Kultur und Geschichte zusammenkommen. Von diesen D\u00f6rfern aus entdecken Sie die wasserreiche Landschaft, die Geschichten des Torfabbaus und die besondere [&hellip;]<\/p>\n","protected":false},"author":2,"featured_media":1871,"parent":96,"menu_order":130,"comment_status":"closed","ping_status":"closed","template":"elementor_header_footer","meta":{"footnotes":""},"class_list":["post-289","page","type-page","status-publish","has-post-thumbnail","hentry"],"_links":{"self":[{"href":"https:\/\/www.np-aldefeanen.nl\/de\/wp-json\/wp\/v2\/pages\/289","targetHints":{"allow":["GET"]}}],"collection":[{"href":"https:\/\/www.np-aldefeanen.nl\/de\/wp-json\/wp\/v2\/pages"}],"about":[{"href":"https:\/\/www.np-aldefeanen.nl\/de\/wp-json\/wp\/v2\/types\/page"}],"author":[{"embeddable":true,"href":"https:\/\/www.np-aldefeanen.nl\/de\/wp-json\/wp\/v2\/users\/2"}],"replies":[{"embeddable":true,"href":"https:\/\/www.np-aldefeanen.nl\/de\/wp-json\/wp\/v2\/comments?post=289"}],"version-history":[{"count":0,"href":"https:\/\/www.np-aldefeanen.nl\/de\/wp-json\/wp\/v2\/pages\/289\/revisions"}],"up":[{"embeddable":true,"href":"https:\/\/www.np-aldefeanen.nl\/de\/wp-json\/wp\/v2\/pages\/96"}],"wp:featuredmedia":[{"embeddable":true,"href":"https:\/\/www.np-aldefeanen.nl\/de\/wp-json\/wp\/v2\/media\/1871"}],"wp:attachment":[{"href":"https:\/\/www.np-aldefeanen.nl\/de\/wp-json\/wp\/v2\/media?parent=289"}],"curies":[{"name":"wp","href":"https:\/\/api.w.org\/{rel}","templated":true}]}}