{"id":264,"date":"2017-12-17T13:24:47","date_gmt":"2017-12-17T12:24:47","guid":{"rendered":"https:\/\/www.np-aldefeanen.nl\/entdecke\/watersport-windkracht\/"},"modified":"2018-04-08T10:22:27","modified_gmt":"2018-04-08T08:22:27","slug":"wassersport-windkraft","status":"publish","type":"page","link":"https:\/\/www.np-aldefeanen.nl\/de\/routen-aktivitaten\/wassersport\/wassersport-windkraft\/","title":{"rendered":"Watersport: Windkraft"},"content":{"rendered":"<p><strong>Wassersportfans k\u00f6nnen im Nationalpark De Alde Feanen aus einer Vielzahl von Optionen w\u00e4hlen, die das Herz h\u00f6her schlagen lassen. Lieben Sie es, wenn der Wind ins Segel bl\u00e4st? Im Nationalpark De Alde Feanen l\u00e4sst sich fantastisch segeln und surfen \u2013 vorausgesetzt nat\u00fcrlich, dass der Wind mitspielt. Die gro\u00dfen Seen wie De Grutte Krite und De Saiterpetten eignen sich f\u00fcr diese Wassersportarten am besten, denn hier ist das Wasser f\u00fcr die gr\u00f6\u00dferen Fahrzeuge tief genug. Die kleineren Seen sind aufgrund ihrer geringeren Wassertiefe und der Ufervegetation aus Schilf und B\u00e4umen weniger gut zum Segeln geeignet.<\/strong><\/p>\n<hr \/>\n<p>Man kann im Nationalpark De Alde Feanen mit dem eigenen Boot fahren. Wer keines besitzt, kann sich einen der unterschiedlichen Segelboottypen ausleihen. Es gibt auch Segel- und Surfkurse, die f\u00fcr Jung und Alt geeignet sind. Entweder nimmt man an einem Gruppenunterricht teil oder bucht Einzelstunden.<\/p>\n<p><img fetchpriority=\"high\" decoding=\"async\" class=\"size-content-width wp-image-1835\" src=\"https:\/\/www.np-aldefeanen.nl\/wp-content\/uploads\/watersport-zeilen-2.jpg\" alt=\"\" width=\"800\" height=\"276\" \/><\/p>\n<p>Sie m\u00f6chten mit einer <a href=\"https:\/\/www.np-aldefeanen.nl\/de\/entdecke\/gruppenaktivitaeten\/\">Gruppe<\/a> etwas auf dem Wasser unternehmen? Ein einzigartiges Erlebnis mit einem echt friesischen Touch ist das sogenannte sk\u00fbtsjesilen, eine Segelboottour der besonderen Art. Segelerfahrung ist n\u00fctzlich, aber nicht unbedingt erforderlich. Wenn Sie das sk\u00fbtsjesilen mit einer Gruppe buchen, bekommen Sie immer einen erfahrenen Skipper zur Seite gestellt. Sk\u00fbtsjesilen ist ebenfalls ideal f\u00fcr Familien, als Teambuilding-Event oder f\u00fcr Junggesellenabschiede.<\/p>\n<p><img decoding=\"async\" class=\"size-content-width wp-image-1841\" src=\"https:\/\/www.np-aldefeanen.nl\/wp-content\/uploads\/recreatie-NP-De_Alde_Feanen-40.jpg\" alt=\"\" width=\"800\" height=\"340\" \/><\/p>\n<p>M\u00f6chten Sie wissen, wo \u00fcberall Wassersportaktivit\u00e4ten mit Windkraft angeboten werden? Rufen Sie dann die <a href=\"https:\/\/www.np-aldefeanen.nl\/de\/orte\/\">Karte<\/a> auf und wenden Sie den Filter \u201eWassersport\u201c an.<\/p>\n","protected":false},"excerpt":{"rendered":"<p>Wassersportfans k\u00f6nnen im Nationalpark De Alde Feanen aus einer Vielzahl von Optionen w\u00e4hlen, die das Herz h\u00f6her schlagen lassen. Lieben Sie es, wenn der Wind ins Segel bl\u00e4st? Im Nationalpark De Alde Feanen l\u00e4sst sich fantastisch segeln und surfen \u2013 vorausgesetzt nat\u00fcrlich, dass der Wind mitspielt. Die gro\u00dfen Seen wie De Grutte Krite und De [&hellip;]<\/p>\n","protected":false},"author":2,"featured_media":2856,"parent":301,"menu_order":10,"comment_status":"closed","ping_status":"closed","template":"","meta":{"footnotes":""},"class_list":["post-264","page","type-page","status-publish","has-post-thumbnail","hentry"],"_links":{"self":[{"href":"https:\/\/www.np-aldefeanen.nl\/de\/wp-json\/wp\/v2\/pages\/264","targetHints":{"allow":["GET"]}}],"collection":[{"href":"https:\/\/www.np-aldefeanen.nl\/de\/wp-json\/wp\/v2\/pages"}],"about":[{"href":"https:\/\/www.np-aldefeanen.nl\/de\/wp-json\/wp\/v2\/types\/page"}],"author":[{"embeddable":true,"href":"https:\/\/www.np-aldefeanen.nl\/de\/wp-json\/wp\/v2\/users\/2"}],"replies":[{"embeddable":true,"href":"https:\/\/www.np-aldefeanen.nl\/de\/wp-json\/wp\/v2\/comments?post=264"}],"version-history":[{"count":0,"href":"https:\/\/www.np-aldefeanen.nl\/de\/wp-json\/wp\/v2\/pages\/264\/revisions"}],"up":[{"embeddable":true,"href":"https:\/\/www.np-aldefeanen.nl\/de\/wp-json\/wp\/v2\/pages\/301"}],"wp:featuredmedia":[{"embeddable":true,"href":"https:\/\/www.np-aldefeanen.nl\/de\/wp-json\/wp\/v2\/media\/2856"}],"wp:attachment":[{"href":"https:\/\/www.np-aldefeanen.nl\/de\/wp-json\/wp\/v2\/media?parent=264"}],"curies":[{"name":"wp","href":"https:\/\/api.w.org\/{rel}","templated":true}]}}