{"id":261,"date":"2017-12-17T13:26:42","date_gmt":"2017-12-17T12:26:42","guid":{"rendered":"https:\/\/www.np-aldefeanen.nl\/entdecke\/watersport-op-eigen-kracht\/"},"modified":"2026-03-10T11:25:10","modified_gmt":"2026-03-10T10:25:10","slug":"wassersport-aus-eigener-kraft","status":"publish","type":"page","link":"https:\/\/www.np-aldefeanen.nl\/de\/routen-aktivitaten\/wassersport\/wassersport-aus-eigener-kraft\/","title":{"rendered":"Wassersport: aus eigener Kracht"},"content":{"rendered":"\t\t<div data-elementor-type=\"wp-page\" data-elementor-id=\"261\" class=\"elementor elementor-261 elementor-233\" data-elementor-post-type=\"page\">\n\t\t\t\t<div class=\"elementor-element elementor-element-6e06ca2c e-flex e-con-boxed e-con e-parent\" data-id=\"6e06ca2c\" data-element_type=\"container\" data-e-type=\"container\" data-settings=\"{&quot;jet_parallax_layout_list&quot;:[]}\">\n\t\t\t\t\t<div class=\"e-con-inner\">\n\t\t\t\t<div class=\"elementor-element elementor-element-f10cc70 elementor-widget elementor-widget-heading\" data-id=\"f10cc70\" data-element_type=\"widget\" data-e-type=\"widget\" data-widget_type=\"heading.default\">\n\t\t\t\t\t<h2 class=\"elementor-heading-title elementor-size-default\">Paddelnd durch De Alde Feanen<\/h2>\t\t\t\t<\/div>\n\t\t\t\t<div class=\"elementor-element elementor-element-473cadd elementor-widget elementor-widget-text-editor\" data-id=\"473cadd\" data-element_type=\"widget\" data-e-type=\"widget\" data-widget_type=\"text-editor.default\">\n\t\t\t\t\t\t\t\t\t<p><strong>M\u00f6chten Sie De Alde Feanen mit dem Kanu oder Kajak entdecken, gemeinsam mit einem Tretboot unterwegs sein oder mit etwas wackeligen Beinen auf einem SUP-Board stehen? Spa\u00df ist garantiert! Das Sch\u00f6ne an diesen Aktivit\u00e4ten ist, dass Sie sie nicht vorher gelernt haben m\u00fcssen. Nach den ersten etwas unsicheren Metern gleiten Sie schon bald \u00fcber das Wasser, als h\u00e4tten Sie nie etwas anderes gemacht.   <\/strong><\/p>\t\t\t\t\t\t\t\t<\/div>\n\t\t\t\t<div class=\"elementor-element elementor-element-4ba1ce43 elementor-widget elementor-widget-text-editor\" data-id=\"4ba1ce43\" data-element_type=\"widget\" data-e-type=\"widget\" data-widget_type=\"text-editor.default\">\n\t\t\t\t\t\t\t\t\t<p>In De Alde Feanen gibt es wundersch\u00f6ne Routen, die sich perfekt mit dem Kanu oder Stand-up-Paddle-Board erkunden lassen. Mit einem Kanu oder SUP-Board gelangen Sie an Orte, die f\u00fcr andere Boote nicht zug\u00e4nglich sind. So entdecken Sie die sch\u00f6nsten Pl\u00e4tze dieses einzigartigen Nationalparks.  <\/p>\t\t\t\t\t\t\t\t<\/div>\n\t\t\t\t\t<\/div>\n\t\t\t\t<\/div>\n\t\t<div class=\"elementor-element elementor-element-6b86ab6 e-flex e-con-boxed e-con e-parent\" data-id=\"6b86ab6\" data-element_type=\"container\" data-e-type=\"container\" data-settings=\"{&quot;jet_parallax_layout_list&quot;:[]}\">\n\t\t\t\t\t<div class=\"e-con-inner\">\n\t\t\t\t<div class=\"elementor-element elementor-element-9bce833 elementor-widget elementor-widget-heading\" data-id=\"9bce833\" data-element_type=\"widget\" data-e-type=\"widget\" data-widget_type=\"heading.default\">\n\t\t\t\t\t<h2 class=\"elementor-heading-title elementor-size-default\">\u00dcbersicht Kanu- &amp; SUP-Routen<\/h2>\t\t\t\t<\/div>\n\t\t\t\t<div class=\"elementor-element elementor-element-9a2b051 elementor-widget elementor-widget-jet-listing-grid\" data-id=\"9a2b051\" data-element_type=\"widget\" data-e-type=\"widget\" data-settings=\"{&quot;columns&quot;:&quot;4&quot;,&quot;columns_tablet&quot;:&quot;3&quot;,&quot;columns_mobile_extra&quot;:&quot;2&quot;,&quot;columns_mobile&quot;:&quot;2&quot;}\" data-widget_type=\"jet-listing-grid.default\">\n\t\t\t\t\t<div class=\"jet-listing-grid jet-listing\"><div class=\"jet-listing-grid__items grid-col-desk-4 grid-col-tablet-3 grid-col-mobile-2 jet-listing-grid--8814\" data-queried-id=\"261|WP_Post\" data-nav=\"{&quot;enabled&quot;:false,&quot;type&quot;:null,&quot;more_el&quot;:null,&quot;query&quot;:[],&quot;widget_settings&quot;:{&quot;lisitng_id&quot;:8814,&quot;posts_num&quot;:6,&quot;columns&quot;:4,&quot;columns_tablet&quot;:3,&quot;columns_mobile&quot;:2,&quot;column_min_width&quot;:240,&quot;column_min_width_tablet&quot;:240,&quot;column_min_width_mobile&quot;:240,&quot;inline_columns_css&quot;:false,&quot;is_archive_template&quot;:&quot;&quot;,&quot;post_status&quot;:[&quot;publish&quot;],&quot;use_random_posts_num&quot;:&quot;&quot;,&quot;max_posts_num&quot;:9,&quot;not_found_message&quot;:&quot;Keine Daten gefunden&quot;,&quot;is_masonry&quot;:false,&quot;equal_columns_height&quot;:&quot;&quot;,&quot;use_load_more&quot;:&quot;&quot;,&quot;load_more_id&quot;:&quot;&quot;,&quot;load_more_type&quot;:&quot;click&quot;,&quot;load_more_offset&quot;:null,&quot;use_custom_post_types&quot;:&quot;&quot;,&quot;custom_post_types&quot;:[],&quot;hide_widget_if&quot;:&quot;&quot;,&quot;carousel_enabled&quot;:&quot;&quot;,&quot;slides_to_scroll&quot;:&quot;1&quot;,&quot;arrows&quot;:&quot;true&quot;,&quot;arrow_icon&quot;:&quot;fa fa-angle-left&quot;,&quot;dots&quot;:&quot;&quot;,&quot;autoplay&quot;:&quot;true&quot;,&quot;pause_on_hover&quot;:&quot;true&quot;,&quot;autoplay_speed&quot;:5000,&quot;infinite&quot;:&quot;true&quot;,&quot;center_mode&quot;:&quot;&quot;,&quot;effect&quot;:&quot;slide&quot;,&quot;speed&quot;:500,&quot;inject_alternative_items&quot;:&quot;&quot;,&quot;injection_items&quot;:[],&quot;scroll_slider_enabled&quot;:&quot;&quot;,&quot;scroll_slider_on&quot;:[&quot;desktop&quot;,&quot;tablet&quot;,&quot;mobile&quot;],&quot;custom_query&quot;:&quot;yes&quot;,&quot;custom_query_id&quot;:&quot;25&quot;,&quot;_element_id&quot;:&quot;&quot;,&quot;collapse_first_last_gap&quot;:false,&quot;list_tag_selection&quot;:&quot;&quot;,&quot;list_items_wrapper_tag&quot;:&quot;div&quot;,&quot;list_item_tag&quot;:&quot;div&quot;,&quot;empty_items_wrapper_tag&quot;:&quot;div&quot;}}\" data-page=\"1\" data-pages=\"0\" data-listing-source=\"query\" data-listing-id=\"8814\" data-query-id=\"25\"><div class=\"jet-listing-grid__item jet-listing-dynamic-post-9133\" data-post-id=\"9133\"  ><style type=\"text\/css\">.jet-listing-dynamic-post-9133 .elementor-element.elementor-element-8c6812a:not(.elementor-motion-effects-element-type-background), .jet-listing-dynamic-post-9133 .elementor-element.elementor-element-8c6812a > .elementor-motion-effects-container > .elementor-motion-effects-layer{background-image:url(\"https:\/\/www.np-aldefeanen.nl\/wp-content\/uploads\/kano-NP-De_Alde_Feanen-50-e1519821670437.jpg\");}<\/style><div class=\"jet-engine-listing-overlay-wrap\" data-url=\"https:\/\/www.earnewald-routes.nl\/\">\t\t<div data-elementor-type=\"jet-listing-items\" data-elementor-id=\"8814\" class=\"elementor elementor-8814\" data-elementor-post-type=\"jet-engine\">\n\t\t\t\t<div class=\"elementor-element elementor-element-8c6812a e-flex e-con-boxed e-con e-parent\" data-id=\"8c6812a\" data-element_type=\"container\" data-e-type=\"container\" data-settings=\"{&quot;background_background&quot;:&quot;classic&quot;,&quot;jet_parallax_layout_list&quot;:[]}\">\n\t\t\t\t\t<div class=\"e-con-inner\">\n\t\t<div class=\"elementor-element elementor-element-6d4946e e-con-full afstand jedv-enabled--yes e-flex e-con e-child\" data-id=\"6d4946e\" data-element_type=\"container\" data-e-type=\"container\" data-settings=\"{&quot;background_background&quot;:&quot;classic&quot;,&quot;position&quot;:&quot;absolute&quot;,&quot;jet_parallax_layout_list&quot;:[]}\">\n\t\t\t\t<div class=\"elementor-element elementor-element-bd2adad elementor-widget__width-auto elementor-widget elementor-widget-jet-listing-dynamic-field\" data-id=\"bd2adad\" data-element_type=\"widget\" data-e-type=\"widget\" data-widget_type=\"jet-listing-dynamic-field.default\">\n\t\t\t\t\t<div class=\"jet-listing jet-listing-dynamic-field display-inline\"><div class=\"jet-listing-dynamic-field__inline-wrap\"><div class=\"jet-listing-dynamic-field__content\" >12km<\/div><\/div><\/div>\t\t\t\t<\/div>\n\t\t\t\t<\/div>\n\t\t<div class=\"elementor-element elementor-element-9b144b6 e-con-full e-flex e-con e-child\" data-id=\"9b144b6\" data-element_type=\"container\" data-e-type=\"container\" data-settings=\"{&quot;jet_parallax_layout_list&quot;:[]}\">\n\t\t\t\t<div class=\"elementor-element elementor-element-0f66d34 elementor-widget elementor-widget-jet-listing-dynamic-field\" data-id=\"0f66d34\" data-element_type=\"widget\" data-e-type=\"widget\" data-widget_type=\"jet-listing-dynamic-field.default\">\n\t\t\t\t\t<div class=\"jet-listing jet-listing-dynamic-field display-inline\"><div class=\"jet-listing-dynamic-field__inline-wrap\"><div class=\"jet-listing-dynamic-field__content\" >Kano & SUB<\/div><\/div><\/div>\t\t\t\t<\/div>\n\t\t\t\t<div class=\"elementor-element elementor-element-ca0611a elementor-widget elementor-widget-jet-listing-dynamic-field\" data-id=\"ca0611a\" data-element_type=\"widget\" data-e-type=\"widget\" data-widget_type=\"jet-listing-dynamic-field.default\">\n\t\t\t\t\t<div class=\"jet-listing jet-listing-dynamic-field display-inline\"><div class=\"jet-listing-dynamic-field__inline-wrap\"><div class=\"jet-listing-dynamic-field__content\" >Noordoostelijk langs De Alde Feanen<\/div><\/div><\/div>\t\t\t\t<\/div>\n\t\t\t\t<\/div>\n\t\t\t\t<div class=\"elementor-element elementor-element-1112418 elementor-absolute bottom-border elementor-widget-divider--view-line elementor-widget elementor-widget-divider\" data-id=\"1112418\" data-element_type=\"widget\" data-e-type=\"widget\" data-settings=\"{&quot;_position&quot;:&quot;absolute&quot;}\" data-widget_type=\"divider.default\">\n\t\t\t\t\t\t\t<div class=\"elementor-divider\">\n\t\t\t<span class=\"elementor-divider-separator\">\n\t\t\t\t\t\t<\/span>\n\t\t<\/div>\n\t\t\t\t\t\t<\/div>\n\t\t\t\t\t<\/div>\n\t\t\t\t<\/div>\n\t\t\t\t<\/div>\n\t\t<a href=\"https:\/\/www.earnewald-routes.nl\/\" class=\"jet-engine-listing-overlay-link\"><\/a><\/div><\/div><div class=\"jet-listing-grid__item jet-listing-dynamic-post-9132\" data-post-id=\"9132\"  ><style type=\"text\/css\">.jet-listing-dynamic-post-9132 .elementor-element.elementor-element-8c6812a:not(.elementor-motion-effects-element-type-background), .jet-listing-dynamic-post-9132 .elementor-element.elementor-element-8c6812a > .elementor-motion-effects-container > .elementor-motion-effects-layer{background-image:url(\"https:\/\/www.np-aldefeanen.nl\/wp-content\/uploads\/kano-NP-De_Alde_Feanen-171-e1519821576669.jpg\");}<\/style><div class=\"jet-engine-listing-overlay-wrap\" data-url=\"https:\/\/www.earnewald-routes.nl\/\">\t\t<div data-elementor-type=\"jet-listing-items\" data-elementor-id=\"8814\" class=\"elementor elementor-8814\" data-elementor-post-type=\"jet-engine\">\n\t\t\t\t<div class=\"elementor-element elementor-element-8c6812a e-flex e-con-boxed e-con e-parent\" data-id=\"8c6812a\" data-element_type=\"container\" data-e-type=\"container\" data-settings=\"{&quot;background_background&quot;:&quot;classic&quot;,&quot;jet_parallax_layout_list&quot;:[]}\">\n\t\t\t\t\t<div class=\"e-con-inner\">\n\t\t<div class=\"elementor-element elementor-element-6d4946e e-con-full afstand jedv-enabled--yes e-flex e-con e-child\" data-id=\"6d4946e\" data-element_type=\"container\" data-e-type=\"container\" data-settings=\"{&quot;background_background&quot;:&quot;classic&quot;,&quot;position&quot;:&quot;absolute&quot;,&quot;jet_parallax_layout_list&quot;:[]}\">\n\t\t\t\t<div class=\"elementor-element elementor-element-bd2adad elementor-widget__width-auto elementor-widget elementor-widget-jet-listing-dynamic-field\" data-id=\"bd2adad\" data-element_type=\"widget\" data-e-type=\"widget\" data-widget_type=\"jet-listing-dynamic-field.default\">\n\t\t\t\t\t<div class=\"jet-listing jet-listing-dynamic-field display-inline\"><div class=\"jet-listing-dynamic-field__inline-wrap\"><div class=\"jet-listing-dynamic-field__content\" >8km<\/div><\/div><\/div>\t\t\t\t<\/div>\n\t\t\t\t<\/div>\n\t\t<div class=\"elementor-element elementor-element-9b144b6 e-con-full e-flex e-con e-child\" data-id=\"9b144b6\" data-element_type=\"container\" data-e-type=\"container\" data-settings=\"{&quot;jet_parallax_layout_list&quot;:[]}\">\n\t\t\t\t<div class=\"elementor-element elementor-element-0f66d34 elementor-widget elementor-widget-jet-listing-dynamic-field\" data-id=\"0f66d34\" data-element_type=\"widget\" data-e-type=\"widget\" data-widget_type=\"jet-listing-dynamic-field.default\">\n\t\t\t\t\t<div class=\"jet-listing jet-listing-dynamic-field display-inline\"><div class=\"jet-listing-dynamic-field__inline-wrap\"><div class=\"jet-listing-dynamic-field__content\" >Kano & SUB<\/div><\/div><\/div>\t\t\t\t<\/div>\n\t\t\t\t<div class=\"elementor-element elementor-element-ca0611a elementor-widget elementor-widget-jet-listing-dynamic-field\" data-id=\"ca0611a\" data-element_type=\"widget\" data-e-type=\"widget\" data-widget_type=\"jet-listing-dynamic-field.default\">\n\t\t\t\t\t<div class=\"jet-listing jet-listing-dynamic-field display-inline\"><div class=\"jet-listing-dynamic-field__inline-wrap\"><div class=\"jet-listing-dynamic-field__content\" >Jan Durkspolder<\/div><\/div><\/div>\t\t\t\t<\/div>\n\t\t\t\t<\/div>\n\t\t\t\t<div class=\"elementor-element elementor-element-1112418 elementor-absolute bottom-border elementor-widget-divider--view-line elementor-widget elementor-widget-divider\" data-id=\"1112418\" data-element_type=\"widget\" data-e-type=\"widget\" data-settings=\"{&quot;_position&quot;:&quot;absolute&quot;}\" data-widget_type=\"divider.default\">\n\t\t\t\t\t\t\t<div class=\"elementor-divider\">\n\t\t\t<span class=\"elementor-divider-separator\">\n\t\t\t\t\t\t<\/span>\n\t\t<\/div>\n\t\t\t\t\t\t<\/div>\n\t\t\t\t\t<\/div>\n\t\t\t\t<\/div>\n\t\t\t\t<\/div>\n\t\t<a href=\"https:\/\/www.earnewald-routes.nl\/\" class=\"jet-engine-listing-overlay-link\"><\/a><\/div><\/div><\/div><\/div>\t\t\t\t<\/div>\n\t\t\t\t\t<\/div>\n\t\t\t\t<\/div>\n\t\t<div class=\"elementor-element elementor-element-5d26bdf e-flex e-con-boxed e-con e-parent\" data-id=\"5d26bdf\" data-element_type=\"container\" data-e-type=\"container\" data-settings=\"{&quot;jet_parallax_layout_list&quot;:[]}\">\n\t\t\t\t\t<div class=\"e-con-inner\">\n\t\t\t\t<div class=\"elementor-element elementor-element-53bda5a elementor-widget elementor-widget-heading\" data-id=\"53bda5a\" data-element_type=\"widget\" data-e-type=\"widget\" data-widget_type=\"heading.default\">\n\t\t\t\t\t<h2 class=\"elementor-heading-title elementor-size-default\">Noch mehr Routen<\/h2>\t\t\t\t<\/div>\n\t\t\t\t<div class=\"elementor-element elementor-element-18eb85c elementor-widget elementor-widget-text-editor\" data-id=\"18eb85c\" data-element_type=\"widget\" data-e-type=\"widget\" data-widget_type=\"text-editor.default\">\n\t\t\t\t\t\t\t\t\t<p>Weitere Routen erhalten Sie unter anderem im Besucherzentrum in Earnew\u00e2ld. Sie finden sie auch auf der Website <a href=\"https:\/\/www.earnewald-routes.nl\/\" target=\"_blank\" rel=\"noopener\">www.earnewald-routes.nl<\/a>. Dort gibt es unter anderem eine sch\u00f6ne SUP-Route.Auch die Verleiher von Kanus und Paddle-Boards geben oft tolle Routenvorschl\u00e4ge mit. Au\u00dferdem k\u00f6nnen Sie das Gebiet mit einem Guide erkunden \u2013 praktisch, wenn Sie mehr \u00fcber die Umgebung erfahren m\u00f6chten oder im Kartenlesen nicht ganz so ge\u00fcbt sind.    <\/p>\t\t\t\t\t\t\t\t<\/div>\n\t\t\t\t<div class=\"elementor-element elementor-element-2b15d41 elementor-widget elementor-widget-blockquote\" data-id=\"2b15d41\" data-element_type=\"widget\" data-e-type=\"widget\" data-widget_type=\"blockquote.default\">\n\t\t\t\t<div class=\"elementor-widget-container\">\n\t\t\t\t\t<blockquote class=\"bo-blockquote bo-border-right\"><p>Draag jij De Alde Feanen een warm hart toe? Word dan\u00a0<a href=\"https:\/\/www.np-aldefeanen.nl\/ontdekken\/doe-mee\/doneren\/\">donateur<\/a>\u00a0en help het park bij de doorontwikkeling!<\/p><\/blockquote>\t\t\t\t<\/div>\n\t\t\t\t<\/div>\n\t\t\t\t\t<\/div>\n\t\t\t\t<\/div>\n\t\t\t\t<\/div>\n\t\t","protected":false},"excerpt":{"rendered":"<p>Paddelnd durch De Alde Feanen M\u00f6chten Sie De Alde Feanen mit dem Kanu oder Kajak entdecken, gemeinsam mit einem Tretboot unterwegs sein oder mit etwas wackeligen Beinen auf einem SUP-Board stehen? Spa\u00df ist garantiert! Das Sch\u00f6ne an diesen Aktivit\u00e4ten ist, dass Sie sie nicht vorher gelernt haben m\u00fcssen. Nach den ersten etwas unsicheren Metern gleiten [&hellip;]<\/p>\n","protected":false},"author":2,"featured_media":2848,"parent":301,"menu_order":20,"comment_status":"closed","ping_status":"closed","template":"elementor_header_footer","meta":{"footnotes":""},"class_list":["post-261","page","type-page","status-publish","has-post-thumbnail","hentry"],"_links":{"self":[{"href":"https:\/\/www.np-aldefeanen.nl\/de\/wp-json\/wp\/v2\/pages\/261","targetHints":{"allow":["GET"]}}],"collection":[{"href":"https:\/\/www.np-aldefeanen.nl\/de\/wp-json\/wp\/v2\/pages"}],"about":[{"href":"https:\/\/www.np-aldefeanen.nl\/de\/wp-json\/wp\/v2\/types\/page"}],"author":[{"embeddable":true,"href":"https:\/\/www.np-aldefeanen.nl\/de\/wp-json\/wp\/v2\/users\/2"}],"replies":[{"embeddable":true,"href":"https:\/\/www.np-aldefeanen.nl\/de\/wp-json\/wp\/v2\/comments?post=261"}],"version-history":[{"count":0,"href":"https:\/\/www.np-aldefeanen.nl\/de\/wp-json\/wp\/v2\/pages\/261\/revisions"}],"up":[{"embeddable":true,"href":"https:\/\/www.np-aldefeanen.nl\/de\/wp-json\/wp\/v2\/pages\/301"}],"wp:featuredmedia":[{"embeddable":true,"href":"https:\/\/www.np-aldefeanen.nl\/de\/wp-json\/wp\/v2\/media\/2848"}],"wp:attachment":[{"href":"https:\/\/www.np-aldefeanen.nl\/de\/wp-json\/wp\/v2\/media?parent=261"}],"curies":[{"name":"wp","href":"https:\/\/api.w.org\/{rel}","templated":true}]}}