{"id":259,"date":"2017-12-17T13:39:37","date_gmt":"2017-12-17T12:39:37","guid":{"rendered":"https:\/\/www.np-aldefeanen.nl\/entdecke\/watersport-laat-je-varen\/"},"modified":"2018-04-08T10:30:49","modified_gmt":"2018-04-08T08:30:49","slug":"watersport-laat-je-varen","status":"publish","type":"page","link":"https:\/\/www.np-aldefeanen.nl\/de\/routen-aktivitaten\/wassersport\/watersport-laat-je-varen\/","title":{"rendered":"Wassersport: lassen Sie sich segeln"},"content":{"rendered":"<p><strong>Am besten erkundet man den Nationalpark De Alde Feanen vom Wasser aus. Wer sich dabei entspannt zur\u00fccklehnen m\u00f6chte, hat verschiedene M\u00f6glichkeiten zur Auswahl. Mit einem erfahrenen Skipper am Steuer kann man seinen Blick in aller Ruhe schweifen lassen, fotografieren oder mit Freunden Spa\u00df haben.<\/strong><\/p>\n<hr \/>\n<h2>Bootsrundfahrten<\/h2>\n<p>Wie w\u00e4r`s mit einer Bootsrundfahrt? So entdecken Sie ganz entspannt die sch\u00f6nsten Stellen des Nationalparks, w\u00e4hrend Sie gleichzeitig in den Genuss gegrillter K\u00f6stlichkeiten oder einer Weinverkostung kommen. Nat\u00fcrlich gibt es auch Bootsrundfahrten ohne Sonderprogramm, sodass Sie ganz ungest\u00f6rt die Sch\u00f6nheit der Natur erleben k\u00f6nnen. Bootsrundfahrten sind auch f\u00fcr <a href=\"https:\/\/www.np-aldefeanen.nl\/de\/entdecke\/gruppenaktivitaeten\/\">Gruppen<\/a> sehr empfehlenswert.<\/p>\n<p>Beim Verein It Fryske Gea k\u00f6nnen Fahrten mit dem elektrischen \u201eFl\u00fcsterboot\u201c (fluisterboot) De Blaustirns gebucht werden. Das Wasserfahrzeug verf\u00fcgt \u00fcber einen Solarantrieb und hat Platz f\u00fcr 25 Personen. Brauchen Sie noch einen Tipp f\u00fcr eine Gruppenaktivit\u00e4t bei schlechtem Wetter? Dann haben Sie mit der Blaustirns die perfekte L\u00f6sung gefunden.<\/p>\n<p><img fetchpriority=\"high\" decoding=\"async\" class=\"size-content-width wp-image-1970\" src=\"https:\/\/www.np-aldefeanen.nl\/wp-content\/uploads\/Watersport-laat-je-varen-header-1.jpg\" alt=\"\" width=\"800\" height=\"254\" srcset=\"https:\/\/www.np-aldefeanen.nl\/wp-content\/uploads\/Watersport-laat-je-varen-header-1.jpg 2000w, https:\/\/www.np-aldefeanen.nl\/wp-content\/uploads\/Watersport-laat-je-varen-header-1-320x102.jpg 320w, https:\/\/www.np-aldefeanen.nl\/wp-content\/uploads\/Watersport-laat-je-varen-header-1-960x305.jpg 960w, https:\/\/www.np-aldefeanen.nl\/wp-content\/uploads\/Watersport-laat-je-varen-header-1-800x254.jpg 800w\" sizes=\"(max-width: 800px) 100vw, 800px\" \/><\/p>\n<h2>Typisch Alde Feanen<\/h2>\n<p>Eine Alternative ist eine Segeltour in dem f\u00fcr die Region charakteristischen Bootstyp sk\u00fbtsje. Vertrauen Sie sich einem versierten Skipper an und lassen Sie bei einem Tagesausflug auf dem Wasser einfach mal die Seele baumeln. Nehmen Sie das Ruder lieber selbst in die Hand und wollen Sie aktiv sein? Kein Problem, auch das ist m\u00f6glich!<\/p>\n<p>Suchen Sie nach einem ganz besonderen Erlebnis? Wie w\u00e4re es dann mit einer spannenden Nachtfahrt? Mit einer kleinen Gruppe steigen Sie an Bord eines Boots mit (sloep) oder ohne (praam) Segel und fahren in die Nacht hinein. Unterwegs k\u00f6nnen Sie beobachten, wie nach und nach das Nachtleben im Park erwacht. Vielleicht h\u00f6ren Sie sogar die n\u00e4chtlichen Rufe einer Rohrdommel &#8230; In der Zwischenzeit erz\u00e4hlt Ihnen der Skipper Faszinierendes \u00fcber den Nationalpark De Alde Feanen.<\/p>\n<p>Als Gruppe kann man auch einen Prahm mieten, mit dem man beispielsweise einen Aalfischer bei seiner Arbeit begleitet. Lauschen Sie den passionierten Geschichten des Aalfischers, w\u00e4hrend er seine Reusen auslegt.<\/p>\n<hr \/>\n<p>Sind Sie im De Alde Feanen zu Fu\u00df oder mit dem Rad unterwegs, m\u00f6chten Sie jedoch gelegentlich Ihre Erkundungen am gegen\u00fcberliegenden Ufer fortsetzen? Lassen Sie sich dann mit einer F\u00e4hre \u00fcbersetzen! Das kostet nicht viel: F\u00fcr einen Euro pro Person bringt Sie die F\u00e4hre ans andere Ufer. Gerade mit Kindern ist so eine Fahrt mit der F\u00e4hre hin und zur\u00fcck ein Erlebnis!<\/p>\n<p><img decoding=\"async\" class=\"size-content-width wp-image-1973\" src=\"https:\/\/www.np-aldefeanen.nl\/wp-content\/uploads\/recreatie-NP-De_Alde_Feanen-408.jpg\" alt=\"\" width=\"800\" height=\"309\" srcset=\"https:\/\/www.np-aldefeanen.nl\/wp-content\/uploads\/recreatie-NP-De_Alde_Feanen-408.jpg 1000w, https:\/\/www.np-aldefeanen.nl\/wp-content\/uploads\/recreatie-NP-De_Alde_Feanen-408-320x124.jpg 320w, https:\/\/www.np-aldefeanen.nl\/wp-content\/uploads\/recreatie-NP-De_Alde_Feanen-408-960x371.jpg 960w, https:\/\/www.np-aldefeanen.nl\/wp-content\/uploads\/recreatie-NP-De_Alde_Feanen-408-800x309.jpg 800w\" sizes=\"(max-width: 800px) 100vw, 800px\" \/><\/p>\n<p>M\u00f6chten Sie wissen, wo \u00fcberall Bootsrundfahrten angeboten werden? Rufen Sie dann die <a href=\"https:\/\/www.np-aldefeanen.nl\/de\/orte\/\">Karte<\/a> auf und wenden Sie den Filter \u201eUnternehmungen\u201c an.<\/p>\n","protected":false},"excerpt":{"rendered":"<p>Am besten erkundet man den Nationalpark De Alde Feanen vom Wasser aus. Wer sich dabei entspannt zur\u00fccklehnen m\u00f6chte, hat verschiedene M\u00f6glichkeiten zur Auswahl. Mit einem erfahrenen Skipper am Steuer kann man seinen Blick in aller Ruhe schweifen lassen, fotografieren oder mit Freunden Spa\u00df haben. Bootsrundfahrten Wie w\u00e4r`s mit einer Bootsrundfahrt? So entdecken Sie ganz entspannt [&hellip;]<\/p>\n","protected":false},"author":2,"featured_media":1978,"parent":301,"menu_order":30,"comment_status":"closed","ping_status":"closed","template":"","meta":{"footnotes":""},"class_list":["post-259","page","type-page","status-publish","has-post-thumbnail","hentry"],"_links":{"self":[{"href":"https:\/\/www.np-aldefeanen.nl\/de\/wp-json\/wp\/v2\/pages\/259","targetHints":{"allow":["GET"]}}],"collection":[{"href":"https:\/\/www.np-aldefeanen.nl\/de\/wp-json\/wp\/v2\/pages"}],"about":[{"href":"https:\/\/www.np-aldefeanen.nl\/de\/wp-json\/wp\/v2\/types\/page"}],"author":[{"embeddable":true,"href":"https:\/\/www.np-aldefeanen.nl\/de\/wp-json\/wp\/v2\/users\/2"}],"replies":[{"embeddable":true,"href":"https:\/\/www.np-aldefeanen.nl\/de\/wp-json\/wp\/v2\/comments?post=259"}],"version-history":[{"count":0,"href":"https:\/\/www.np-aldefeanen.nl\/de\/wp-json\/wp\/v2\/pages\/259\/revisions"}],"up":[{"embeddable":true,"href":"https:\/\/www.np-aldefeanen.nl\/de\/wp-json\/wp\/v2\/pages\/301"}],"wp:featuredmedia":[{"embeddable":true,"href":"https:\/\/www.np-aldefeanen.nl\/de\/wp-json\/wp\/v2\/media\/1978"}],"wp:attachment":[{"href":"https:\/\/www.np-aldefeanen.nl\/de\/wp-json\/wp\/v2\/media?parent=259"}],"curies":[{"name":"wp","href":"https:\/\/api.w.org\/{rel}","templated":true}]}}