{"id":256,"date":"2017-12-17T13:48:12","date_gmt":"2017-12-17T12:48:12","guid":{"rendered":"https:\/\/www.np-aldefeanen.nl\/entdecke\/fietsen\/"},"modified":"2018-04-08T09:34:35","modified_gmt":"2018-04-08T07:34:35","slug":"fietsen","status":"publish","type":"page","link":"https:\/\/www.np-aldefeanen.nl\/de\/entdecke\/fietsen\/","title":{"rendered":"Radfahren"},"content":{"rendered":"<p><strong>Vom Fahrradsattel aus erschlie\u00dft sich so richtig die ganze Vielfalt des Nationalparks De Alde Feanen. Bei einer Radtour entlang an Wasserwegen und durch Wiesen, W\u00e4lder und D\u00f6rfer h\u00f6ren Sie die V\u00f6gel zwitschern und sehen Sie immer wieder vorbeifahrende Boote. Unterwegs k\u00f6nnen Sie auf der Terrasse eines Lokals Rast machen und Kaffee trinken oder sich an irgendeiner Uferstelle einen Platz zum Picknicken suchen. Eine F\u00e4hre bringt Sie anschlie\u00dfend auf die andere Seite.<\/strong><\/p>\n<hr \/>\n<h2>Fahrradverleih<\/h2>\n<p>Sie k\u00f6nnen nat\u00fcrlich das eigene Fahrrad mitnehmen, aber Sie k\u00f6nnen auch R\u00e4der oder E-Bikes bei einem der <a href=\"https:\/\/www.np-aldefeanen.nl\/de\/gastgeber\/\">Gastgeber<\/a> im Nationalpark mieten. F\u00fcr die Elektrofahrr\u00e4der sind verschiedene Aufladestationen installiert.<\/p>\n<p><img fetchpriority=\"high\" decoding=\"async\" class=\"alignnone size-content-width wp-image-1747\" src=\"https:\/\/www.np-aldefeanen.nl\/wp-content\/uploads\/fietsen_alde_feanen_friesland-1.jpg\" alt=\"\" width=\"800\" height=\"386\" \/><\/p>\n<h2>Radtouren<\/h2>\n<ul>\n<li>\u2018Mit der Radtour \u201eDe 8 van Grou\u201c setzen Sie wiederholt mit einer F\u00e4hre \u00fcber (Pontjesroute) (L\u00e4nge: 32 oder 55 km). Die Karte ist bei der Touristeninformation VVV Grou, im <a href=\"https:\/\/www.earnewald.nl\/nl\/\" target=\"_blank\" rel=\"noopener\">Tourismusb\u00fcro in Earnew\u00e2ld<\/a> und im Internet auf <a href=\"https:\/\/www.earnewald-routes.nl\/app\/fietsroutes\" target=\"_blank\" rel=\"noopener\">www.earnewald-routes.nl<\/a> erh\u00e4ltlich.<\/li>\n<li>Die Tour \u201e Het Dichterspaad\u201c (L\u00e4nge: 25 km) f\u00fchrt Sie an 18 Tafeln mit Gedichten in der Umgebung von Oudega vorbei. Die Karte ist im Internet erh\u00e4ltlich: <a href=\"http:\/\/dichterspaad.nl\/\" target=\"_blank\" rel=\"noopener\">www.dichterspaad.nl<\/a>.<\/li>\n<\/ul>\n<p>Weitere Radtouren finden Sie hier:<em>\u00a0<a href=\"https:\/\/www.earnewald-routes.nl\/app\/fietsroutes\" target=\"_blank\" rel=\"noopener\">www.earnewald-routes.nl<\/a> oder hier: <a href=\"https:\/\/www.route.nl\/\" target=\"_blank\" rel=\"noopener\">www.route.nl<\/a>.<\/em><\/p>\n<hr \/>\n<h2>Touristischer Umsteigepunkt (TOP)<\/h2>\n<p>Die touristischen Umsteigepunkte (Toeristische Overstap Punt) im Nationalpark De Alde Feanen sind Orte, an denen man parken kann und Rundwege starten und enden. Bei den meisten TOP sind auf Informationstafeln die jeweiligen Aktivit\u00e4ten und Sehensw\u00fcrdigkeiten angegeben. Alle TOP sind auf unserer Karte eingezeichnet.<\/p>\n<p><img decoding=\"async\" class=\"alignnone wp-image-1744 size-content-width\" src=\"https:\/\/www.np-aldefeanen.nl\/wp-content\/uploads\/burd-NP-De_Alde_Feanen-178.jpg\" alt=\"\" width=\"800\" height=\"343\" \/><\/p>\n","protected":false},"excerpt":{"rendered":"<p>Vom Fahrradsattel aus erschlie\u00dft sich so richtig die ganze Vielfalt des Nationalparks De Alde Feanen. Bei einer Radtour entlang an Wasserwegen und durch Wiesen, W\u00e4lder und D\u00f6rfer h\u00f6ren Sie die V\u00f6gel zwitschern und sehen Sie immer wieder vorbeifahrende Boote. Unterwegs k\u00f6nnen Sie auf der Terrasse eines Lokals Rast machen und Kaffee trinken oder sich an [&hellip;]<\/p>\n","protected":false},"author":2,"featured_media":1743,"parent":96,"menu_order":60,"comment_status":"closed","ping_status":"closed","template":"","meta":{"footnotes":""},"class_list":["post-256","page","type-page","status-publish","has-post-thumbnail","hentry"],"_links":{"self":[{"href":"https:\/\/www.np-aldefeanen.nl\/de\/wp-json\/wp\/v2\/pages\/256","targetHints":{"allow":["GET"]}}],"collection":[{"href":"https:\/\/www.np-aldefeanen.nl\/de\/wp-json\/wp\/v2\/pages"}],"about":[{"href":"https:\/\/www.np-aldefeanen.nl\/de\/wp-json\/wp\/v2\/types\/page"}],"author":[{"embeddable":true,"href":"https:\/\/www.np-aldefeanen.nl\/de\/wp-json\/wp\/v2\/users\/2"}],"replies":[{"embeddable":true,"href":"https:\/\/www.np-aldefeanen.nl\/de\/wp-json\/wp\/v2\/comments?post=256"}],"version-history":[{"count":0,"href":"https:\/\/www.np-aldefeanen.nl\/de\/wp-json\/wp\/v2\/pages\/256\/revisions"}],"up":[{"embeddable":true,"href":"https:\/\/www.np-aldefeanen.nl\/de\/wp-json\/wp\/v2\/pages\/96"}],"wp:featuredmedia":[{"embeddable":true,"href":"https:\/\/www.np-aldefeanen.nl\/de\/wp-json\/wp\/v2\/media\/1743"}],"wp:attachment":[{"href":"https:\/\/www.np-aldefeanen.nl\/de\/wp-json\/wp\/v2\/media?parent=256"}],"curies":[{"name":"wp","href":"https:\/\/api.w.org\/{rel}","templated":true}]}}