{"id":254,"date":"2017-12-17T13:48:53","date_gmt":"2017-12-17T12:48:53","guid":{"rendered":"https:\/\/www.np-aldefeanen.nl\/entdecke\/kinderen\/"},"modified":"2026-03-10T11:20:10","modified_gmt":"2026-03-10T10:20:10","slug":"kinder","status":"publish","type":"page","link":"https:\/\/www.np-aldefeanen.nl\/de\/entdecke\/kinder\/","title":{"rendered":"Kinder"},"content":{"rendered":"\t\t<div data-elementor-type=\"wp-page\" data-elementor-id=\"254\" class=\"elementor elementor-254 elementor-237\" data-elementor-post-type=\"page\">\n\t\t\t\t<div class=\"elementor-element elementor-element-39d2dab1 e-flex e-con-boxed e-con e-parent\" data-id=\"39d2dab1\" data-element_type=\"container\" data-e-type=\"container\" data-settings=\"{&quot;jet_parallax_layout_list&quot;:[]}\">\n\t\t\t\t\t<div class=\"e-con-inner\">\n\t\t\t\t<div class=\"elementor-element elementor-element-6e1b88e5 elementor-widget elementor-widget-heading\" data-id=\"6e1b88e5\" data-element_type=\"widget\" data-e-type=\"widget\" data-widget_type=\"heading.default\">\n\t\t\t\t\t<h2 class=\"elementor-heading-title elementor-size-default\">Viele Freizeitm\u00f6glichkeiten<\/h2>\t\t\t\t<\/div>\n\t\t\t\t<div class=\"elementor-element elementor-element-14b1ab9c elementor-widget elementor-widget-text-editor\" data-id=\"14b1ab9c\" data-element_type=\"widget\" data-e-type=\"widget\" data-widget_type=\"text-editor.default\">\n\t\t\t\t\t\t\t\t\t<p><strong>Wassertiere suchen, Survival-Abenteuer erleben, mit der F\u00e4hre hin und her fahren oder wie ein Pirat auf einem echten Piratenschiff spielen \u2013 Kinder k\u00f6nnen sich in De Alde Feanen hervorragend besch\u00e4ftigen! Es gibt Freizeitm\u00f6glichkeiten f\u00fcr Kinder jeden Alters. <\/strong><\/p>\t\t\t\t\t\t\t\t<\/div>\n\t\t\t\t<div class=\"elementor-element elementor-element-57a2cc3d elementor-widget elementor-widget-text-editor\" data-id=\"57a2cc3d\" data-element_type=\"widget\" data-e-type=\"widget\" data-widget_type=\"text-editor.default\">\n\t\t\t\t\t\t\t\t\t<p>Ein sch\u00f6ner Ausgangspunkt f\u00fcr einen Besuch im Gebiet ist das <a href=\"https:\/\/www.np-aldefeanen.nl\/bezoekerscentrum\/\">Besucherzentrum Nationalpark De Alde Feanen<\/a>. Hier lernen Sie auf interaktive Weise mehr \u00fcber die Entstehungsgeschichte von De Alde Feanen. <\/p>\t\t\t\t\t\t\t\t<\/div>\n\t\t\t\t\t<\/div>\n\t\t\t\t<\/div>\n\t\t<div class=\"elementor-element elementor-element-178ef233 e-flex e-con-boxed e-con e-parent\" data-id=\"178ef233\" data-element_type=\"container\" data-e-type=\"container\" data-settings=\"{&quot;jet_parallax_layout_list&quot;:[]}\">\n\t\t\t\t\t<div class=\"e-con-inner\">\n\t\t<div class=\"elementor-element elementor-element-538cf8d2 e-grid e-con-full e-con e-child\" data-id=\"538cf8d2\" data-element_type=\"container\" data-e-type=\"container\" data-settings=\"{&quot;jet_parallax_layout_list&quot;:[]}\">\n\t\t\t\t<div class=\"elementor-element elementor-element-77885c6 elementor-widget elementor-widget-image\" data-id=\"77885c6\" data-element_type=\"widget\" data-e-type=\"widget\" data-widget_type=\"image.default\">\n\t\t\t\t\t\t\t\t\t\t\t\t\t\t\t<img fetchpriority=\"high\" decoding=\"async\" width=\"388\" height=\"333\" src=\"https:\/\/www.np-aldefeanen.nl\/wp-content\/uploads\/Rugzak-route-Earnewald.jpg\" class=\"attachment-large size-large wp-image-1814\" alt=\"rugzakroute earnew\u00e2ld\" srcset=\"https:\/\/www.np-aldefeanen.nl\/wp-content\/uploads\/Rugzak-route-Earnewald.jpg 388w, https:\/\/www.np-aldefeanen.nl\/wp-content\/uploads\/Rugzak-route-Earnewald-320x275.jpg 320w\" sizes=\"(max-width: 388px) 100vw, 388px\" \/>\t\t\t\t\t\t\t\t\t\t\t\t\t\t\t<\/div>\n\t\t<div class=\"elementor-element elementor-element-3a5ca9a e-con-full e-flex e-con e-child\" data-id=\"3a5ca9a\" data-element_type=\"container\" data-e-type=\"container\" data-settings=\"{&quot;background_background&quot;:&quot;classic&quot;,&quot;jet_parallax_layout_list&quot;:[]}\">\n\t\t\t\t<div class=\"elementor-element elementor-element-748e4785 elementor-widget elementor-widget-heading\" data-id=\"748e4785\" data-element_type=\"widget\" data-e-type=\"widget\" data-widget_type=\"heading.default\">\n\t\t\t\t\t<h2 class=\"elementor-heading-title elementor-size-default\">It Pettebosk<\/h2>\t\t\t\t<\/div>\n\t\t\t\t<div class=\"elementor-element elementor-element-3c6ad374 elementor-widget elementor-widget-text-editor\" data-id=\"3c6ad374\" data-element_type=\"widget\" data-e-type=\"widget\" data-widget_type=\"text-editor.default\">\n\t\t\t\t\t\t\t\t\t<p>It Pettebosk ist der Naturerlebnis- und Bildungswald des Nationalparks De Alde Feanen. Eigentlich ist er eine Art Alde Feanen im Kleinformat. Kinder und Erwachsene k\u00f6nnen hier spielerisch die Natur des Gebietes entdecken.  <\/p><p>Familien mit Kindern k\u00f6nnen hier verschiedene <a href=\"https:\/\/www.itfryskegea.nl\/in-de-natuur\/kinderen\/rugzakroutes\/\">Rucksackrouten <\/a>laufen. Mit einem Rucksack voller Forschungsmaterialien und einem Kescher erkunden Sie selbstst\u00e4ndig die Natur. Lernen Sie alles \u00fcber Fr\u00f6sche, Otter oder das Moorgebiet. Die Rucks\u00e4cke sind f\u00fcr Kinder zwischen 4 und 13 Jahren geeignet und w\u00e4hrend der \u00d6ffnungszeiten des <a href=\"https:\/\/www.itfryskegea.nl\/natuurgebied\/nationaal-park-alde-feanen\/informatiepunt\/\">Informationspunktes <\/a>ausleihbar.   <\/p>\t\t\t\t\t\t\t\t<\/div>\n\t\t\t\t<\/div>\n\t\t\t\t<\/div>\n\t\t\t\t\t<\/div>\n\t\t\t\t<\/div>\n\t\t<div class=\"elementor-element elementor-element-c7854c4 e-flex e-con-boxed e-con e-parent\" data-id=\"c7854c4\" data-element_type=\"container\" data-e-type=\"container\" data-settings=\"{&quot;jet_parallax_layout_list&quot;:[]}\">\n\t\t\t\t\t<div class=\"e-con-inner\">\n\t\t\t\t<div class=\"elementor-element elementor-element-e04ba30 elementor-widget elementor-widget-heading\" data-id=\"e04ba30\" data-element_type=\"widget\" data-e-type=\"widget\" data-widget_type=\"heading.default\">\n\t\t\t\t\t<h2 class=\"elementor-heading-title elementor-size-default\">Schulausfl\u00fcge<\/h2>\t\t\t\t<\/div>\n\t\t\t\t<div class=\"elementor-element elementor-element-4172c80 elementor-widget elementor-widget-text-editor\" data-id=\"4172c80\" data-element_type=\"widget\" data-e-type=\"widget\" data-widget_type=\"text-editor.default\">\n\t\t\t\t\t\t\t\t\t<p>In It Pettebosk werden jedes Jahr Schulausfl\u00fcge organisiert. Nichts ist sch\u00f6ner, als Kinder f\u00fcr die Natur zu begeistern \u2013 sie sind die Botschafter der Zukunft. Ein Naturf\u00fchrer begleitet die Gruppe den ganzen Tag. Weitere Informationen finden Sie auf unserer Seite \u00fcber <a href=\"https:\/\/www.np-aldefeanen.nl\/ontdekken\/schoolreisjes\/\" target=\"_blank\" rel=\"noopener noreferrer\">Schulausfl\u00fcge<\/a>.    <\/p>\t\t\t\t\t\t\t\t<\/div>\n\t\t\t\t\t<\/div>\n\t\t\t\t<\/div>\n\t\t<div class=\"elementor-element elementor-element-3a6116c8 e-flex e-con-boxed e-con e-parent\" data-id=\"3a6116c8\" data-element_type=\"container\" data-e-type=\"container\" data-settings=\"{&quot;jet_parallax_layout_list&quot;:[]}\">\n\t\t\t\t\t<div class=\"e-con-inner\">\n\t\t<div class=\"elementor-element elementor-element-5f26bae8 e-grid e-con-full e-con e-child\" data-id=\"5f26bae8\" data-element_type=\"container\" data-e-type=\"container\" data-settings=\"{&quot;jet_parallax_layout_list&quot;:[]}\">\n\t\t\t\t<div class=\"elementor-element elementor-element-47d0745d elementor-widget elementor-widget-image\" data-id=\"47d0745d\" data-element_type=\"widget\" data-e-type=\"widget\" data-widget_type=\"image.default\">\n\t\t\t\t\t\t\t\t\t\t\t\t\t\t\t<img decoding=\"async\" width=\"800\" height=\"533\" src=\"https:\/\/www.np-aldefeanen.nl\/wp-content\/uploads\/recreatie-NP-De_Alde_Feanen-71-1-960x640.jpg\" class=\"attachment-large size-large wp-image-2406\" alt=\"\" srcset=\"https:\/\/www.np-aldefeanen.nl\/wp-content\/uploads\/recreatie-NP-De_Alde_Feanen-71-1-960x640.jpg 960w, https:\/\/www.np-aldefeanen.nl\/wp-content\/uploads\/recreatie-NP-De_Alde_Feanen-71-1-253x169.jpg 253w, https:\/\/www.np-aldefeanen.nl\/wp-content\/uploads\/recreatie-NP-De_Alde_Feanen-71-1-320x213.jpg 320w, https:\/\/www.np-aldefeanen.nl\/wp-content\/uploads\/recreatie-NP-De_Alde_Feanen-71-1-800x533.jpg 800w\" sizes=\"(max-width: 800px) 100vw, 800px\" \/>\t\t\t\t\t\t\t\t\t\t\t\t\t\t\t<\/div>\n\t\t<div class=\"elementor-element elementor-element-64e4ed5b e-con-full e-flex e-con e-child\" data-id=\"64e4ed5b\" data-element_type=\"container\" data-e-type=\"container\" data-settings=\"{&quot;background_background&quot;:&quot;classic&quot;,&quot;jet_parallax_layout_list&quot;:[]}\">\n\t\t\t\t<div class=\"elementor-element elementor-element-425a86da elementor-widget elementor-widget-heading\" data-id=\"425a86da\" data-element_type=\"widget\" data-e-type=\"widget\" data-widget_type=\"heading.default\">\n\t\t\t\t\t<h2 class=\"elementor-heading-title elementor-size-default\">Kindergeburtstage<\/h2>\t\t\t\t<\/div>\n\t\t\t\t<div class=\"elementor-element elementor-element-16d9a951 elementor-widget elementor-widget-text-editor\" data-id=\"16d9a951\" data-element_type=\"widget\" data-e-type=\"widget\" data-widget_type=\"text-editor.default\">\n\t\t\t\t\t\t\t\t\t<p>Aktivit\u00e4ten wie die Rucksackrouten oder das Untersuchen von Eulengew\u00f6llen eignen sich perfekt f\u00fcr Kindergeburtstage. Aber auch Paintball, Kanufahren oder Baden an einem Strand geh\u00f6ren zu den M\u00f6glichkeiten. <\/p>\t\t\t\t\t\t\t\t<\/div>\n\t\t\t\t<\/div>\n\t\t\t\t<\/div>\n\t\t\t\t\t<\/div>\n\t\t\t\t<\/div>\n\t\t<div class=\"elementor-element elementor-element-43401cf e-flex e-con-boxed e-con e-parent\" data-id=\"43401cf\" data-element_type=\"container\" data-e-type=\"container\" data-settings=\"{&quot;jet_parallax_layout_list&quot;:[]}\">\n\t\t\t\t\t<div class=\"e-con-inner\">\n\t\t<div class=\"elementor-element elementor-element-4510ba4 e-grid e-con-full e-con e-child\" data-id=\"4510ba4\" data-element_type=\"container\" data-e-type=\"container\" data-settings=\"{&quot;jet_parallax_layout_list&quot;:[]}\">\n\t\t\t\t<div class=\"elementor-element elementor-element-0385460 elementor-widget elementor-widget-image\" data-id=\"0385460\" data-element_type=\"widget\" data-e-type=\"widget\" data-widget_type=\"image.default\">\n\t\t\t\t\t\t\t\t\t\t\t\t\t\t\t<img decoding=\"async\" width=\"800\" height=\"533\" src=\"https:\/\/www.np-aldefeanen.nl\/wp-content\/uploads\/recreatie-NP-De_Alde_Feanen-11-960x640.jpg\" class=\"attachment-large size-large wp-image-1789\" alt=\"\" srcset=\"https:\/\/www.np-aldefeanen.nl\/wp-content\/uploads\/recreatie-NP-De_Alde_Feanen-11-960x640.jpg 960w, https:\/\/www.np-aldefeanen.nl\/wp-content\/uploads\/recreatie-NP-De_Alde_Feanen-11-253x169.jpg 253w, https:\/\/www.np-aldefeanen.nl\/wp-content\/uploads\/recreatie-NP-De_Alde_Feanen-11-320x213.jpg 320w, https:\/\/www.np-aldefeanen.nl\/wp-content\/uploads\/recreatie-NP-De_Alde_Feanen-11-800x533.jpg 800w\" sizes=\"(max-width: 800px) 100vw, 800px\" \/>\t\t\t\t\t\t\t\t\t\t\t\t\t\t\t<\/div>\n\t\t<div class=\"elementor-element elementor-element-fd09e98 e-con-full e-flex e-con e-child\" data-id=\"fd09e98\" data-element_type=\"container\" data-e-type=\"container\" data-settings=\"{&quot;background_background&quot;:&quot;classic&quot;,&quot;jet_parallax_layout_list&quot;:[]}\">\n\t\t\t\t<div class=\"elementor-element elementor-element-aa90d4a elementor-widget elementor-widget-heading\" data-id=\"aa90d4a\" data-element_type=\"widget\" data-e-type=\"widget\" data-widget_type=\"heading.default\">\n\t\t\t\t\t<h2 class=\"elementor-heading-title elementor-size-default\">Mit einem Jugendf\u00fchrer unterwegs<\/h2>\t\t\t\t<\/div>\n\t\t\t\t<div class=\"elementor-element elementor-element-970e957 elementor-widget elementor-widget-text-editor\" data-id=\"970e957\" data-element_type=\"widget\" data-e-type=\"widget\" data-widget_type=\"text-editor.default\">\n\t\t\t\t\t\t\t\t\t<p>W\u00e4hrend der Schulferien werden regelm\u00e4\u00dfig spannende und lehrreiche Aktivit\u00e4ten f\u00fcr Kinder organisiert. In unserem Veranstaltungskalender finden Sie eine \u00dcbersicht der aktuellen Angebote. <\/p>\t\t\t\t\t\t\t\t<\/div>\n\t\t\t\t<\/div>\n\t\t\t\t<\/div>\n\t\t\t\t\t<\/div>\n\t\t\t\t<\/div>\n\t\t<div class=\"elementor-element elementor-element-b2028f7 e-flex e-con-boxed e-con e-parent\" data-id=\"b2028f7\" data-element_type=\"container\" data-e-type=\"container\" data-settings=\"{&quot;jet_parallax_layout_list&quot;:[]}\">\n\t\t\t\t\t<div class=\"e-con-inner\">\n\t\t\t\t<div class=\"elementor-element elementor-element-423b9e55 elementor-widget elementor-widget-heading\" data-id=\"423b9e55\" data-element_type=\"widget\" data-e-type=\"widget\" data-widget_type=\"heading.default\">\n\t\t\t\t\t<h2 class=\"elementor-heading-title elementor-size-default\">Sk\u00fbtsjemuseum<\/h2>\t\t\t\t<\/div>\n\t\t\t\t<div class=\"elementor-element elementor-element-400da7ec elementor-widget elementor-widget-text-editor\" data-id=\"400da7ec\" data-element_type=\"widget\" data-e-type=\"widget\" data-widget_type=\"text-editor.default\">\n\t\t\t\t\t\t\t\t\t<p>Bei einem Besuch im <a href=\"http:\/\/www.skutsjemuseum.nl\/\" target=\"_blank\" rel=\"noopener noreferrer\">Sk\u00fbtsjemuseum <\/a>in Earnew\u00e2ld k\u00f6nnen Kinder eine Reise in die Vergangenheit machen. Aktivit\u00e4ten wie Sackziehen, in der \u201eBeage\u201c laufen, Seilknoten kn\u00fcpfen oder Leinenwerfen machen Geschichte lebendig. Im Museum erfahren sie au\u00dferdem, wie Kinder von Skippern fr\u00fcher auf den Sk\u00fbtsjes lebten. <a href=\"http:\/\/www.skutsjemuseum.nl\/\"> <\/a><\/p>\t\t\t\t\t\t\t\t<\/div>\n\t\t\t\t\t<\/div>\n\t\t\t\t<\/div>\n\t\t<div class=\"elementor-element elementor-element-1ded8797 e-flex e-con-boxed e-con e-parent\" data-id=\"1ded8797\" data-element_type=\"container\" data-e-type=\"container\" data-settings=\"{&quot;jet_parallax_layout_list&quot;:[]}\">\n\t\t\t\t\t<div class=\"e-con-inner\">\n\t\t<div class=\"elementor-element elementor-element-5681b8c5 e-grid e-con-full e-con e-child\" data-id=\"5681b8c5\" data-element_type=\"container\" data-e-type=\"container\" data-settings=\"{&quot;jet_parallax_layout_list&quot;:[]}\">\n\t\t\t\t<div class=\"elementor-element elementor-element-f9f6781 elementor-widget elementor-widget-image\" data-id=\"f9f6781\" data-element_type=\"widget\" data-e-type=\"widget\" data-widget_type=\"image.default\">\n\t\t\t\t\t\t\t\t\t\t\t\t\t\t\t<img loading=\"lazy\" decoding=\"async\" width=\"800\" height=\"533\" src=\"https:\/\/www.np-aldefeanen.nl\/wp-content\/uploads\/recreatie-NP-De_Alde_Feanen-29-1-960x640.jpg\" class=\"attachment-large size-large wp-image-1808\" alt=\"\" srcset=\"https:\/\/www.np-aldefeanen.nl\/wp-content\/uploads\/recreatie-NP-De_Alde_Feanen-29-1-960x640.jpg 960w, https:\/\/www.np-aldefeanen.nl\/wp-content\/uploads\/recreatie-NP-De_Alde_Feanen-29-1-253x169.jpg 253w, https:\/\/www.np-aldefeanen.nl\/wp-content\/uploads\/recreatie-NP-De_Alde_Feanen-29-1-320x213.jpg 320w, https:\/\/www.np-aldefeanen.nl\/wp-content\/uploads\/recreatie-NP-De_Alde_Feanen-29-1-800x533.jpg 800w\" sizes=\"(max-width: 800px) 100vw, 800px\" \/>\t\t\t\t\t\t\t\t\t\t\t\t\t\t\t<\/div>\n\t\t<div class=\"elementor-element elementor-element-6a2b77f3 e-con-full e-flex e-con e-child\" data-id=\"6a2b77f3\" data-element_type=\"container\" data-e-type=\"container\" data-settings=\"{&quot;background_background&quot;:&quot;classic&quot;,&quot;jet_parallax_layout_list&quot;:[]}\">\n\t\t\t\t<div class=\"elementor-element elementor-element-11685e9d elementor-widget elementor-widget-heading\" data-id=\"11685e9d\" data-element_type=\"widget\" data-e-type=\"widget\" data-widget_type=\"heading.default\">\n\t\t\t\t\t<h2 class=\"elementor-heading-title elementor-size-default\">Segeln lernen<\/h2>\t\t\t\t<\/div>\n\t\t\t\t<div class=\"elementor-element elementor-element-16e4461e elementor-widget elementor-widget-text-editor\" data-id=\"16e4461e\" data-element_type=\"widget\" data-e-type=\"widget\" data-widget_type=\"text-editor.default\">\n\t\t\t\t\t\t\t\t\t<p>Mit dem Segeln kann man gar nicht fr\u00fch genug anfangen. Kinder ab 7 Jahren k\u00f6nnen in De Alde Feanen die Grundlagen des Segelns lernen. <\/p>\t\t\t\t\t\t\t\t<\/div>\n\t\t\t\t<\/div>\n\t\t\t\t<\/div>\n\t\t\t\t\t<\/div>\n\t\t\t\t<\/div>\n\t\t<div class=\"elementor-element elementor-element-a453293 e-flex e-con-boxed e-con e-parent\" data-id=\"a453293\" data-element_type=\"container\" data-e-type=\"container\" data-settings=\"{&quot;jet_parallax_layout_list&quot;:[]}\">\n\t\t\t\t\t<div class=\"e-con-inner\">\n\t\t\t\t<div class=\"elementor-element elementor-element-242c956 elementor-widget elementor-widget-heading\" data-id=\"242c956\" data-element_type=\"widget\" data-e-type=\"widget\" data-widget_type=\"heading.default\">\n\t\t\t\t\t<h2 class=\"elementor-heading-title elementor-size-default\">Piratenspielplatz<\/h2>\t\t\t\t<\/div>\n\t\t\t\t<div class=\"elementor-element elementor-element-a91b642 elementor-widget elementor-widget-text-editor\" data-id=\"a91b642\" data-element_type=\"widget\" data-e-type=\"widget\" data-widget_type=\"text-editor.default\">\n\t\t\t\t\t\t\t\t\t<p>Schiff ahoi! Im Zentrum von Earnew\u00e2ld befindet sich ein echter Piratenspielplatz, auf dem die Fantasie der Kinder freien Lauf hat. <\/p>\t\t\t\t\t\t\t\t<\/div>\n\t\t\t\t\t<\/div>\n\t\t\t\t<\/div>\n\t\t\t\t<\/div>\n\t\t","protected":false},"excerpt":{"rendered":"<p>Viele Freizeitm\u00f6glichkeiten Wassertiere suchen, Survival-Abenteuer erleben, mit der F\u00e4hre hin und her fahren oder wie ein Pirat auf einem echten Piratenschiff spielen \u2013 Kinder k\u00f6nnen sich in De Alde Feanen hervorragend besch\u00e4ftigen! Es gibt Freizeitm\u00f6glichkeiten f\u00fcr Kinder jeden Alters. Ein sch\u00f6ner Ausgangspunkt f\u00fcr einen Besuch im Gebiet ist das Besucherzentrum Nationalpark De Alde Feanen. Hier [&hellip;]<\/p>\n","protected":false},"author":2,"featured_media":1818,"parent":96,"menu_order":70,"comment_status":"closed","ping_status":"closed","template":"elementor_header_footer","meta":{"footnotes":""},"class_list":["post-254","page","type-page","status-publish","has-post-thumbnail","hentry"],"_links":{"self":[{"href":"https:\/\/www.np-aldefeanen.nl\/de\/wp-json\/wp\/v2\/pages\/254","targetHints":{"allow":["GET"]}}],"collection":[{"href":"https:\/\/www.np-aldefeanen.nl\/de\/wp-json\/wp\/v2\/pages"}],"about":[{"href":"https:\/\/www.np-aldefeanen.nl\/de\/wp-json\/wp\/v2\/types\/page"}],"author":[{"embeddable":true,"href":"https:\/\/www.np-aldefeanen.nl\/de\/wp-json\/wp\/v2\/users\/2"}],"replies":[{"embeddable":true,"href":"https:\/\/www.np-aldefeanen.nl\/de\/wp-json\/wp\/v2\/comments?post=254"}],"version-history":[{"count":0,"href":"https:\/\/www.np-aldefeanen.nl\/de\/wp-json\/wp\/v2\/pages\/254\/revisions"}],"up":[{"embeddable":true,"href":"https:\/\/www.np-aldefeanen.nl\/de\/wp-json\/wp\/v2\/pages\/96"}],"wp:featuredmedia":[{"embeddable":true,"href":"https:\/\/www.np-aldefeanen.nl\/de\/wp-json\/wp\/v2\/media\/1818"}],"wp:attachment":[{"href":"https:\/\/www.np-aldefeanen.nl\/de\/wp-json\/wp\/v2\/media?parent=254"}],"curies":[{"name":"wp","href":"https:\/\/api.w.org\/{rel}","templated":true}]}}