{"id":249,"date":"2017-12-17T13:49:28","date_gmt":"2017-12-17T12:49:28","guid":{"rendered":"https:\/\/www.np-aldefeanen.nl\/entdecke\/culinair\/"},"modified":"2026-03-10T11:02:32","modified_gmt":"2026-03-10T10:02:32","slug":"essen-und-trinken","status":"publish","type":"page","link":"https:\/\/www.np-aldefeanen.nl\/de\/routen-aktivitaten\/essen-und-trinken\/","title":{"rendered":"Essen und trinken"},"content":{"rendered":"\t\t<div data-elementor-type=\"wp-page\" data-elementor-id=\"249\" class=\"elementor elementor-249 elementor-239\" data-elementor-post-type=\"page\">\n\t\t\t\t<div class=\"elementor-element elementor-element-73f53ceb e-flex e-con-boxed e-con e-parent\" data-id=\"73f53ceb\" data-element_type=\"container\" data-e-type=\"container\" data-settings=\"{&quot;jet_parallax_layout_list&quot;:[]}\">\n\t\t\t\t\t<div class=\"e-con-inner\">\n\t\t\t\t<div class=\"elementor-element elementor-element-b295cf0 elementor-widget elementor-widget-heading\" data-id=\"b295cf0\" data-element_type=\"widget\" data-e-type=\"widget\" data-widget_type=\"heading.default\">\n\t\t\t\t\t<h2 class=\"elementor-heading-title elementor-size-default\">Genie\u00dfen Sie Essen und Trinken rund um De Alde Feanen<\/h2>\t\t\t\t<\/div>\n\t\t\t\t<div class=\"elementor-element elementor-element-54e5ba2c elementor-widget elementor-widget-text-editor\" data-id=\"54e5ba2c\" data-element_type=\"widget\" data-e-type=\"widget\" data-widget_type=\"text-editor.default\">\n\t\t\t\t\t\t\t\t\t<strong>Nach einem Tag auf dem Wasser k\u00f6nnen Sie nat\u00fcrlich selbst noch in der K\u00fcche stehen. Aber ganz ehrlich: Haben Sie nach so einem entspannten Tag wirklich noch Lust dazu? In den <a href=\"https:\/\/www.np-aldefeanen.nl\/ontdekken\/dorpen\/\">D\u00f6rfern <\/a>Earnew\u00e2ld, Grou, De Veenhoop, Warten, Wergea und Aldegea gibt es zahlreiche M\u00f6glichkeiten, etwas Leckeres zu essen. Auf einer Terrasse am Wasser oder gem\u00fctlich am Kamin \u2013 Sie haben die Wahl!   <\/strong>\t\t\t\t\t\t\t\t<\/div>\n\t\t\t\t<div class=\"elementor-element elementor-element-5e88d1f elementor-widget elementor-widget-text-editor\" data-id=\"5e88d1f\" data-element_type=\"widget\" data-e-type=\"widget\" data-widget_type=\"text-editor.default\">\n\t\t\t\t\t\t\t\t\t<p>Im Nationalpark De Alde Feanen finden Sie eine gro\u00dfe Vielfalt an Restaurants. Hausmannskost, internationale K\u00fcche, Fryske Tapas, \u00fcberraschende Wildgerichte oder einfach ein Snack f\u00fcr zwischendurch \u2013 es kommt ganz darauf an, worauf Sie gerade Lust haben. Einige Restaurants liegen direkt am Wasser. Bei sch\u00f6nem Wetter k\u00f6nnen Sie hier auf der Terrasse sitzen, den Sonnenuntergang genie\u00dfen und den vorbeifahrenden Booten zusehen.   <\/p>\n<p>Die meisten Restaurants befinden sich in den D\u00f6rfern Grou und Earnew\u00e2ld, aber auch in Warten, De Veenhoop, Aldegea und Wergea gibt es mehrere gem\u00fctliche Lokale.<\/p>\n<p>Wo auch immer Sie sich entscheiden, essen zu gehen \u2013 die Atmosph\u00e4re und die Leidenschaft der Unternehmer werden Sie sofort sp\u00fcren.<\/p>\n\t\t\t\t\t\t\t\t<\/div>\n\t\t\t\t<div class=\"elementor-element elementor-element-a39e52e elementor-widget elementor-widget-gallery\" data-id=\"a39e52e\" data-element_type=\"widget\" data-e-type=\"widget\" data-settings=\"{&quot;gallery_layout&quot;:&quot;masonry&quot;,&quot;columns&quot;:3,&quot;lazyload&quot;:&quot;yes&quot;,&quot;columns_tablet&quot;:2,&quot;columns_mobile&quot;:1,&quot;gap&quot;:{&quot;unit&quot;:&quot;px&quot;,&quot;size&quot;:10,&quot;sizes&quot;:[]},&quot;gap_laptop&quot;:{&quot;unit&quot;:&quot;px&quot;,&quot;size&quot;:10,&quot;sizes&quot;:[]},&quot;gap_tablet&quot;:{&quot;unit&quot;:&quot;px&quot;,&quot;size&quot;:10,&quot;sizes&quot;:[]},&quot;gap_mobile_extra&quot;:{&quot;unit&quot;:&quot;px&quot;,&quot;size&quot;:10,&quot;sizes&quot;:[]},&quot;gap_mobile&quot;:{&quot;unit&quot;:&quot;px&quot;,&quot;size&quot;:10,&quot;sizes&quot;:[]},&quot;link_to&quot;:&quot;file&quot;,&quot;overlay_background&quot;:&quot;yes&quot;,&quot;content_hover_animation&quot;:&quot;fade-in&quot;}\" data-widget_type=\"gallery.default\">\n\t\t\t\t\t\t\t<div class=\"elementor-gallery__container\">\n\t\t\t\t\t\t\t<a class=\"e-gallery-item elementor-gallery-item elementor-animated-content\" href=\"https:\/\/www.np-aldefeanen.nl\/wp-content\/uploads\/3.jpg\" data-elementor-open-lightbox=\"yes\" data-elementor-lightbox-slideshow=\"a39e52e\" data-elementor-lightbox-title=\"3\" data-e-action-hash=\"#elementor-action%3Aaction%3Dlightbox%26settings%3DeyJpZCI6NjMzMiwidXJsIjoiaHR0cHM6XC9cL3d3dy5ucC1hbGRlZmVhbmVuLm5sXC93cC1jb250ZW50XC91cGxvYWRzXC8zLmpwZyIsInNsaWRlc2hvdyI6ImEzOWU1MmUifQ%3D%3D\">\n\t\t\t\t\t<div class=\"e-gallery-image elementor-gallery-item__image\" data-thumbnail=\"https:\/\/www.np-aldefeanen.nl\/wp-content\/uploads\/3-320x180.jpg\" data-width=\"320\" data-height=\"180\" aria-label=\"\" role=\"img\" ><\/div>\n\t\t\t\t\t\t\t\t\t\t\t<div class=\"elementor-gallery-item__overlay\"><\/div>\n\t\t\t\t\t\t\t\t\t\t\t\t\t\t<\/a>\n\t\t\t\t\t\t\t<a class=\"e-gallery-item elementor-gallery-item elementor-animated-content\" href=\"https:\/\/www.np-aldefeanen.nl\/wp-content\/uploads\/6.jpg\" data-elementor-open-lightbox=\"yes\" data-elementor-lightbox-slideshow=\"a39e52e\" data-elementor-lightbox-title=\"6\" data-e-action-hash=\"#elementor-action%3Aaction%3Dlightbox%26settings%3DeyJpZCI6NjMzNSwidXJsIjoiaHR0cHM6XC9cL3d3dy5ucC1hbGRlZmVhbmVuLm5sXC93cC1jb250ZW50XC91cGxvYWRzXC82LmpwZyIsInNsaWRlc2hvdyI6ImEzOWU1MmUifQ%3D%3D\">\n\t\t\t\t\t<div class=\"e-gallery-image elementor-gallery-item__image\" data-thumbnail=\"https:\/\/www.np-aldefeanen.nl\/wp-content\/uploads\/6-320x180.jpg\" data-width=\"320\" data-height=\"180\" aria-label=\"\" role=\"img\" ><\/div>\n\t\t\t\t\t\t\t\t\t\t\t<div class=\"elementor-gallery-item__overlay\"><\/div>\n\t\t\t\t\t\t\t\t\t\t\t\t\t\t<\/a>\n\t\t\t\t\t\t\t<a class=\"e-gallery-item elementor-gallery-item elementor-animated-content\" href=\"https:\/\/www.np-aldefeanen.nl\/wp-content\/uploads\/7.jpg\" data-elementor-open-lightbox=\"yes\" data-elementor-lightbox-slideshow=\"a39e52e\" data-elementor-lightbox-title=\"7\" data-e-action-hash=\"#elementor-action%3Aaction%3Dlightbox%26settings%3DeyJpZCI6NjMzOCwidXJsIjoiaHR0cHM6XC9cL3d3dy5ucC1hbGRlZmVhbmVuLm5sXC93cC1jb250ZW50XC91cGxvYWRzXC83LmpwZyIsInNsaWRlc2hvdyI6ImEzOWU1MmUifQ%3D%3D\">\n\t\t\t\t\t<div class=\"e-gallery-image elementor-gallery-item__image\" data-thumbnail=\"https:\/\/www.np-aldefeanen.nl\/wp-content\/uploads\/7-320x180.jpg\" data-width=\"320\" data-height=\"180\" aria-label=\"\" role=\"img\" ><\/div>\n\t\t\t\t\t\t\t\t\t\t\t<div class=\"elementor-gallery-item__overlay\"><\/div>\n\t\t\t\t\t\t\t\t\t\t\t\t\t\t<\/a>\n\t\t\t\t\t\t\t<a class=\"e-gallery-item elementor-gallery-item elementor-animated-content\" href=\"https:\/\/www.np-aldefeanen.nl\/wp-content\/uploads\/9.jpg\" data-elementor-open-lightbox=\"yes\" data-elementor-lightbox-slideshow=\"a39e52e\" data-elementor-lightbox-title=\"9\" data-e-action-hash=\"#elementor-action%3Aaction%3Dlightbox%26settings%3DeyJpZCI6NjM0MSwidXJsIjoiaHR0cHM6XC9cL3d3dy5ucC1hbGRlZmVhbmVuLm5sXC93cC1jb250ZW50XC91cGxvYWRzXC85LmpwZyIsInNsaWRlc2hvdyI6ImEzOWU1MmUifQ%3D%3D\">\n\t\t\t\t\t<div class=\"e-gallery-image elementor-gallery-item__image\" data-thumbnail=\"https:\/\/www.np-aldefeanen.nl\/wp-content\/uploads\/9-320x180.jpg\" data-width=\"320\" data-height=\"180\" aria-label=\"\" role=\"img\" ><\/div>\n\t\t\t\t\t\t\t\t\t\t\t<div class=\"elementor-gallery-item__overlay\"><\/div>\n\t\t\t\t\t\t\t\t\t\t\t\t\t\t<\/a>\n\t\t\t\t\t\t\t<a class=\"e-gallery-item elementor-gallery-item elementor-animated-content\" href=\"https:\/\/www.np-aldefeanen.nl\/wp-content\/uploads\/1.jpg\" data-elementor-open-lightbox=\"yes\" data-elementor-lightbox-slideshow=\"a39e52e\" data-elementor-lightbox-title=\"1\" data-e-action-hash=\"#elementor-action%3Aaction%3Dlightbox%26settings%3DeyJpZCI6NjM0NCwidXJsIjoiaHR0cHM6XC9cL3d3dy5ucC1hbGRlZmVhbmVuLm5sXC93cC1jb250ZW50XC91cGxvYWRzXC8xLmpwZyIsInNsaWRlc2hvdyI6ImEzOWU1MmUifQ%3D%3D\">\n\t\t\t\t\t<div class=\"e-gallery-image elementor-gallery-item__image\" data-thumbnail=\"https:\/\/www.np-aldefeanen.nl\/wp-content\/uploads\/1-320x180.jpg\" data-width=\"320\" data-height=\"180\" aria-label=\"\" role=\"img\" ><\/div>\n\t\t\t\t\t\t\t\t\t\t\t<div class=\"elementor-gallery-item__overlay\"><\/div>\n\t\t\t\t\t\t\t\t\t\t\t\t\t\t<\/a>\n\t\t\t\t\t\t\t<a class=\"e-gallery-item elementor-gallery-item elementor-animated-content\" href=\"https:\/\/www.np-aldefeanen.nl\/wp-content\/uploads\/2.jpg\" data-elementor-open-lightbox=\"yes\" data-elementor-lightbox-slideshow=\"a39e52e\" data-elementor-lightbox-title=\"2\" data-e-action-hash=\"#elementor-action%3Aaction%3Dlightbox%26settings%3DeyJpZCI6NjM0NywidXJsIjoiaHR0cHM6XC9cL3d3dy5ucC1hbGRlZmVhbmVuLm5sXC93cC1jb250ZW50XC91cGxvYWRzXC8yLmpwZyIsInNsaWRlc2hvdyI6ImEzOWU1MmUifQ%3D%3D\">\n\t\t\t\t\t<div class=\"e-gallery-image elementor-gallery-item__image\" data-thumbnail=\"https:\/\/www.np-aldefeanen.nl\/wp-content\/uploads\/2-320x180.jpg\" data-width=\"320\" data-height=\"180\" aria-label=\"\" role=\"img\" ><\/div>\n\t\t\t\t\t\t\t\t\t\t\t<div class=\"elementor-gallery-item__overlay\"><\/div>\n\t\t\t\t\t\t\t\t\t\t\t\t\t\t<\/a>\n\t\t\t\t\t<\/div>\n\t\t\t\t\t<\/div>\n\t\t\t\t\t<\/div>\n\t\t\t\t<\/div>\n\t\t\t\t<\/div>\n\t\t","protected":false},"excerpt":{"rendered":"<p>Genie\u00dfen Sie Essen und Trinken rund um De Alde Feanen Nach einem Tag auf dem Wasser k\u00f6nnen Sie nat\u00fcrlich selbst noch in der K\u00fcche stehen. Aber ganz ehrlich: Haben Sie nach so einem entspannten Tag wirklich noch Lust dazu? In den D\u00f6rfern Earnew\u00e2ld, Grou, De Veenhoop, Warten, Wergea und Aldegea gibt es zahlreiche M\u00f6glichkeiten, etwas [&hellip;]<\/p>\n","protected":false},"author":2,"featured_media":1983,"parent":9082,"menu_order":90,"comment_status":"closed","ping_status":"closed","template":"elementor_header_footer","meta":{"footnotes":""},"class_list":["post-249","page","type-page","status-publish","has-post-thumbnail","hentry"],"_links":{"self":[{"href":"https:\/\/www.np-aldefeanen.nl\/de\/wp-json\/wp\/v2\/pages\/249","targetHints":{"allow":["GET"]}}],"collection":[{"href":"https:\/\/www.np-aldefeanen.nl\/de\/wp-json\/wp\/v2\/pages"}],"about":[{"href":"https:\/\/www.np-aldefeanen.nl\/de\/wp-json\/wp\/v2\/types\/page"}],"author":[{"embeddable":true,"href":"https:\/\/www.np-aldefeanen.nl\/de\/wp-json\/wp\/v2\/users\/2"}],"replies":[{"embeddable":true,"href":"https:\/\/www.np-aldefeanen.nl\/de\/wp-json\/wp\/v2\/comments?post=249"}],"version-history":[{"count":0,"href":"https:\/\/www.np-aldefeanen.nl\/de\/wp-json\/wp\/v2\/pages\/249\/revisions"}],"up":[{"embeddable":true,"href":"https:\/\/www.np-aldefeanen.nl\/de\/wp-json\/wp\/v2\/pages\/9082"}],"wp:featuredmedia":[{"embeddable":true,"href":"https:\/\/www.np-aldefeanen.nl\/de\/wp-json\/wp\/v2\/media\/1983"}],"wp:attachment":[{"href":"https:\/\/www.np-aldefeanen.nl\/de\/wp-json\/wp\/v2\/media?parent=249"}],"curies":[{"name":"wp","href":"https:\/\/api.w.org\/{rel}","templated":true}]}}