{"id":248,"date":"2017-12-17T13:49:43","date_gmt":"2017-12-17T12:49:43","guid":{"rendered":"https:\/\/www.np-aldefeanen.nl\/entdecke\/overnachten\/"},"modified":"2018-04-08T09:29:07","modified_gmt":"2018-04-08T07:29:07","slug":"overnachten","status":"publish","type":"page","link":"https:\/\/www.np-aldefeanen.nl\/de\/entdecke\/overnachten\/","title":{"rendered":"\u00dcbernachten"},"content":{"rendered":"<p><strong>Egal, ob Sie in der vertrauten Umgebung des eigenen Bootes, in einem komfortablen Hotel oder ganz abenteuerlich in einem Zelt \u00fcbernachten: Wer im Nationalpark De Alde Feanen Urlaub macht, kann es sich aussuchen, wie er die Nacht verbringen m\u00f6chte. F\u00fcr jeden Geschmack l\u00e4sst sich hier die passende \u00dcbernachtungsform oder Unterkunft finden.<\/strong><\/p>\n<hr \/>\n<p>Beispielsweise gibt es im Nationalpark eine Reihe von Campingpl\u00e4tzen mit ausgezeichnetem Ruf. Manche sind die ideale Adresse f\u00fcr Ruhesuchende, andere Campingpl\u00e4tze legen den Schwerpunkt auf Aktivit\u00e4ten, was sie besonders f\u00fcr Familien mit Kindern interessant macht.<\/p>\n<p>Dar\u00fcber hinaus stehen zahlreiche Ferienwohnungen und -h\u00e4user zur Auswahl: Bungalows in Ferienparkanlagen mit wundersch\u00f6nem Blick aufs Wasser, aber auch Wohnboote an verborgenen Orten mitten in der Natur. Des Weiteren gibt es Hotels, Wanderh\u00fctten und kleine Privatpensionen (Bed &amp; Breakfast).<\/p>\n<p><img fetchpriority=\"high\" decoding=\"async\" class=\"size-content-width wp-image-1819\" src=\"https:\/\/www.np-aldefeanen.nl\/wp-content\/uploads\/earnewald-alde-feanen_DSC9662.jpg\" alt=\"\" width=\"800\" height=\"327\" \/><\/p>\n<p>Suchen Sie etwas Besonderes, etwas Romantisches und Unvergessliches? \u00dcbernachten Sie dann auf einem Segelboot (sloep)! Lassen Sie tags\u00fcber entspannt die Landschaft an sich vorbei ziehen und suchen Sie sich abends eine Anlegestelle in der Natur, an der Sie die Nacht verbringen. \u00d6ffnen Sie eine Flasche Wein, genie\u00dfen Sie den Sonnenuntergang und lassen Sie den Tag bei Kerzenlicht und einem Gesellschaftsspiel ausklingen.<\/p>\n<p>Im Nationalpark De Alde Feanen darf nur an daf\u00fcr explizit ausgewiesenen Anlegestellen angelegt werden. Kosten entstehen keine, aber pro Anlegestelle ist der Aufenthalt auf drei N\u00e4chte hintereinander beschr\u00e4nkt.<\/p>\n<p><img decoding=\"async\" class=\"alignnone size-content-width wp-image-1822\" src=\"https:\/\/www.np-aldefeanen.nl\/wp-content\/uploads\/earnewald-nachtvaren_DSC7610.jpg\" alt=\"\" width=\"800\" height=\"379\" \/><\/p>\n<p><em>Wenden Sie auf unserer <a href=\"https:\/\/www.np-aldefeanen.nl\/de\/orte\/\">Karte<\/a> den Filter \u201eSchlafen\u201c an und w\u00e4hlen Sie aus, wie und wo Sie \u00fcbernachten m\u00f6chten.<\/em><\/p>\n<p>&nbsp;<\/p>\n","protected":false},"excerpt":{"rendered":"<p>Egal, ob Sie in der vertrauten Umgebung des eigenen Bootes, in einem komfortablen Hotel oder ganz abenteuerlich in einem Zelt \u00fcbernachten: Wer im Nationalpark De Alde Feanen Urlaub macht, kann es sich aussuchen, wie er die Nacht verbringen m\u00f6chte. F\u00fcr jeden Geschmack l\u00e4sst sich hier die passende \u00dcbernachtungsform oder Unterkunft finden. Beispielsweise gibt es im [&hellip;]<\/p>\n","protected":false},"author":2,"featured_media":1828,"parent":96,"menu_order":100,"comment_status":"closed","ping_status":"closed","template":"","meta":{"footnotes":""},"class_list":["post-248","page","type-page","status-publish","has-post-thumbnail","hentry"],"_links":{"self":[{"href":"https:\/\/www.np-aldefeanen.nl\/de\/wp-json\/wp\/v2\/pages\/248","targetHints":{"allow":["GET"]}}],"collection":[{"href":"https:\/\/www.np-aldefeanen.nl\/de\/wp-json\/wp\/v2\/pages"}],"about":[{"href":"https:\/\/www.np-aldefeanen.nl\/de\/wp-json\/wp\/v2\/types\/page"}],"author":[{"embeddable":true,"href":"https:\/\/www.np-aldefeanen.nl\/de\/wp-json\/wp\/v2\/users\/2"}],"replies":[{"embeddable":true,"href":"https:\/\/www.np-aldefeanen.nl\/de\/wp-json\/wp\/v2\/comments?post=248"}],"version-history":[{"count":0,"href":"https:\/\/www.np-aldefeanen.nl\/de\/wp-json\/wp\/v2\/pages\/248\/revisions"}],"up":[{"embeddable":true,"href":"https:\/\/www.np-aldefeanen.nl\/de\/wp-json\/wp\/v2\/pages\/96"}],"wp:featuredmedia":[{"embeddable":true,"href":"https:\/\/www.np-aldefeanen.nl\/de\/wp-json\/wp\/v2\/media\/1828"}],"wp:attachment":[{"href":"https:\/\/www.np-aldefeanen.nl\/de\/wp-json\/wp\/v2\/media?parent=248"}],"curies":[{"name":"wp","href":"https:\/\/api.w.org\/{rel}","templated":true}]}}