{"id":244,"date":"2017-12-17T13:51:18","date_gmt":"2017-12-17T12:51:18","guid":{"rendered":"https:\/\/www.np-aldefeanen.nl\/entdecke\/routes\/"},"modified":"2018-04-16T11:39:47","modified_gmt":"2018-04-16T09:39:47","slug":"routes","status":"publish","type":"page","link":"https:\/\/www.np-aldefeanen.nl\/de\/entdecke\/routes\/","title":{"rendered":"Touren"},"content":{"rendered":"<p><strong>Der Nationalpark De Alde Feanen ist ein gro\u00dfes, weit verzweigtes und abwechslungsreiches Landschaftsgebiet. Dementsprechend breit gef\u00e4chert sind auch die Erkundungsm\u00f6glichkeiten. Ob zu Fu\u00df, mit dem Rad oder auf dem Wasser mit einem Stand-Up-Paddling-Board oder im Kanu: Jede Fortbewegungsart hat ihre Besonderheiten und Vorz\u00fcge. Wander- und Wasserwege gibt es in H\u00fclle und F\u00fclle und sie laden zu einer Vielzahl reizvoller Touren ein. Auf dieser Seite bieten wir Ihnen eine Zusammenfassung der Touren, die wir auf unserer Homepage ausweisen.<\/strong><\/p>\n<p><img fetchpriority=\"high\" decoding=\"async\" class=\"size-content-width wp-image-1734\" src=\"https:\/\/www.np-aldefeanen.nl\/wp-content\/uploads\/wandelen-NP-De_Alde_Feanen-95.jpg\" alt=\"\" width=\"800\" height=\"305\" srcset=\"https:\/\/www.np-aldefeanen.nl\/wp-content\/uploads\/wandelen-NP-De_Alde_Feanen-95.jpg 2000w, https:\/\/www.np-aldefeanen.nl\/wp-content\/uploads\/wandelen-NP-De_Alde_Feanen-95-320x122.jpg 320w, https:\/\/www.np-aldefeanen.nl\/wp-content\/uploads\/wandelen-NP-De_Alde_Feanen-95-960x366.jpg 960w, https:\/\/www.np-aldefeanen.nl\/wp-content\/uploads\/wandelen-NP-De_Alde_Feanen-95-800x305.jpg 800w\" sizes=\"(max-width: 800px) 100vw, 800px\" \/><\/p>\n<h2>Rundwanderweg<\/h2>\n<ul>\n<li>Rundwanderweg \u201eWikelsl\u00e2n\u201c (L\u00e4nge: wahlweise 3 oder 5 km), erh\u00e4ltlich im <a href=\"https:\/\/www.np-aldefeanen.nl\/de\/besucherzentrum\/\">Besucherzentrum<\/a> oder auf\u00a0<a href=\"https:\/\/www.earnewald-routes.nl\/\" target=\"_blank\" rel=\"noopener\">www.earnewald-routes.nl<\/a><\/li>\n<li>Rundwanderweg \u201eHet Dichterspaad\u201c (L\u00e4nge: 8, 17 oder 25 km) f\u00fchrt an 18 Tafeln mit Gedichten in der Umgebung von Oudega vorbei, online erh\u00e4ltlich auf <a href=\"http:\/\/dichterspaad.nl\/\" target=\"_blank\" rel=\"noopener\">www.dichterspaad.nl<\/a>.<\/li>\n<li>Rundwanderweg \u201e<a href=\"http:\/\/grou.nl\/nl\/zien-doen\/wandelroutes\" target=\"_blank\" rel=\"noopener\">Paad troch Grou<\/a>\u201c f\u00fchrt an 21 historischen Geb\u00e4uden im D\u00f6rfchen Grou entlang, erh\u00e4ltlich in der Buchhandlung Bruna und bei der Touristeninformation VVV in Grou.<\/li>\n<li><a href=\"https:\/\/www.itfryskegea.nl\/in-de-natuur\/kinderen\/rugzakroutes\/\">Rucksacktouren<\/a> \u00fcber unterschiedliche, auf die jeweilige Altersstufe abgestimmte Distanzen, erh\u00e4ltlich im <a href=\"https:\/\/www.np-aldefeanen.nl\/de\/besucherzentrum\/\">Besucherzentrum<\/a>.<\/li>\n<\/ul>\n<h3>Gehbehinderte, Rollstuhlfahrer und Kinderwagen<\/h3>\n<p>Viele Wege k\u00f6nnen f\u00fcr Gehbehinderte, Rollstuhlfahrer und Kinderwagen ein Problem darstellen, doch auch f\u00fcr diese Besuchergruppen gibt es ein paar sch\u00f6ne Touren: Ab dem <a href=\"https:\/\/www.np-aldefeanen.nl\/de\/besucherzentrum\/\">Besucherzentrum<\/a> kann man \u00fcber den am Lytse Mar entlang f\u00fchrenden Radweg zum Jan Durkspolder gelangen. Die dort gelegene Vogelbeobachtungsh\u00fctte ist barrierefrei. Im erlebnisp\u00e4dagogischen Wald It Pettebosk gibt es einen asphaltierten Wanderweg.<\/p>\n<hr \/>\n<h2>Radtouren<\/h2>\n<ul>\n<li>Radtour \u201e<a href=\"http:\/\/grou.nl\/nl\/zien-doen\/fietsroutes\" target=\"_blank\" rel=\"noopener\">De 8 van Grou<\/a>\u201c, acht F\u00e4hren hat diese Pontjesroute (L\u00e4nge: 32 oder 55 km), erh\u00e4ltlich bei der Touristeninformation VVV Grou, im Tourismusb\u00fcro in Earnew\u00e2ld und im Internet auf <a href=\"https:\/\/www.earnewald-routes.nl\/\" target=\"_blank\" rel=\"noopener\">www.earnewald-routes.nl<\/a>.<\/li>\n<li>Radtour \u201e Het Dichterspaad\u201c (25 km), f\u00fchrt an 18 Tafeln mit Gedichten in der Umgebung von Oudega vorbei, erh\u00e4ltlich im Internet: <a href=\"http:\/\/dichterspaad.nl\/\" target=\"_blank\" rel=\"noopener\">www.dichterspaad.nl<\/a>.<\/li>\n<\/ul>\n<p>Sie k\u00f6nnen nat\u00fcrlich das eigene Fahrrad mitnehmen, aber Sie k\u00f6nnen auch R\u00e4der oder E-Bikes mieten. F\u00fcr Elektrofahrr\u00e4der gibt es verschiedene Aufladestationen. Die Fahrradverleihstationen werden angezeigt, wenn Sie auf der <a href=\"https:\/\/www.np-aldefeanen.nl\/de\/orte\/\">Karte<\/a> den Filter \u201eUnternehmungen\u201c anwenden. Die offiziellen <a href=\"https:\/\/www.np-aldefeanen.nl\/de\/gastgeber\/\">Gastgeber<\/a> des Nationalparks stehen Ihnen als Ansprechpartner gerne zur Verf\u00fcgung.<\/p>\n<hr \/>\n<h2>Stand-Up-Paddling- und Kanutouren<\/h2>\n<ul>\n<li>Kanutour Jan Durkspolder (7 km), erh\u00e4ltlich im <a href=\"https:\/\/www.np-aldefeanen.nl\/de\/besucherzentrum\/\">Besucherzentrum Nationalpark De Alde Feanen<\/a>.<\/li>\n<li>Kanutour De Alde Feanen, nord\u00f6stlicher Teil (12 km), erh\u00e4ltlich beim Kanuverleih Hollema und im <a href=\"https:\/\/www.np-aldefeanen.nl\/de\/besucherzentrum\/\">Besucherzentrum<\/a>.<\/li>\n<\/ul>\n<hr \/>\n<h2>Bootstouren<\/h2>\n<ul>\n<li>Sloep-Segeltour Nord, rund 3,5 Stunden, vorbei an Warten, Wergae und Grou, erh\u00e4ltlich auf <a href=\"https:\/\/www.earnewald-routes.nl\/\" target=\"_blank\" rel=\"noopener\">www.earnewald-routes.nl<\/a>.<\/li>\n<li>Freek-Vonk-Audiotour (15 oder 20 km) im Segelboot (sloep) oder Kanu, erh\u00e4ltlich \u00fcber die App <a href=\"https:\/\/izi.travel\/nl\/app\" target=\"_blank\" rel=\"noopener\">Izitravel<\/a>.<\/li>\n<\/ul>\n<hr \/>\n<h2>Bootsverleih<\/h2>\n<p>M\u00f6chten Sie wissen, wo \u00fcberall Boote verliehen werden? Rufen Sie dann die <a href=\"https:\/\/www.np-aldefeanen.nl\/de\/orte\/\">Karte<\/a> auf und wenden Sie den Filter \u201eUnternehmungen\u201c an.<\/p>\n<h2>Touristischer Umsteigepunkt (TOP)<\/h2>\n<p>Der Nationalpark De Alde Feanen verf\u00fcgt \u00fcber mehrere touristische Umsteigepunkte, an denen man parken kann und Rundwege starten und enden. Eine Infotafel gibt jeweils eine \u00dcbersicht dar\u00fcber, was man von diesem Punkt aus unternehmen kann. Auf der <a href=\"https:\/\/www.np-aldefeanen.nl\/de\/orte\/\">Karte<\/a> sind die TOP ebenfalls eingezeichnet.<\/p>\n<p><img decoding=\"async\" class=\"size-content-width wp-image-2026\" src=\"https:\/\/www.np-aldefeanen.nl\/wp-content\/uploads\/sloep-NP-De_Alde_Feanen-170.jpg\" alt=\"\" width=\"800\" height=\"287\" srcset=\"https:\/\/www.np-aldefeanen.nl\/wp-content\/uploads\/sloep-NP-De_Alde_Feanen-170.jpg 1000w, https:\/\/www.np-aldefeanen.nl\/wp-content\/uploads\/sloep-NP-De_Alde_Feanen-170-320x115.jpg 320w, https:\/\/www.np-aldefeanen.nl\/wp-content\/uploads\/sloep-NP-De_Alde_Feanen-170-960x345.jpg 960w, https:\/\/www.np-aldefeanen.nl\/wp-content\/uploads\/sloep-NP-De_Alde_Feanen-170-800x287.jpg 800w\" sizes=\"(max-width: 800px) 100vw, 800px\" \/><\/p>\n<p>&nbsp;<\/p>\n","protected":false},"excerpt":{"rendered":"<p>Der Nationalpark De Alde Feanen ist ein gro\u00dfes, weit verzweigtes und abwechslungsreiches Landschaftsgebiet. Dementsprechend breit gef\u00e4chert sind auch die Erkundungsm\u00f6glichkeiten. Ob zu Fu\u00df, mit dem Rad oder auf dem Wasser mit einem Stand-Up-Paddling-Board oder im Kanu: Jede Fortbewegungsart hat ihre Besonderheiten und Vorz\u00fcge. Wander- und Wasserwege gibt es in H\u00fclle und F\u00fclle und sie laden [&hellip;]<\/p>\n","protected":false},"author":2,"featured_media":2022,"parent":96,"menu_order":120,"comment_status":"closed","ping_status":"closed","template":"","meta":{"footnotes":""},"class_list":["post-244","page","type-page","status-publish","has-post-thumbnail","hentry"],"_links":{"self":[{"href":"https:\/\/www.np-aldefeanen.nl\/de\/wp-json\/wp\/v2\/pages\/244","targetHints":{"allow":["GET"]}}],"collection":[{"href":"https:\/\/www.np-aldefeanen.nl\/de\/wp-json\/wp\/v2\/pages"}],"about":[{"href":"https:\/\/www.np-aldefeanen.nl\/de\/wp-json\/wp\/v2\/types\/page"}],"author":[{"embeddable":true,"href":"https:\/\/www.np-aldefeanen.nl\/de\/wp-json\/wp\/v2\/users\/2"}],"replies":[{"embeddable":true,"href":"https:\/\/www.np-aldefeanen.nl\/de\/wp-json\/wp\/v2\/comments?post=244"}],"version-history":[{"count":0,"href":"https:\/\/www.np-aldefeanen.nl\/de\/wp-json\/wp\/v2\/pages\/244\/revisions"}],"up":[{"embeddable":true,"href":"https:\/\/www.np-aldefeanen.nl\/de\/wp-json\/wp\/v2\/pages\/96"}],"wp:featuredmedia":[{"embeddable":true,"href":"https:\/\/www.np-aldefeanen.nl\/de\/wp-json\/wp\/v2\/media\/2022"}],"wp:attachment":[{"href":"https:\/\/www.np-aldefeanen.nl\/de\/wp-json\/wp\/v2\/media?parent=244"}],"curies":[{"name":"wp","href":"https:\/\/api.w.org\/{rel}","templated":true}]}}