{"id":100,"date":"2017-11-21T14:06:21","date_gmt":"2017-11-21T13:06:21","guid":{"rendered":"https:\/\/www.np-aldefeanen.nl\/?page_id=100"},"modified":"2025-01-20T10:47:55","modified_gmt":"2025-01-20T09:47:55","slug":"spazieren","status":"publish","type":"page","link":"https:\/\/www.np-aldefeanen.nl\/de\/entdecke\/spazieren\/","title":{"rendered":"Wandern"},"content":{"rendered":"<p><strong>Packen Sie Ihren Rucksack, schn\u00fcren Sie die Wanderstiefel zu und auf geht&#8217;s! Obwohl sich der Nationalpark De Alde Feanen seinen Besuchern am besten vom Wasser aus erschlie\u00dft, bietet er besonders in seinem \u00f6stlichen Teil sch\u00f6ne Gelegenheiten zum Wandern. Auf einer solchen Wanderung kann man immer wieder V\u00f6gel beobachten \u2013 vielleicht sogar einen Seeadler!<\/strong><\/p>\n<hr \/>\n<p>Als Startpunkt f\u00fcr eine Wanderung bietet sich das <a href=\"https:\/\/www.np-aldefeanen.nl\/de\/besucherzentrum\/\">Besucherzentrum des Nationalparks De Alde Feanen<\/a> an. Auch die Touristeninformationsb\u00fcros in den D\u00f6rfern Grou und Earnew\u00e2ld sind geeignete Ausgangspunkte, denn diese sind mit dem Auto gut zu erreichen und verf\u00fcgen \u00fcber ausreichend Parkpl\u00e4tze. Bei einer Wanderung im De Alde Feanen empfiehlt es sich, robustes Schuhwerk zu tragen, da die Wege und Pfade gelegentlich sehr feucht sein k\u00f6nnen. Hunde d\u00fcrfen mitgef\u00fchrt werden, allerdings besteht Leinenpflicht.<\/p>\n<p><img fetchpriority=\"high\" decoding=\"async\" class=\"size-content-width wp-image-2013\" src=\"https:\/\/www.np-aldefeanen.nl\/wp-content\/uploads\/wandelen-NP-De_Alde_Feanen-109-1.jpg\" alt=\"\" width=\"800\" height=\"287\" srcset=\"https:\/\/www.np-aldefeanen.nl\/wp-content\/uploads\/wandelen-NP-De_Alde_Feanen-109-1.jpg 3950w, https:\/\/www.np-aldefeanen.nl\/wp-content\/uploads\/wandelen-NP-De_Alde_Feanen-109-1-320x115.jpg 320w, https:\/\/www.np-aldefeanen.nl\/wp-content\/uploads\/wandelen-NP-De_Alde_Feanen-109-1-960x344.jpg 960w, https:\/\/www.np-aldefeanen.nl\/wp-content\/uploads\/wandelen-NP-De_Alde_Feanen-109-1-800x287.jpg 800w\" sizes=\"(max-width: 800px) 100vw, 800px\" \/><\/p>\n<h2>Rundwanderweg<\/h2>\n<ul>\n<li>Rundwanderweg \u201eWikelsl\u00e2n\u201c (L\u00e4nge: wahlweise 3 oder 5 km), erh\u00e4ltlich im <a href=\"https:\/\/www.np-aldefeanen.nl\/de\/besucherzentrum\/\">Besucherzentrum<\/a> in Earnew\u00e2ld oder auf <a href=\"https:\/\/www.earnewald-routes.nl\/app\/wandelroutes\" target=\"_blank\" rel=\"noopener\"><i>www.earnewald-routes.nl<\/i><\/a><i> <\/i>.<\/li>\n<li>Rundwanderweg \u201eHet Dichterspaad\u201c (L\u00e4nge: 8, 17 oder 25 km) f\u00fchrt an 18 Tafeln mit Gedichten in der Umgebung von Oudega vorbei, online erh\u00e4ltlich auf<br \/>\n<a href=\"http:\/\/dichterspaad.nl\/\" target=\"_blank\" rel=\"noopener\">www.dichterspaad.nl<\/a>.<\/li>\n<li>Rundwanderweg \u201ePaad troch Grou\u201c f\u00fchrt an 21 historischen Geb\u00e4uden im D\u00f6rfchen Grou entlang, erh\u00e4ltlich in der Buchhandlung Bruna und bei der Touristeninformation VVV in Grou.<\/li>\n<\/ul>\n<p>Weitere Wanderungen finden Sie hier: <em><a href=\"https:\/\/www.earnewald-routes.nl\/app\/wandelroutes\" target=\"_blank\" rel=\"noopener\"><i>www.earnewald-routes.nl<\/i><\/a> <span style=\"display: inline !important; float: none; background-color: transparent; color: #333333; cursor: text; font-family: Georgia,'Times New Roman','Bitstream Charter',Times,serif; font-size: 16px; font-style: normal; font-variant: normal; font-weight: 400; letter-spacing: normal; orphans: 2; text-align: left; text-decoration: none; text-indent: 0px; text-transform: none; -webkit-text-stroke-width: 0px; white-space: normal; word-spacing: 0px;\">oder hier:<\/span> <a href=\"https:\/\/www.route.nl\/\" target=\"_blank\" rel=\"noopener\"><i>www.route.nl<\/i><\/a>.<\/em><\/p>\n<hr \/>\n<h2>Barrierefreiheit f\u00fcr Gehbehinderte und Rollstuhlfahrer<\/h2>\n<p>Viele Wege k\u00f6nnen f\u00fcr Gehbehinderte, Rollstuhlfahrer und Familien mit Kinderwagen ein Problem darstellen, doch auch f\u00fcr diese Besuchergruppen gibt es ein paar sch\u00f6ne Touren: Ab dem Besucherzentrum kann man \u00fcber den am Lytse Mar entlang f\u00fchrenden Radweg zum Jan Durkspolder gelangen. Die dort gelegene Vogelbeobachtungsh\u00fctte wurde f\u00fcr Rollstuhlfahrer zug\u00e4nglich gemacht: Sie verf\u00fcgt \u00fcber ein Podest, von dem aus man auch im Rollstuhl in aller Ruhe die V\u00f6gel beobachten kann.<\/p>\n<p>Im erlebnisp\u00e4dagogischen Wald It Pettebosk gibt es einen asphaltierten Wanderweg f\u00fcr Gehbehinderte und Rollstuhlfahrer. Auch das Besucherzentrum ist nat\u00fcrlich barrierefrei gestaltet.<\/p>\n<hr \/>\n<h2>Touristischer Umsteigepunkt (TOP)<\/h2>\n<p>Der Nationalpark De Alde Feanen verf\u00fcgt \u00fcber mehrere touristische Umsteigepunkte, an denen man das Auto abstellen und zu einer sch\u00f6nen Wanderung starten kann. Eine Infotafel gibt jeweils eine \u00dcbersicht dar\u00fcber, was man ab diesem Punkt unternehmen kann. Auf der <a href=\"https:\/\/www.np-aldefeanen.nl\/de\/orte\/\">Karte<\/a> sind die TOP ebenfalls eingezeichnet.<\/p>\n","protected":false},"excerpt":{"rendered":"<p>Packen Sie Ihren Rucksack, schn\u00fcren Sie die Wanderstiefel zu und auf geht&#8217;s! Obwohl sich der Nationalpark De Alde Feanen seinen Besuchern am besten vom Wasser aus erschlie\u00dft, bietet er besonders in seinem \u00f6stlichen Teil sch\u00f6ne Gelegenheiten zum Wandern. Auf einer solchen Wanderung kann man immer wieder V\u00f6gel beobachten \u2013 vielleicht sogar einen Seeadler! Als Startpunkt [&hellip;]<\/p>\n","protected":false},"author":2,"featured_media":2825,"parent":96,"menu_order":50,"comment_status":"closed","ping_status":"closed","template":"","meta":{"footnotes":""},"class_list":["post-100","page","type-page","status-publish","has-post-thumbnail","hentry"],"_links":{"self":[{"href":"https:\/\/www.np-aldefeanen.nl\/de\/wp-json\/wp\/v2\/pages\/100","targetHints":{"allow":["GET"]}}],"collection":[{"href":"https:\/\/www.np-aldefeanen.nl\/de\/wp-json\/wp\/v2\/pages"}],"about":[{"href":"https:\/\/www.np-aldefeanen.nl\/de\/wp-json\/wp\/v2\/types\/page"}],"author":[{"embeddable":true,"href":"https:\/\/www.np-aldefeanen.nl\/de\/wp-json\/wp\/v2\/users\/2"}],"replies":[{"embeddable":true,"href":"https:\/\/www.np-aldefeanen.nl\/de\/wp-json\/wp\/v2\/comments?post=100"}],"version-history":[{"count":0,"href":"https:\/\/www.np-aldefeanen.nl\/de\/wp-json\/wp\/v2\/pages\/100\/revisions"}],"up":[{"embeddable":true,"href":"https:\/\/www.np-aldefeanen.nl\/de\/wp-json\/wp\/v2\/pages\/96"}],"wp:featuredmedia":[{"embeddable":true,"href":"https:\/\/www.np-aldefeanen.nl\/de\/wp-json\/wp\/v2\/media\/2825"}],"wp:attachment":[{"href":"https:\/\/www.np-aldefeanen.nl\/de\/wp-json\/wp\/v2\/media?parent=100"}],"curies":[{"name":"wp","href":"https:\/\/api.w.org\/{rel}","templated":true}]}}